{"id":1083,"date":"2022-12-12T07:00:00","date_gmt":"2022-12-12T07:00:00","guid":{"rendered":"http:\/\/strengthwomen.eu\/?page_id=1083"},"modified":"2024-12-09T11:11:36","modified_gmt":"2024-12-09T11:11:36","slug":"results","status":"publish","type":"page","link":"https:\/\/strengthwomen.eu\/de\/results\/","title":{"rendered":"Wichtige Ergebnisse des Projekts STRENGTH"},"content":{"rendered":"<p><strong>1. Untersuchung des Europ\u00e4ischen Digitalen Kompetenzrahmens<\/strong><\/p>\n<p>Der Europ\u00e4ische Digitale Kompetenzrahmen (DigComp) wurde in vier EU-L\u00e4ndern analysiert, mit einem Fokus auf seine Bedeutung f\u00fcr geringqualifizierte Frauen mit Migrationshintergrund. Die Analyse ist in Englisch verf\u00fcgbar. (siehe Link <a href=\"https:\/\/doi.org\/10.58926\/orp.2024.1.14\">https:\/\/doi.org\/10.58926\/orp.2024.1.14<\/a>)<\/p>\n<p><strong>2. Entwicklung digitaler Lernziele und Materialien<\/strong><\/p>\n<ul>\n<li>Eine Zielgruppenbefragung lieferte wertvolle Erkenntnisse f\u00fcr die Gestaltung digitaler Lerninhalte.<\/li>\n<li>Die DigComp-Indikatoren wurden auf die speziellen Bed\u00fcrfnisse der Zielgruppe angepasst.<\/li>\n<li>Methodisch-didaktische Konzepte, Kriterien und Empfehlungen f\u00fcr digitales Lernen wurden erarbeitet.<\/li>\n<li>Erste Lernarrangements wurden von Trainer:innen und Teilnehmer:innen getestet.<\/li>\n<\/ul>\n<p><strong>3. Erstellung digitaler \u00dcbungen<\/strong><\/p>\n<p>\u00dcber 300 kostenlose digitale \u00dcbungen wurden f\u00fcr Frauen mit Migrationsbiografie entwickelt. Diese behandeln Themen wie soziale Integration, berufliche Eingliederung, Sprachf\u00f6rderung und digitale Grundkompetenzen (siehe Link <a href=\"https:\/\/strengthwomen.eu\/de\/learners\/\">https:\/\/strengthwomen.eu\/en\/learners\/<\/a>). Begleitmaterialien unterst\u00fctzen Erwachsenenbildner:innen bei der Anwendung der Inhalte (siehe Link <a href=\"https:\/\/strengthwomen.eu\/de\/adult-educators\/\">https:\/\/strengthwomen.eu\/en\/adult-educators\/<\/a>)<\/p>\n<p><strong>4. Entwicklung eines Schulungscurriculums<\/strong><\/p>\n<p>Ein praxisnahes Curriculum wurde entwickelt, das Erwachsenenbildner:innen in der Arbeit mit Frauen mit Migrationsbiografie qualifiziert. Es umfasst Themen wie Grundbildung, Sprachf\u00f6rderung und Programme zur sozialen sowie beruflichen Integration. (siehe Link <a href=\"https:\/\/strengthwomen.eu\/de\/curriculum\/\">https:\/\/strengthwomen.eu\/en\/curriculum\/<\/a>)<\/p>","protected":false},"excerpt":{"rendered":"<p>1. Analysis of the European Digital Competence Framework The European Digital Competence Framework (DigComp) was analysed in four EU countries, with a focus on its relevance for educationally disadvantaged women with migration backgrounds who are beginners in the second language of their new country of residence. The analysis is available in English. (see link https:\/\/doi.org\/10.58926\/orp.2024.1.14) &#8230; <a title=\"Wichtige Ergebnisse des Projekts STRENGTH\" class=\"read-more\" href=\"https:\/\/strengthwomen.eu\/de\/results\/\" aria-label=\"Mehr Informationen \u00fcber Key results of the STRENGTH project\">Weiterlesen<\/a><\/p>","protected":false},"author":5,"featured_media":0,"parent":0,"menu_order":0,"comment_status":"closed","ping_status":"closed","template":"","meta":{"footnotes":""},"class_list":["post-1083","page","type-page","status-publish"],"_links":{"self":[{"href":"https:\/\/strengthwomen.eu\/de\/wp-json\/wp\/v2\/pages\/1083","targetHints":{"allow":["GET"]}}],"collection":[{"href":"https:\/\/strengthwomen.eu\/de\/wp-json\/wp\/v2\/pages"}],"about":[{"href":"https:\/\/strengthwomen.eu\/de\/wp-json\/wp\/v2\/types\/page"}],"author":[{"embeddable":true,"href":"https:\/\/strengthwomen.eu\/de\/wp-json\/wp\/v2\/users\/5"}],"replies":[{"embeddable":true,"href":"https:\/\/strengthwomen.eu\/de\/wp-json\/wp\/v2\/comments?post=1083"}],"version-history":[{"count":8,"href":"https:\/\/strengthwomen.eu\/de\/wp-json\/wp\/v2\/pages\/1083\/revisions"}],"predecessor-version":[{"id":4389,"href":"https:\/\/strengthwomen.eu\/de\/wp-json\/wp\/v2\/pages\/1083\/revisions\/4389"}],"wp:attachment":[{"href":"https:\/\/strengthwomen.eu\/de\/wp-json\/wp\/v2\/media?parent=1083"}],"curies":[{"name":"wp","href":"https:\/\/api.w.org\/{rel}","templated":true}]}}