{"id":119,"date":"2022-01-06T12:36:19","date_gmt":"2022-01-06T12:36:19","guid":{"rendered":"http:\/\/strength.lernen-technik.de\/?page_id=119"},"modified":"2024-03-14T09:47:03","modified_gmt":"2024-03-14T09:47:03","slug":"objectives","status":"publish","type":"page","link":"https:\/\/strengthwomen.eu\/de\/objectives\/","title":{"rendered":"Zielsetzungen"},"content":{"rendered":"<p>Das Projekt STRENGTH hat 4 ehrgeizige Ziele, die in 3 Jahren (2021-2024) erreicht werden sollen:<\/p>\r\n\r\n\r\n\r\n<div class=\"wp-block-columns is-layout-flex wp-container-core-columns-is-layout-9d6595d7 wp-block-columns-is-layout-flex\">\r\n<div class=\"wp-block-column is-layout-flow wp-block-column-is-layout-flow\" style=\"flex-basis: 100%;\">\r\n<figure class=\"wp-block-table alignleft\">\r\n<table>\r\n<tbody>\r\n<tr>\r\n<td class=\"has-text-align-left\" data-align=\"left\"><strong>1<\/strong><\/td>\r\n<td>Erkenntnisse \u00fcber den Stand und den Handlungsbedarf bei der Umsetzung des Europ\u00e4ischen Digitalen Kompetenzrahmens (DigComp) bei Frauen mit Migrationsbiografie in der Grundbildung in den Partnerl\u00e4ndern zu gewinnen,<\/td>\r\n<\/tr>\r\n<tr>\r\n<td class=\"has-text-align-left\" data-align=\"left\"><strong>2<\/strong><\/td>\r\n<td>Kriterien und Leitlinien f\u00fcr digitales Lernen in der Qualifizierung von Frauen mit Migrationsbiografie zu entwickeln und anwendungsorientiert darzustellen,<\/td>\r\n<\/tr>\r\n<tr>\r\n<td class=\"has-text-align-left\" data-align=\"left\"><strong>3<\/strong><\/td>\r\n<td>Entwicklung, lokale Erprobung und Umsetzung digitaler Lernarrangements zur Qualifizierung von Frauen mit Migrationsbiografie in der Grundbildung, in Sprachkursen oder anderen Ausbildungen, die auf die soziale und berufliche Integration ausgerichtet sind,<\/td>\r\n<\/tr>\r\n<tr>\r\n<td class=\"has-text-align-left\" data-align=\"left\"><strong>4<\/strong><\/td>\r\n<td>Entwicklung eines Curriculums und eines Schulungsrahmens f\u00fcr Erwachsenenbildner und Erwachsenenbildnerinnen zur Nutzung digitaler Lernarrangements in ihrem Berufsleben mit Fokus auf die spezifische Zielgruppe. Dieser Schulungsrahmen wird w\u00e4hrend eines LTTA-Treffens (Learning, Teaching, Training Activities) in Dresden \/ Deutschland, getestet.<\/td>\r\n<\/tr>\r\n<\/tbody>\r\n<\/table>\r\n<\/figure>\r\n<\/div>\r\n<\/div>","protected":false},"excerpt":{"rendered":"<p>Das Projekt STRENGTH hat 4 ehrgeizige Ziele, die in 3 Jahren (2021-2024) erreicht werden sollen: 1 Erkenntnisse \u00fcber den Stand und den Handlungsbedarf bei der Umsetzung des Europ\u00e4ischen Digitalen Kompetenzrahmens (DigComp) bei Frauen mit Migrationshintergrund in der Grundbildung in den Partnerl\u00e4ndern zu gewinnen, 2 Kriterien und Leitlinien f\u00fcr ... <a title=\"Zielsetzungen\" class=\"read-more\" href=\"https:\/\/strengthwomen.eu\/de\/objectives\/\" aria-label=\"Mehr Informationen \u00fcber Zielsetzungen\">Weiterlesen<\/a><\/p>","protected":false},"author":3,"featured_media":0,"parent":0,"menu_order":0,"comment_status":"closed","ping_status":"closed","template":"","meta":{"footnotes":""},"class_list":["post-119","page","type-page","status-publish"],"_links":{"self":[{"href":"https:\/\/strengthwomen.eu\/de\/wp-json\/wp\/v2\/pages\/119","targetHints":{"allow":["GET"]}}],"collection":[{"href":"https:\/\/strengthwomen.eu\/de\/wp-json\/wp\/v2\/pages"}],"about":[{"href":"https:\/\/strengthwomen.eu\/de\/wp-json\/wp\/v2\/types\/page"}],"author":[{"embeddable":true,"href":"https:\/\/strengthwomen.eu\/de\/wp-json\/wp\/v2\/users\/3"}],"replies":[{"embeddable":true,"href":"https:\/\/strengthwomen.eu\/de\/wp-json\/wp\/v2\/comments?post=119"}],"version-history":[{"count":12,"href":"https:\/\/strengthwomen.eu\/de\/wp-json\/wp\/v2\/pages\/119\/revisions"}],"predecessor-version":[{"id":2957,"href":"https:\/\/strengthwomen.eu\/de\/wp-json\/wp\/v2\/pages\/119\/revisions\/2957"}],"wp:attachment":[{"href":"https:\/\/strengthwomen.eu\/de\/wp-json\/wp\/v2\/media?parent=119"}],"curies":[{"name":"wp","href":"https:\/\/api.w.org\/{rel}","templated":true}]}}