{"id":124,"date":"2022-01-06T12:36:19","date_gmt":"2022-01-06T12:36:19","guid":{"rendered":"http:\/\/strength.lernen-technik.de\/?page_id=124"},"modified":"2024-09-23T10:51:01","modified_gmt":"2024-09-23T10:51:01","slug":"learning","status":"publish","type":"page","link":"https:\/\/strengthwomen.eu\/de\/learning\/","title":{"rendered":"Lernen"},"content":{"rendered":"<p class=\"translation-block\">Diese Lernplattform ist eines der Ergebnisse des Projekts STRENGTH - Strengthening inclusion opportunities for women with a migration background with digital learning. Sie bietet <strong>digitale Lernarrangements, didaktisches Material und einen Lehrplan mit einem Schulungsrahmen<\/strong> f\u00fcr die Endbeg\u00fcnstigten sowie f\u00fcr Erwachsenenbildner und Erwachsenenbildnerinnen.<\/p>\r\n<p>Ziel ist es, Erwachsenenbildner und Erwachsenenbildnerinnen zu bef\u00e4higen, Frauen mit Migrationsbiografie zu unterst\u00fctzen, zu qualifizieren und zu integrieren, indem sie digitales Lernen zur F\u00f6rderung einer reibungsloseren sozialen und beruflichen Integration nutzen.<\/p>\r\n<p>Die Erwachsenenbildner und Erwachsenenbildnerinnen profitieren von modernisierten Lehrinhalten und digitalen Lernarrangements, die ihnen in ihrer t\u00e4glichen Arbeit helfen.<br \/><br \/><\/p>\r\n<h4>Diese Plattform richtet sich an zwei Hauptzielgruppen:<\/h4>\r\n<ol>\r\n<li class=\"translation-block\"><strong>Erwachsenenbilder und Erwachsenenbilderinnen<\/strong>: Sie k\u00f6nnen gezielt nach digitalen \u00dcbungen suchen, die f\u00fcr ihre jeweilige Lerngruppe geeignet sind. Sie erhalten digitale Lernarrangements zu den Themen soziale Integration, berufliche Eingliederung, Sprachtraining und digitale Grundkenntnisse sowie didaktisches Material und ein Curriculum mit einem Schulungsrahmen.<\/li>\r\n<li class=\"translation-block\"><strong>Bildungsbenachteiligte Frauen mit Migrationsbiografie<\/strong>: Diese Frauen k\u00f6nnen die von uns erstellten digitalen \u00dcbungen zu den Themen soziale Eingliederung, berufliche Integration, Sprachtraining und digitale Grundkenntnisse nutzen. Die \u00dcbungen umfassen verschiedene Formate (z. B. Multiple-Choice-Tests, Zuordnungs\u00fcbungen und L\u00fcckentexte), die Lese- und H\u00f6rverst\u00e4ndnis mit digitalen Kompetenzen verbinden.<\/li>\r\n<\/ol>\r\n<p>Die Plattform ist \u00fcber Computer, Smartphone und Tablet zug\u00e4nglich.<\/p>\r\n<p>Klicken Sie auf Ihren Lernbereich, um die entwickelten Inhalte zu genie\u00dfen.<\/p>\r\n<p>&nbsp;<\/p>\r\n\r\n\r\n<div class=\"gb-grid-wrapper gb-grid-wrapper-1bc9666d\">\r\n\r\n<div class=\"gb-grid-column gb-grid-column-160fb786\"><div class=\"gb-container gb-container-160fb786\"><div class=\"gb-inside-container\">\r\n\r\n\r\n<div class=\"wp-block-buttons is-layout-flex wp-block-buttons-is-layout-flex\">\r\n<div class=\"wp-block-button has-custom-width wp-block-button__width-100 has-custom-font-size\" style=\"font-size: 25px;\"><a class=\"wp-block-button__link has-global-color-11-background-color has-background\" style=\"border-radius: 20px;\" href=\"http:\/\/strengthwomen.eu\/de\/adult-educators\/\"><br \/><img decoding=\"async\" width=\"110\" height=\"130\" class=\"wp-image-478\" style=\"width: 110px;\" src=\"http:\/\/strengthwomen.eu\/wp-content\/uploads\/2022\/07\/icon_teacher.png\" alt=\"\" srcset=\"https:\/\/strengthwomen.eu\/wp-content\/uploads\/2022\/07\/icon_teacher.png 589w, https:\/\/strengthwomen.eu\/wp-content\/uploads\/2022\/07\/icon_teacher-253x300.png 253w\" sizes=\"(max-width: 110px) 100vw, 110px\" \/><br \/>Erwachsenenbildner<\/a><\/div>\r\n<\/div>\r\n<\/div><\/div><\/div>\r\n\r\n<div class=\"gb-grid-column gb-grid-column-b1a0edc3\"><div class=\"gb-container gb-container-b1a0edc3\"><div class=\"gb-inside-container\">\r\n\r\n\r\n<div class=\"wp-block-buttons is-layout-flex wp-block-buttons-is-layout-flex\">\r\n<div class=\"wp-block-button has-custom-width wp-block-button__width-100 has-custom-font-size\" style=\"font-size: 25px;\"><a class=\"wp-block-button__link has-global-color-11-background-color has-background\" style=\"border-radius: 20px;\" href=\"http:\/\/strengthwomen.eu\/de\/learners\/\"><br \/><img decoding=\"async\" width=\"150\" height=\"131\" class=\"wp-image-477\" style=\"width: 150px;\" src=\"http:\/\/strengthwomen.eu\/wp-content\/uploads\/2022\/07\/icon_learner.png\" alt=\"\" srcset=\"https:\/\/strengthwomen.eu\/wp-content\/uploads\/2022\/07\/icon_learner.png 727w, https:\/\/strengthwomen.eu\/wp-content\/uploads\/2022\/07\/icon_learner-300x263.png 300w\" sizes=\"(max-width: 150px) 100vw, 150px\" \/> <br \/>Lernende<\/a><\/div>\r\n<\/div>\r\n<\/div><\/div><\/div><\/div>\r\n\r\n\r\n<div class=\"wp-block-buttons is-content-justification-center is-layout-flex wp-container-core-buttons-is-layout-16018d1d wp-block-buttons-is-layout-flex\"><\/div>\r\n\r\n\r\n<div class=\"gb-grid-wrapper gb-grid-wrapper-4b591c64\">\r\n\r\n<div class=\"gb-grid-column gb-grid-column-294422af\"><div class=\"gb-container gb-container-294422af\"><div class=\"gb-inside-container\">\r\n\r\n<\/div><\/div><\/div><\/div>\n\n<!--themify_builder_static--><!--\/themify_builder_static-->","protected":false},"excerpt":{"rendered":"<p>Diese Lernplattform ist eines der Ergebnisse des Projekts STRENGTH - Strengthening inclusion opportunities for women with a migration background with digital learning. Sie bietet digitale Lernarrangements, didaktisches Material und einen Lehrplan mit einem Schulungsrahmen f\u00fcr die Endbeg\u00fcnstigten sowie f\u00fcr erwachsene Ausbilder. Das Ziel ist es, Frauen zu bef\u00e4higen ... <a title=\"Lernen\" class=\"read-more\" href=\"https:\/\/strengthwomen.eu\/de\/learning\/\" aria-label=\"Mehr Informationen \u00fcber Lernen\">Weiterlesen<\/a><\/p>","protected":false},"author":3,"featured_media":0,"parent":0,"menu_order":0,"comment_status":"closed","ping_status":"closed","template":"","meta":{"footnotes":""},"class_list":["post-124","page","type-page","status-publish"],"_links":{"self":[{"href":"https:\/\/strengthwomen.eu\/de\/wp-json\/wp\/v2\/pages\/124","targetHints":{"allow":["GET"]}}],"collection":[{"href":"https:\/\/strengthwomen.eu\/de\/wp-json\/wp\/v2\/pages"}],"about":[{"href":"https:\/\/strengthwomen.eu\/de\/wp-json\/wp\/v2\/types\/page"}],"author":[{"embeddable":true,"href":"https:\/\/strengthwomen.eu\/de\/wp-json\/wp\/v2\/users\/3"}],"replies":[{"embeddable":true,"href":"https:\/\/strengthwomen.eu\/de\/wp-json\/wp\/v2\/comments?post=124"}],"version-history":[{"count":49,"href":"https:\/\/strengthwomen.eu\/de\/wp-json\/wp\/v2\/pages\/124\/revisions"}],"predecessor-version":[{"id":4212,"href":"https:\/\/strengthwomen.eu\/de\/wp-json\/wp\/v2\/pages\/124\/revisions\/4212"}],"wp:attachment":[{"href":"https:\/\/strengthwomen.eu\/de\/wp-json\/wp\/v2\/media?parent=124"}],"curies":[{"name":"wp","href":"https:\/\/api.w.org\/{rel}","templated":true}]}}