{"id":126,"date":"2022-01-06T12:36:19","date_gmt":"2022-01-06T12:36:19","guid":{"rendered":"http:\/\/strength.lernen-technik.de\/?page_id=126"},"modified":"2024-04-24T10:56:22","modified_gmt":"2024-04-24T10:56:22","slug":"learners","status":"publish","type":"page","link":"https:\/\/strengthwomen.eu\/de\/learners\/","title":{"rendered":"Lernende"},"content":{"rendered":"<p>Im Rahmen unseres Projekts f\u00fcr Frauen mit Migrationsbiografie haben wir \u00fcber 300 kostenlose digitale \u00dcbungen entwickelt. Diese decken Themen wie soziale Integration, berufliche Eingliederung, Sprachtraining und digitale Grundkompetenzen ab. Die \u00dcbungen reichen von Multiple-Choice-Tests \u00fcber Zuordnungs\u00fcbungen und L\u00fcckentexte bis hin zu \u00dcbungen zum Lese- und H\u00f6rverst\u00e4ndnis.<\/p>\n<p>Die digitalen \u00dcbungen sind in den Sprachniveaus A1, A2, B1, B2 sowie in LASLLIAM 2, 3 und 4 verf\u00fcgbar. Es wird empfohlen, dass die Erwachsenenbildner und Erwachsenenbildnerinnen den Einsatz der digitalen \u00dcbungen unterst\u00fctzen und begleiten.<\/p>\n<p>&nbsp;<\/p>\n<!--themify_builder_content-->\n<div id=\"themify_builder_content-126\" data-postid=\"126\" class=\"themify_builder_content themify_builder_content-126 themify_builder tf_clear\">\n                    <div  data-lazy=\"1\" class=\"module_row themify_builder_row tb_6vz0430 tb_first tf_w\">\n                        <div class=\"row_inner col_align_top tb_col_count_1 tf_box tf_rel\">\n                        <div  data-lazy=\"1\" class=\"module_column tb-column col-full tb_r4xk430 first\">\n                    <!-- module icon -->\n<div  class=\"module module-icon tb_vtk2357  xlarge  icon_horizontal tf_textc\" data-lazy=\"1\">\n\t\t\t<div class=\"module-icon-item\">\n\t\t\t\t\t\t\t\t\t\t\t\t\t\t\t\t<em class=\"tf_box\"\n\t\t\t\t\t\t\t\t\t\t\t\t style=\"background-color:#bd98af;color:#ffffff\"\t\t\t\t\t><svg  class=\"tf_fa tf-ti-user\" aria-hidden=\"true\"><use href=\"#tf-ti-user\"><\/use><\/svg><\/em>\n\t\t\t\t\t\t\t\t\t\t\t\t\t\t\t\t\t\t\t<span class=\"screen-reader-text\">Icon-Etikett<\/span>\n\t\t\t\t\t\t\t\t\t\t\t\t\t\t\t<\/div>\n\t<\/div>\n<!-- \/module icon -->\n<!-- module text -->\n<div  class=\"module module-text tb_y38m809\" data-lazy=\"1\">\n        <div  class=\"tb_text_wrap\">\n        <h4 style=\"text-align: center;\"><span style=\"font-weight: 600;\">Los geht's!<\/span><\/h4>    <\/div>\n<\/div>\n<!-- \/module text -->        <\/div>\n                        <\/div>\n        <\/div>\n        <\/div>\n<!--\/themify_builder_content-->\n<div id=\"caf-post-layout-container\" class=\"caf-post-layout-container      multiple-taxonomy-filter-hor post-layout1      data-target-div1\"\r\n     data-post-type=\"learners\"\r\n     data-tax=\"language,level,topics\"\r\n     data-terms=\"language___58,language___60,language___57,language___59,level___61,level___62,level___63,level___64,level___70,level___71,level___72,topics___68,topics___67,topics___66,topics___65\"\r\n     data-per-page=\"15\"\r\n     data-selected-terms=\"language___58,language___60,language___57,language___59,level___61,level___62,level___63,level___64,level___70,level___71,level___72,topics___68,topics___67,topics___66,topics___65\"\r\n     data-filter-id=\"1608\"\r\n     data-post-layout=\"post-layout1\"\r\n     data-filter-layout=\"multiple-taxonomy-filter-hor\"\r\n     data-target-div=\"data-target-div1\"\r\n     data-relation=\"IN\"\r\n     data-default-term=\"all\"\r\n     data-scroll=\"disabled\"\r\n     data-scroll-desk=\"-100\"\r\n     data-scroll-mob=\"-100\"\r\n     current-post-id=\"126\"\r\n     data-order-by=\"title\"\r\n     data-order-type=\"asc\"\r\n     active-filters=\"on\"\r\n     active-filters-style=\"without_tax\"\r\n     ><div id=\"caf-multiple-taxonomy-filter-hor\" class='btn-enable caf-mtf-layout caf-filter-layout data-target-div1 search-layout1 srch-on caf_multi_tax3'>\r\n<select class='caf_select_multi' name='caf_select_multi'><option value='0'>Sprachen<\/option><option value='language___58' >Englisch<\/option><option value='language___60' >Franz\u00f6sisch<\/option><option value='language___57' >Deutsch<\/option><option value='language___59' >Slowenisch<\/option><\/select><select class='caf_select_multi' name='caf_select_multi'><option value='0'>Ebenen<\/option><option value='level___61' >A1 (Anf\u00e4nger)<\/option><option value='level___62' >A2 (Grundkenntnisse)<\/option><option value='level___63' >B1 (Fortgeschrittene Sprachverwendung)<\/option><option value='level___64' >B2 (Selbst\u00e4ndiger Sprachgebrauch)<\/option><option value='level___70' >LASLLIAM 2 (\u00dcben von Grundkenntnissen im Lesen und Schreiben (in der zweiten Sprache))<\/option><option value='level___71' >LASLLIAM 3 (\u00dcben von fortgeschrittenen Lese- und Schreibfertigkeiten (in der zweiten Sprache))<\/option><option value='level___72' >LASLLIAM 4 (Festigung der Kenntnisse und flie\u00dfendes Lesen (in der zweiten Sprache))<\/option><\/select><select class='caf_select_multi' name='caf_select_multi'><option value='0'>Themen<\/option><option value='topics___68' >Digitale Kompetenzen<\/option><option value='topics___67' >Sprachen lernen<\/option><option value='topics___66' >Soziale Eingliederung<\/option><option value='topics___65' >Welt der Arbeit<\/option><\/select><button class='caf_select_multi_btn' data-target-div='data-target-div1'>Filter<\/button><div class='caf-search-bar sr-layout1'><div class='caf-manage-search-bar'><input type='text' name='caf-search-input' id='caf-search-input' placeholder='Hier suchen....' class='caf-search-input'><img id='caf-voice-search' class='caf-mic' src='https:\/\/strengthwomen.eu\/wp-content\/plugins\/category-ajax-filter-pro\/\/assets\/img\/mic.png'><input type='button' value='Suche' class='caf-search-sub' id='caf-search-sub'><\/div><\/div>\r\n<\/ul>\r\n <\/div>\r\n<div class='caf-active-filters'><ul><\/ul><\/div><div class='caf-manage-sorting-front'>\r\n <div class='caf-manage-sorting-wrap first-wrap'>\r\n Order By :\r\n <select class=\"caf-sort-front caf-sort-order-by\">\r\n <option value=\"author\" >Author<\/option>\r\n <option value=\"title\" selected>Title<\/option>\r\n <option value=\"ID\" >Post ID<\/option>\r\n <option value=\"date\" >Date<\/option>\r\n <option value=\"rand\" >Random<\/option>\r\n <\/select><\/div>\r\n\r\n <div class='caf-manage-sorting-wrap'>\r\n Order  :\r\n <select class=\"caf-sort-front caf-sort-order-type\">\r\n <option value=\"asc\" selected>Asc<\/option>\r\n <option value=\"desc\" >Desc<\/option>\r\n <\/select><\/div>\r\n\r\n<\/div>\r\n\r\n<div id='manage-ajax-response' class='caf-row'><div class=\"status\"><i class=\"fa fa-spinner\" aria-hidden=\"true\"><\/i><\/div><div class=\"content\"><\/div><\/div><\/div>","protected":false},"excerpt":{"rendered":"<p>Im Rahmen unseres Projekts f\u00fcr Frauen mit Migrationshintergrund haben wir mehr als 300 kostenlose digitale \u00dcbungen zu den Themen soziale Integration, berufliche Eingliederung, Sprachtraining und digitale Grundkompetenzen entwickelt: von Multiple-Choice-Tests, Zuordnungs\u00fcbungen und L\u00fcckentexten bis hin zu \u00dcbungen zum Lese- und H\u00f6rverstehen. Die digitalen \u00dcbungen sind in der ... <a title=\"Lernende\" class=\"read-more\" href=\"https:\/\/strengthwomen.eu\/de\/learners\/\" aria-label=\"Mehr Informationen \u00fcber Lernende\">Weiterlesen<\/a><\/p>","protected":false},"author":3,"featured_media":0,"parent":0,"menu_order":0,"comment_status":"closed","ping_status":"closed","template":"","meta":{"footnotes":""},"class_list":["post-126","page","type-page","status-publish"],"_links":{"self":[{"href":"https:\/\/strengthwomen.eu\/de\/wp-json\/wp\/v2\/pages\/126","targetHints":{"allow":["GET"]}}],"collection":[{"href":"https:\/\/strengthwomen.eu\/de\/wp-json\/wp\/v2\/pages"}],"about":[{"href":"https:\/\/strengthwomen.eu\/de\/wp-json\/wp\/v2\/types\/page"}],"author":[{"embeddable":true,"href":"https:\/\/strengthwomen.eu\/de\/wp-json\/wp\/v2\/users\/3"}],"replies":[{"embeddable":true,"href":"https:\/\/strengthwomen.eu\/de\/wp-json\/wp\/v2\/comments?post=126"}],"version-history":[{"count":320,"href":"https:\/\/strengthwomen.eu\/de\/wp-json\/wp\/v2\/pages\/126\/revisions"}],"predecessor-version":[{"id":3845,"href":"https:\/\/strengthwomen.eu\/de\/wp-json\/wp\/v2\/pages\/126\/revisions\/3845"}],"wp:attachment":[{"href":"https:\/\/strengthwomen.eu\/de\/wp-json\/wp\/v2\/media?parent=126"}],"curies":[{"name":"wp","href":"https:\/\/api.w.org\/{rel}","templated":true}]}}