{"id":159,"date":"2022-01-06T13:56:43","date_gmt":"2022-01-06T13:56:43","guid":{"rendered":"http:\/\/strength.lernen-technik.de\/?page_id=159"},"modified":"2025-09-23T05:21:53","modified_gmt":"2025-09-23T05:21:53","slug":"strategic-partnership","status":"publish","type":"page","link":"https:\/\/strengthwomen.eu\/de\/strategic-partnership\/","title":{"rendered":"Strategische Partnerschaft"},"content":{"rendered":"<p>Das Projekt STRENGTH vereint f\u00fcnf Institutionen aus Deutschland, Slowenien, Frankreich und \u00d6sterreich mit langj\u00e4hriger Erfahrung in den Bereichen soziale und berufliche Inklusion von benachteiligten Erwachsenen, Mediendidaktik, Methodikdidaktik in den Bereichen Qualifizierung, Beratung und Coaching. Die Technische Universit\u00e4t Dresden vervollst\u00e4ndigt die Partnerschaft mit ihren Kompetenzen in Forschung und angewandter Wissenschaft im Bereich des digitalen Lehrens und Lernens.<br \/><br \/><\/p>\r\n\r\n\r\n\r\n<figure class=\"wp-block-table is-style-regular\">\r\n<table>\r\n<tbody>\r\n<tr>\r\n<td class=\"has-text-align-center\" data-align=\"center\"><img decoding=\"async\" width=\"150\" height=\"94\" class=\"wp-image-286\" style=\"width: 150px;\" src=\"http:\/\/strengthwomen.eu\/wp-content\/uploads\/2022\/07\/Logo_BZ_LernenTechnik.png\" alt=\"\" srcset=\"https:\/\/strengthwomen.eu\/wp-content\/uploads\/2022\/07\/Logo_BZ_LernenTechnik.png 350w, https:\/\/strengthwomen.eu\/wp-content\/uploads\/2022\/07\/Logo_BZ_LernenTechnik-300x188.png 300w\" sizes=\"(max-width: 150px) 100vw, 150px\" \/><\/td>\r\n<td><strong>Bildungszentrum Lernen+Technik gGmbH Dresden<\/strong><br \/>Deutschland<br \/><a href=\"https:\/\/lernen-technik.de\/\">https:\/\/lernen-technik.de<\/a><\/td>\r\n<\/tr>\r\n<tr>\r\n<td class=\"has-text-align-center\" data-align=\"center\"><img decoding=\"async\" width=\"100\" height=\"91\" class=\"wp-image-283\" style=\"width: 100px;\" src=\"http:\/\/strengthwomen.eu\/wp-content\/uploads\/2022\/07\/Logo_Celje.png\" alt=\"\" \/><\/td>\r\n<td><strong>Ljudska univerza Celje<\/strong><br \/>Slowenien<br \/><a href=\"http:\/\/www.lu-celje.si\">http:\/\/www.lu-celje.si<\/a><\/td>\r\n<\/tr>\r\n<tr>\r\n<td class=\"has-text-align-center\" data-align=\"center\"><img decoding=\"async\" width=\"120\" height=\"120\" class=\"wp-image-284\" style=\"width: 120px;\" src=\"http:\/\/strengthwomen.eu\/wp-content\/uploads\/2022\/07\/Logo_Cap_Ulysse.jpg\" alt=\"\" srcset=\"https:\/\/strengthwomen.eu\/wp-content\/uploads\/2022\/07\/Logo_Cap_Ulysse.jpg 302w, https:\/\/strengthwomen.eu\/wp-content\/uploads\/2022\/07\/Logo_Cap_Ulysse-300x300.jpg 300w, https:\/\/strengthwomen.eu\/wp-content\/uploads\/2022\/07\/Logo_Cap_Ulysse-150x150.jpg 150w\" sizes=\"(max-width: 120px) 100vw, 120px\" \/><\/td>\r\n<td><strong>CAP' ULYSSE<\/strong><br \/>Frankreich<br \/><a href=\"http:\/\/www.capulysse.fr\/en\/\">http:\/\/www.capulysse.fr\/en<\/a><\/td>\r\n<\/tr>\r\n<tr>\r\n<td class=\"has-text-align-center\" data-align=\"center\"><img loading=\"lazy\" decoding=\"async\" width=\"190\" height=\"89\" class=\"wp-image-285\" style=\"width: 190px;\" src=\"http:\/\/strengthwomen.eu\/wp-content\/uploads\/2022\/07\/Logo_Orientexpress.png\" alt=\"\" srcset=\"https:\/\/strengthwomen.eu\/wp-content\/uploads\/2022\/07\/Logo_Orientexpress.png 3543w, https:\/\/strengthwomen.eu\/wp-content\/uploads\/2022\/07\/Logo_Orientexpress-300x140.png 300w, https:\/\/strengthwomen.eu\/wp-content\/uploads\/2022\/07\/Logo_Orientexpress-1024x478.png 1024w, https:\/\/strengthwomen.eu\/wp-content\/uploads\/2022\/07\/Logo_Orientexpress-768x359.png 768w, https:\/\/strengthwomen.eu\/wp-content\/uploads\/2022\/07\/Logo_Orientexpress-1536x717.png 1536w, https:\/\/strengthwomen.eu\/wp-content\/uploads\/2022\/07\/Logo_Orientexpress-2048x956.png 2048w\" sizes=\"(max-width: 190px) 100vw, 190px\" \/><\/td>\r\n<td><strong>ORIENT EXPRESS<\/strong><br \/>\u00d6sterreich<br \/><a href=\"http:\/\/www.orientexpress-wien.com\">http:\/\/www.orientexpress-wien.com<\/a><\/td>\r\n<\/tr>\r\n<tr>\r\n<td class=\"has-text-align-center\" data-align=\"center\"><img loading=\"lazy\" decoding=\"async\" class=\"alignnone  wp-image-4553\" src=\"https:\/\/strengthwomen.eu\/wp-content\/uploads\/2025\/09\/Logo_TUD_new.png\" alt=\"\" width=\"189\" height=\"85\" srcset=\"https:\/\/strengthwomen.eu\/wp-content\/uploads\/2025\/09\/Logo_TUD_new.png 851w, https:\/\/strengthwomen.eu\/wp-content\/uploads\/2025\/09\/Logo_TUD_new-300x135.png 300w, https:\/\/strengthwomen.eu\/wp-content\/uploads\/2025\/09\/Logo_TUD_new-768x346.png 768w, https:\/\/strengthwomen.eu\/wp-content\/uploads\/2025\/09\/Logo_TUD_new-18x8.png 18w\" sizes=\"(max-width: 189px) 100vw, 189px\" \/><\/td>\r\n<td><strong>Technische Universit\u00e4t Dresden<br \/>Center for Open Digital Innovation and Participation (CODIP)<\/strong><br \/>Deutschland<br \/><a href=\"https:\/\/tu-dresden.de\/codip\">https:\/\/tu-dresden.de\/codip<\/a><\/td>\r\n<\/tr>\r\n<\/tbody>\r\n<\/table>\r\n<\/figure>\r\n\r\n\r\n\r\n<p>&nbsp;<\/p>\r\n\r\n\r\n\r\n<p>&nbsp;<\/p>","protected":false},"excerpt":{"rendered":"<p>Das Projekt STRENGTH vereint f\u00fcnf Institutionen aus Deutschland, Slowenien, Frankreich und \u00d6sterreich mit langj\u00e4hriger Erfahrung in den Bereichen soziale und berufliche Eingliederung von benachteiligten Erwachsenen, Mediendidaktik, Methodikdidaktik in den Bereichen Qualifizierung, Beratung und Coaching. Die Technische Universit\u00e4t Dresden vervollst\u00e4ndigt die Partnerschaft mit ihren Kompetenzen in der Forschung ... <a title=\"Strategische Partnerschaft\" class=\"read-more\" href=\"https:\/\/strengthwomen.eu\/de\/strategic-partnership\/\" aria-label=\"Mehr Informationen \u00fcber Strategische Partnerschaft\">Weiterlesen<\/a><\/p>","protected":false},"author":3,"featured_media":0,"parent":0,"menu_order":0,"comment_status":"closed","ping_status":"closed","template":"","meta":{"footnotes":""},"class_list":["post-159","page","type-page","status-publish"],"_links":{"self":[{"href":"https:\/\/strengthwomen.eu\/de\/wp-json\/wp\/v2\/pages\/159","targetHints":{"allow":["GET"]}}],"collection":[{"href":"https:\/\/strengthwomen.eu\/de\/wp-json\/wp\/v2\/pages"}],"about":[{"href":"https:\/\/strengthwomen.eu\/de\/wp-json\/wp\/v2\/types\/page"}],"author":[{"embeddable":true,"href":"https:\/\/strengthwomen.eu\/de\/wp-json\/wp\/v2\/users\/3"}],"replies":[{"embeddable":true,"href":"https:\/\/strengthwomen.eu\/de\/wp-json\/wp\/v2\/comments?post=159"}],"version-history":[{"count":25,"href":"https:\/\/strengthwomen.eu\/de\/wp-json\/wp\/v2\/pages\/159\/revisions"}],"predecessor-version":[{"id":4555,"href":"https:\/\/strengthwomen.eu\/de\/wp-json\/wp\/v2\/pages\/159\/revisions\/4555"}],"wp:attachment":[{"href":"https:\/\/strengthwomen.eu\/de\/wp-json\/wp\/v2\/media?parent=159"}],"curies":[{"name":"wp","href":"https:\/\/api.w.org\/{rel}","templated":true}]}}