{"id":3,"date":"2022-01-04T11:12:36","date_gmt":"2022-01-04T11:12:36","guid":{"rendered":"http:\/\/strength.lernen-technik.de\/?page_id=3"},"modified":"2023-04-11T08:40:55","modified_gmt":"2023-04-11T08:40:55","slug":"privacy-policy","status":"publish","type":"page","link":"https:\/\/strengthwomen.eu\/de\/privacy-policy\/","title":{"rendered":"Datenschutzerkl\u00e4rung"},"content":{"rendered":"<p>Unser Unternehmen nimmt den Schutz personenbezogener Daten sehr ernst. Wir m\u00f6chten, dass Sie wissen, wann wir welche Daten speichern und wie wir sie verwenden. Bei der Be- und Verarbeitung personenbezogener Daten richten wir uns nach den Vorgaben der EU-Datenschutz-Grundverordnung (DSGVO) und des neuen Bundesdatenschutzgesetzes (BDSG).<\/p>\r\n\r\n\r\n\r\n\r\n\r\n<p><strong>Nutzungsdaten<br \/><\/strong>F\u00fcr die Nutzung unserer Internetseite ist eine Preisgabe personenbezogener Daten grunds\u00e4tzlich nicht erforderlich. Bei jedem Zugriff auf eine unserer Seiten werden Daten \u00fcber Ihren Besuch auf der Internetseite in einer Protokolldatei gespeichert. Durch unseren Webhoster werden uns diese Protokolldateien und aufbereitete Nutzungsstatistiken zur Verf\u00fcgung gestellt. Diese Daten sind nicht personenbezogen, wir k\u00f6nnen also nicht nachvollziehen, welcher Nutzer welche Daten abgerufen hat. Eine Weitergabe an Dritte findet nicht statt. Wir weisen darauf hin, dass die Daten\u00fcbertragung im Internet (z.B. bei der Kommunikation per E-Mail) Sicherheitsl\u00fccken aufweisen kann. Ein l\u00fcckenloser Schutz der Daten vor dem Zugriff durch Dritte ist nicht m\u00f6glich.<\/p>\r\n\r\n\r\n\r\n<p><strong>Kontaktdaten<br \/><\/strong>F\u00fcr bestimmte Angebote und Dienstleistungen ben\u00f6tigen wir im Einzelfall personenbezogene Daten. Die in diesem Fall von Ihnen freiwillig - beispielsweise per E-Mail - angegebenen Daten werden von uns nur zu dem von Ihnen gew\u00fcnschten Zweck, beispielsweise zur Kontaktaufnahme, verwendet. Eine Weitergabe an Dritte findet nicht statt.\u00a0<\/p>\r\n\r\n\r\n\r\n<p><strong>Die Rechte Betroffener<br \/><\/strong>Gem\u00e4\u00df Art 15 ff DSGVO haben Betroffene das Recht auf Auskunft, Berichtigung, L\u00f6schung, Einschr\u00e4nkung und Widerspruch gegen die Be- und Verarbeitung Ihrer Daten.\u00a0<\/p>\r\n<p>Weiterhin haben Betroffene gem. Art. 13 Absatz 2 Punkt c DSGVO das Recht auf Widerruf der Einwilligung zur Be- und Verarbeitung von personenbezogenen Daten f\u00fcr die Zukunft, falls die Verarbeitung auf Art. 6 Abs. 1 a oder Art. 9 Abs. 2 a DSGVO beruht. Die Rechtm\u00e4\u00dfigkeit der aufgrund der Einwilligung bis zum Widerruf erfolgten Verarbeitung wird dabei nicht ber\u00fchrt. Ein Widerruf hat jedoch in der Regel zur Folge, dass der Zweck, f\u00fcr den die Daten erhoben wurden, nicht erf\u00fcllt werden kann. F\u00fcr die Wahrnehmung der Rechte ist die Schriftform erforderlich. Kontaktieren Sie uns dazu bitte per E-Mail unter <a href=\"mailto:bz@lernen-technik.de\">bz@lernen-technik.de<\/a>.<\/p>\r\n\r\n\r\n\r\n<p><strong>L\u00f6schung von personenbezogenen Daten<br \/><\/strong>Personenbezogene Daten werden gel\u00f6scht, wenn der Zweck f\u00fcr die Speicherung entf\u00e4llt und keine Rechtsnorm (z.B. zur gesetzlichen Aufbewahrungsfrist) die Beibehaltung der Daten vorschreibt. Es gelten die Vorgaben des Art. 17 DSGVO in Verbindung mit \u00a7 35 BDSG. Sofern die L\u00f6schung durch gesetzliche, vertragliche oder handels- bzw. steuerrechtliche Gr\u00fcnde nicht m\u00f6glich ist, kann eine Einschr\u00e4nkung der Verarbeitung der Daten auf Wunsch des Betroffenen erfolgen. F\u00fcr die Wahrnehmung des Rechtes ist die Schriftform erforderlich.\u00a0<\/p>\r\n\r\n\r\n\r\n<p><strong>Das Recht des Betroffenen auf Daten\u00fcbertragbarkeit<\/strong><br \/>Das Unternehmen stellt das Recht auf Daten\u00fcbertragbarkeit gem. Art. 20 DSGVO sicher. Jeder Betroffene hat das Recht eine Kopie seiner pb-Daten in einem \u00fcblichen maschinenlesbaren Dateiformat zu erhalten.\u00a0<\/p>\r\n\r\n\r\n\r\n<p><strong>Links zu anderen Websites<br \/><\/strong>Unsere Homepage enth\u00e4lt Links zu anderen Websites. Wir haben keinen Einfluss darauf, dass deren Betreiber die Datenschutzbestimmungen einhalten. Bitte beachten Sie den Haftungsausschluss.\u00a0<\/p>\r\n\r\n\r\n\r\n<p><strong>Verantwortliche im Sinne der DSGVO<br \/><\/strong>Christina G\u00f6bel<\/p>\r\n\r\n\r\n\r\n<p><strong>Datenschutzbeauftragte\/r<\/strong><br \/>Christina G\u00f6bel, Wiener Stra\u00dfe 43, 01219 Dresden<strong><br \/><\/strong>Telefon: +49 351 4175304-0<strong><br \/><\/strong>Fax: +49 351 4175304-9<strong><br \/><\/strong>E-Mail: <a href=\"mailto:bz@lernen-technik.de\">bz@lernen-technik.de<\/a><\/p>","protected":false},"excerpt":{"rendered":"<p>Unser Unternehmen nimmt den Schutz von personenbezogenen Daten sehr ernst. Wir m\u00f6chten, dass Sie wissen, wann wir welche Daten speichern und wie wir sie verwenden. Beim Umgang und der Verarbeitung personenbezogener Daten halten wir uns an die Vorgaben der EU-Datenschutzgrundverordnung (GDPR) und des neuen Bundesdatenschutzgesetzes (BDSG). NutzungsdatenGrunds\u00e4tzlich ist es ... <a title=\"Datenschutzerkl\u00e4rung\" class=\"read-more\" href=\"https:\/\/strengthwomen.eu\/de\/privacy-policy\/\" aria-label=\"Mehr Informationen \u00fcber die Erkl\u00e4rung zum Datenschutz\">Weiterlesen<\/a><\/p>","protected":false},"author":1,"featured_media":0,"parent":0,"menu_order":0,"comment_status":"closed","ping_status":"open","template":"","meta":{"footnotes":""},"class_list":["post-3","page","type-page","status-publish"],"_links":{"self":[{"href":"https:\/\/strengthwomen.eu\/de\/wp-json\/wp\/v2\/pages\/3","targetHints":{"allow":["GET"]}}],"collection":[{"href":"https:\/\/strengthwomen.eu\/de\/wp-json\/wp\/v2\/pages"}],"about":[{"href":"https:\/\/strengthwomen.eu\/de\/wp-json\/wp\/v2\/types\/page"}],"author":[{"embeddable":true,"href":"https:\/\/strengthwomen.eu\/de\/wp-json\/wp\/v2\/users\/1"}],"replies":[{"embeddable":true,"href":"https:\/\/strengthwomen.eu\/de\/wp-json\/wp\/v2\/comments?post=3"}],"version-history":[{"count":6,"href":"https:\/\/strengthwomen.eu\/de\/wp-json\/wp\/v2\/pages\/3\/revisions"}],"predecessor-version":[{"id":1186,"href":"https:\/\/strengthwomen.eu\/de\/wp-json\/wp\/v2\/pages\/3\/revisions\/1186"}],"wp:attachment":[{"href":"https:\/\/strengthwomen.eu\/de\/wp-json\/wp\/v2\/media?parent=3"}],"curies":[{"name":"wp","href":"https:\/\/api.w.org\/{rel}","templated":true}]}}