{"id":4,"date":"2022-01-04T10:14:30","date_gmt":"2022-01-04T10:14:30","guid":{"rendered":"http:\/\/strength.lernen-technik.de\/willkommen-auf-http-strength-lernen-technik-de\/"},"modified":"2024-12-09T10:37:09","modified_gmt":"2024-12-09T10:37:09","slug":"willkommen-auf-http-strength-lernen-technik-de","status":"publish","type":"page","link":"https:\/\/strengthwomen.eu\/de\/","title":{"rendered":""},"content":{"rendered":"<figure class=\"wp-block-image size-large\"><img fetchpriority=\"high\" decoding=\"async\" width=\"1024\" height=\"683\" class=\"wp-image-44\" src=\"http:\/\/strengthwomen.eu\/wp-content\/uploads\/2022\/01\/iStock-1192624591-1536x1024-1-1024x683.jpg\" alt=\"\" srcset=\"https:\/\/strengthwomen.eu\/wp-content\/uploads\/2022\/01\/iStock-1192624591-1536x1024-1-1024x683.jpg 1024w, https:\/\/strengthwomen.eu\/wp-content\/uploads\/2022\/01\/iStock-1192624591-1536x1024-1-300x200.jpg 300w, https:\/\/strengthwomen.eu\/wp-content\/uploads\/2022\/01\/iStock-1192624591-1536x1024-1-768x512.jpg 768w, https:\/\/strengthwomen.eu\/wp-content\/uploads\/2022\/01\/iStock-1192624591-1536x1024-1-18x12.jpg 18w, https:\/\/strengthwomen.eu\/wp-content\/uploads\/2022\/01\/iStock-1192624591-1536x1024-1.jpg 1536w\" sizes=\"(max-width: 1024px) 100vw, 1024px\" \/><\/figure>\r\n\r\n\r\n\r\n<p class=\"translation-block\"><br>Das Projekt STRENGTH bietet<strong> digitale Lernm\u00f6glichkeiten<\/strong> f\u00fcr Frauen mit Migrationsbiografie, die Anf\u00e4ngerkenntnisse in der Sprache ihres neuen Aufenthaltslandes haben und Bildungsnachteile erleben. Auf unserer <a href=\"https:\/\/strengthwomen.eu\/de\/learners\/\" target=\"_self\"><strong>LERNEN<\/strong><\/a>-Seite stehen \u00fcber 300 \u00dcbungen in vier Bereichen zur Verf\u00fcgung, die ihre soziale und berufliche Integration unterst\u00fctzen.<\/p>\r\n<p class=\"translation-block\">Das Projekt richtet sich auch an Erwachsenenbildner und Erwachsenenbildnerinnen, indem es <strong>didaktisches Material und einen Lehrplan mit einem Schulungsrahmen<\/strong> bereitstellt, der die Nutzung digitaler Werkzeuge und Online-Lernen in der Qualifizierung der Zielgruppe f\u00f6rdert. So werden sowohl Lehrende als auch Lernende in der Anwendung digitaler Lernmaterialien und -werkzeuge unterst\u00fctzt.<\/p>\r\n<p>Das Projektnetzwerk ber\u00fccksichtigt die besonderen Bedingungen in den Partnerl\u00e4ndern, einschlie\u00dflich des Bildungsniveaus und der Sprachkenntnisse der Frauen mit Migrationsbiografie im neuen Aufenthalt. Die digitalen Lernarrangements, die in die regul\u00e4re Qualifizierung integriert werden k\u00f6nnen, zielen auf die gleichberechtigte Integration in die Gesellschaft und\/oder Arbeitswelt ab.<\/p>","protected":false},"excerpt":{"rendered":"<p>Das Projekt STRENGTH bietet digitale Lernm\u00f6glichkeiten f\u00fcr Frauen mit Migrationshintergrund, die in der Sprache ihres neuen Wohnsitzlandes Anf\u00e4ngerinnen sind und Bildungsnachteile haben. Die Lernenden k\u00f6nnen direkt auf unsere Seite LERNEN zugreifen und finden dort \u00fcber 300 \u00dcbungen in vier verschiedenen Bereichen, die die soziale und berufliche Integration f\u00f6rdern. ... <a title=\"\" class=\"read-more\" href=\"https:\/\/strengthwomen.eu\/de\/\" aria-label=\"Mehr Informationen \u00fcber \">Weiterlesen<\/a><\/p>","protected":false},"author":1,"featured_media":0,"parent":0,"menu_order":0,"comment_status":"closed","ping_status":"open","template":"","meta":{"footnotes":""},"class_list":["post-4","page","type-page","status-publish"],"_links":{"self":[{"href":"https:\/\/strengthwomen.eu\/de\/wp-json\/wp\/v2\/pages\/4","targetHints":{"allow":["GET"]}}],"collection":[{"href":"https:\/\/strengthwomen.eu\/de\/wp-json\/wp\/v2\/pages"}],"about":[{"href":"https:\/\/strengthwomen.eu\/de\/wp-json\/wp\/v2\/types\/page"}],"author":[{"embeddable":true,"href":"https:\/\/strengthwomen.eu\/de\/wp-json\/wp\/v2\/users\/1"}],"replies":[{"embeddable":true,"href":"https:\/\/strengthwomen.eu\/de\/wp-json\/wp\/v2\/comments?post=4"}],"version-history":[{"count":36,"href":"https:\/\/strengthwomen.eu\/de\/wp-json\/wp\/v2\/pages\/4\/revisions"}],"predecessor-version":[{"id":4384,"href":"https:\/\/strengthwomen.eu\/de\/wp-json\/wp\/v2\/pages\/4\/revisions\/4384"}],"wp:attachment":[{"href":"https:\/\/strengthwomen.eu\/de\/wp-json\/wp\/v2\/media?parent=4"}],"curies":[{"name":"wp","href":"https:\/\/api.w.org\/{rel}","templated":true}]}}