{"id":4019,"date":"2024-09-18T13:27:42","date_gmt":"2024-09-18T13:27:42","guid":{"rendered":"https:\/\/strengthwomen.eu\/didocs-copy\/"},"modified":"2025-03-17T13:35:09","modified_gmt":"2025-03-17T13:35:09","slug":"didactical_materials","status":"publish","type":"page","link":"https:\/\/strengthwomen.eu\/de\/didactical_materials\/","title":{"rendered":"Didaktische Materialien"},"content":{"rendered":"<p class=\"translation-block\"><span lang=\"EN-US\">Hier finden Sie Begleitmaterialien zu den Lernarrangements zu den Themen <strong><span style=\"font-family: 'Calibri',sans-serif\">Allgemeine Qualifikation f\u00fcr die Arbeitswelt<\/span><\/strong>, <strong><span style=\"font-family: 'Calibri',sans-serif\">Eingliederung in die Gesellschaft<\/span><\/strong>, <strong><span style=\"font-family: 'Calibri',sans-serif\">Grundkenntnisse in der zweiten Sprache<\/span><\/strong> und <strong><span style=\"font-family: 'Calibri',sans-serif\">Grundlegende Nutzung digitaler Ger\u00e4te f\u00fcr die Teilnahme an der Gesellschaft<\/span><\/strong>. Diese Materialien sind als PDF-Dateien in Englisch, Deutsch, Franz\u00f6sisch und Slowenisch verf\u00fcgbar. Die Materialien enthalten Lernziele, didaktische Empfehlungen und Bewertungsrichtlinien f\u00fcr eine effektive Strukturierung der Lern\u00fcbungen.<\/span><\/p>\n<p>&nbsp;<\/p>\n<!--themify_builder_content-->\n<div id=\"themify_builder_content-4019\" data-postid=\"4019\" class=\"themify_builder_content themify_builder_content-4019 themify_builder tf_clear\">\n                    <div  data-lazy=\"1\" class=\"module_row themify_builder_row tb_4s7y092 tb_first tf_w\">\n                        <div class=\"row_inner col_align_top tb_col_count_1 tf_box tf_rel\">\n                        <div  data-lazy=\"1\" class=\"module_column tb-column tb_m60f420 first\">\n                    <!-- module accordion -->\n<div  class=\"module module-accordion tb_pcdj029\" data-behavior=\"accordion\" data-lazy=\"1\">\n    \n    <ul class=\"ui module-accordion  rounded gradient tb_default_color\">\n            <li class=\"builder-accordion-active\">\n            <div class=\"accordion-title tf_rel\">\n                <a href=\"#acc-pcdj029-0\" class=\"tb_title_accordion\" aria-controls=\"acc-pcdj029-0-content\" aria-expanded=\"true\">\n                                                            <span class=\"accordion-title-wrap\">Didaktische Dokumente f\u00fcr \"Allgemeine Qualifikation f\u00fcr die Arbeitswelt\"<\/span>                <\/a>\n            <\/div><!-- .accordion-title -->\n            <div id=\"acc-pcdj029-0-content\" data-id=\"acc-pcdj029-0\" aria-hidden=\"false\" class=\"accordion-content tf_clearfix\">\n                        <div  data-lazy=\"1\" class=\"module_subrow themify_builder_sub_row tf_w col_align_top tb_col_count_1 tb_n41j513\">\n                <div  data-lazy=\"1\" class=\"module_column sub_column tb_fwg2514 first\">\n                            <div  data-lazy=\"1\" class=\"module_subrow themify_builder_sub_row tf_w col_align_top tb_col_count_4 tb_9wqn607\">\n                <div  data-lazy=\"1\" class=\"module_column sub_column col4-1 tb_6ogz607 first\">\n                    <!-- module box -->\n<div  class=\"module module-box tb_odkf326\" data-lazy=\"1\">\n    <div class=\"module-box-content ui rounded gradient shadow tb_default_color\">\n                <div class=\"tb_text_wrap\"><p><a href=\"https:\/\/strengthwomen.eu\/wp-content\/uploads\/2025\/03\/STRENGTH_LA1_General_qualification_for_the_world_of_work.pdf\" target=\"_blank\" rel=\"noopener\"><img fetchpriority=\"high\" decoding=\"async\" class=\"alignnone size-full wp-image-2384\" src=\"https:\/\/strengthwomen.eu\/wp-content\/uploads\/2024\/09\/LA1_en.png\" alt=\"\" width=\"200\" height=\"283\"><\/a><\/p>\n<h6 style=\"text-align: center;\">Englisch<\/h6>\n<\/div>\n    <\/div>\n<\/div>\n<!-- \/module box -->\n        <\/div>\n                    <div  data-lazy=\"1\" class=\"module_column sub_column col4-1 tb_qgh2607\">\n                    <!-- module box -->\n<div  class=\"module module-box tb_j4cc781\" data-lazy=\"1\">\n    <div class=\"module-box-content ui rounded gradient shadow tb_default_color\">\n                <div class=\"tb_text_wrap\"><p><a href=\"https:\/\/strengthwomen.eu\/wp-content\/uploads\/2025\/03\/STRENGTH_LA1_Qualification_de_base_pour_le_monde_du_travail.pdf\" target=\"_blank\" rel=\"noopener\"><img loading=\"lazy\" decoding=\"async\" class=\"alignnone size-full wp-image-2384\" src=\"https:\/\/strengthwomen.eu\/wp-content\/uploads\/2024\/09\/LA1_fr.png\" alt=\"\" width=\"200\" height=\"283\"><\/a><\/p>\n<p style=\"text-align: center;\">Franz\u00f6sisch<\/p>\n<\/div>\n    <\/div>\n<\/div>\n<!-- \/module box -->\n        <\/div>\n                    <div  data-lazy=\"1\" class=\"module_column sub_column col4-1 tb_6rti607\">\n                    <!-- module box -->\n<div  class=\"module module-box tb_894o285\" data-lazy=\"1\">\n    <div class=\"module-box-content ui rounded gradient shadow tb_default_color\">\n                <div class=\"tb_text_wrap\"><p><a href=\"https:\/\/strengthwomen.eu\/wp-content\/uploads\/2025\/03\/STRENGTH_LA1_Splosna_usposobljenost_za_svet_dela.pdf\" target=\"_blank\" rel=\"noopener\"><img loading=\"lazy\" decoding=\"async\" class=\"alignnone size-full wp-image-2384\" src=\"https:\/\/strengthwomen.eu\/wp-content\/uploads\/2024\/09\/LA1_sl.png\" alt=\"\" width=\"200\" height=\"283\"><\/a><\/p>\n<p style=\"text-align: center;\">Slowenisch<\/p>\n<\/div>\n    <\/div>\n<\/div>\n<!-- \/module box -->\n        <\/div>\n                    <div  data-lazy=\"1\" class=\"module_column sub_column col4-1 tb_8ugd607 last\">\n                    <!-- module box -->\n<div  class=\"module module-box tb_ytxw619\" data-lazy=\"1\">\n    <div class=\"module-box-content ui rounded gradient shadow tb_default_color\">\n                <div class=\"tb_text_wrap\"><p><a href=\"https:\/\/strengthwomen.eu\/wp-content\/uploads\/2025\/03\/STRENGTH_LA1_Allgemeine_Qualifikation_fuer_die_Arbeitswelt.pdf\" target=\"_blank\" rel=\"noopener\"><img loading=\"lazy\" decoding=\"async\" class=\"alignnone size-full wp-image-2384\" src=\"https:\/\/strengthwomen.eu\/wp-content\/uploads\/2024\/09\/LA1_de.png\" alt=\"\" width=\"200\" height=\"283\"><\/a><\/p>\n<p style=\"text-align: center;\">Deutsch<\/p><\/div>\n    <\/div>\n<\/div>\n<!-- \/module box -->\n        <\/div>\n                    <\/div>\n                <\/div>\n                    <\/div>\n                    <\/div><!-- .accordion-content -->\n        <\/li>\n            <li>\n            <div class=\"accordion-title tf_rel\">\n                <a href=\"#acc-pcdj029-1\" class=\"tb_title_accordion\" aria-controls=\"acc-pcdj029-1-content\" aria-expanded=\"false\">\n                                                            <span class=\"accordion-title-wrap\">Didaktische Dokumente f\u00fcr \"Gesellschaftliche Teilhabe\"<\/span>                <\/a>\n            <\/div><!-- .accordion-title -->\n            <div id=\"acc-pcdj029-1-content\" data-id=\"acc-pcdj029-1\" aria-hidden=\"true\" class=\"accordion-content tf_hide tf_clearfix\">\n                        <div  data-lazy=\"1\" class=\"module_subrow themify_builder_sub_row tf_w col_align_top tb_col_count_1 tb_4jo9149\">\n                <div  data-lazy=\"1\" class=\"module_column sub_column tb_bx3v149 first\">\n                            <div  data-lazy=\"1\" class=\"module_subrow themify_builder_sub_row tf_w col_align_top tb_col_count_4 tb_il79149\">\n                <div  data-lazy=\"1\" class=\"module_column sub_column col4-1 tb_vzlz149 first\">\n                    <!-- module box -->\n<div  class=\"module module-box tb_i42x149\" data-lazy=\"1\">\n    <div class=\"module-box-content ui rounded gradient shadow tb_default_color\">\n                <div class=\"tb_text_wrap\"><p><a href=\"https:\/\/strengthwomen.eu\/wp-content\/uploads\/2025\/03\/STRENGTH_LA2_Inclusion_in_society.pdf\" target=\"_blank\" rel=\"noopener\"><img loading=\"lazy\" decoding=\"async\" class=\"alignnone size-full wp-image-2384\" src=\"https:\/\/strengthwomen.eu\/wp-content\/uploads\/2024\/09\/LA2_en.png\" alt=\"\" width=\"200\" height=\"283\"><\/a><\/p>\n<h6 style=\"text-align: center;\">Englisch<\/h6>\n<\/div>\n    <\/div>\n<\/div>\n<!-- \/module box -->\n        <\/div>\n                    <div  data-lazy=\"1\" class=\"module_column sub_column col4-1 tb_dvsk149\">\n                    <!-- module box -->\n<div  class=\"module module-box tb_nodl149\" data-lazy=\"1\">\n    <div class=\"module-box-content ui rounded gradient shadow tb_default_color\">\n                <div class=\"tb_text_wrap\"><p><a href=\"https:\/\/strengthwomen.eu\/wp-content\/uploads\/2025\/03\/STRENGTH_LA2_Participation_a_la_societe.pdf\" target=\"_blank\" rel=\"noopener\"><img loading=\"lazy\" decoding=\"async\" class=\"alignnone size-full wp-image-2384\" src=\"https:\/\/strengthwomen.eu\/wp-content\/uploads\/2024\/09\/LA2_fr.png\" alt=\"\" width=\"200\" height=\"283\"><\/a><\/p>\n<h6 style=\"text-align: center;\">Franz\u00f6sisch<\/h6>\n<\/div>\n    <\/div>\n<\/div>\n<!-- \/module box -->\n        <\/div>\n                    <div  data-lazy=\"1\" class=\"module_column sub_column col4-1 tb_x06b149\">\n                    <!-- module box -->\n<div  class=\"module module-box tb_vc0r149\" data-lazy=\"1\">\n    <div class=\"module-box-content ui rounded gradient shadow tb_default_color\">\n                <div class=\"tb_text_wrap\"><p><a href=\"https:\/\/strengthwomen.eu\/wp-content\/uploads\/2025\/03\/STRENGTH_LA2_Vkljucevanje_v_sirse_druzbeno_okolje.pdf\" target=\"_blank\" rel=\"noopener\"><img loading=\"lazy\" decoding=\"async\" class=\"alignnone size-full wp-image-2384\" src=\"https:\/\/strengthwomen.eu\/wp-content\/uploads\/2024\/09\/LA2_sl.png\" alt=\"\" width=\"200\" height=\"283\"><\/a><\/p>\n<h6 style=\"text-align: center;\">Slowenisch<\/h6>\n<\/div>\n    <\/div>\n<\/div>\n<!-- \/module box -->\n        <\/div>\n                    <div  data-lazy=\"1\" class=\"module_column sub_column col4-1 tb_zpi9149 last\">\n                    <!-- module box -->\n<div  class=\"module module-box tb_hy3h149\" data-lazy=\"1\">\n    <div class=\"module-box-content ui rounded gradient shadow tb_default_color\">\n                <div class=\"tb_text_wrap\"><p><a href=\"https:\/\/strengthwomen.eu\/wp-content\/uploads\/2025\/03\/STRENGTH_LA2_Gesellschaftliche_Teilhabe.pdf\" target=\"_blank\" rel=\"noopener\"><img loading=\"lazy\" decoding=\"async\" class=\"alignnone size-full wp-image-2384\" src=\"https:\/\/strengthwomen.eu\/wp-content\/uploads\/2024\/09\/LA2_de.png\" alt=\"\" width=\"200\" height=\"283\"><\/a><\/p>\n<p style=\"text-align: center;\">Deutsch<\/p>\n<\/div>\n    <\/div>\n<\/div>\n<!-- \/module box -->\n        <\/div>\n                    <\/div>\n                <\/div>\n                    <\/div>\n                    <\/div><!-- .accordion-content -->\n        <\/li>\n            <li>\n            <div class=\"accordion-title tf_rel\">\n                <a href=\"#acc-pcdj029-2\" class=\"tb_title_accordion\" aria-controls=\"acc-pcdj029-2-content\" aria-expanded=\"false\">\n                                                            <span class=\"accordion-title-wrap\">Didaktische Dokumente f\u00fcr \"Grundkenntnisse in der Zweitsprache\"<\/span>                <\/a>\n            <\/div><!-- .accordion-title -->\n            <div id=\"acc-pcdj029-2-content\" data-id=\"acc-pcdj029-2\" aria-hidden=\"true\" class=\"accordion-content tf_hide tf_clearfix\">\n                        <div  data-lazy=\"1\" class=\"module_subrow themify_builder_sub_row tf_w col_align_top tb_col_count_1 tb_5x3b684\">\n                <div  data-lazy=\"1\" class=\"module_column sub_column tb_w3ng684 first\">\n                            <div  data-lazy=\"1\" class=\"module_subrow themify_builder_sub_row tf_w col_align_top tb_col_count_4 tb_gsbf684\">\n                <div  data-lazy=\"1\" class=\"module_column sub_column col4-1 tb_94pw684 first\">\n                    <!-- module box -->\n<div  class=\"module module-box tb_xsxf684\" data-lazy=\"1\">\n    <div class=\"module-box-content ui rounded gradient shadow tb_default_color\">\n                <div class=\"tb_text_wrap\"><p><a href=\"https:\/\/strengthwomen.eu\/wp-content\/uploads\/2025\/03\/STRENGTH_LA3_Basic_language_in_the_second_language.pdf\" target=\"_blank\" rel=\"noopener\"><img loading=\"lazy\" decoding=\"async\" class=\"alignnone size-full wp-image-2384\" src=\"https:\/\/strengthwomen.eu\/wp-content\/uploads\/2024\/09\/LA3_en.png\" alt=\"\" width=\"200\" height=\"283\"><\/a><\/p>\n<h6 style=\"text-align: center;\">Englisch<\/h6>\n<\/div>\n    <\/div>\n<\/div>\n<!-- \/module box -->\n        <\/div>\n                    <div  data-lazy=\"1\" class=\"module_column sub_column col4-1 tb_0v30684\">\n                    <!-- module box -->\n<div  class=\"module module-box tb_7uqu684\" data-lazy=\"1\">\n    <div class=\"module-box-content ui rounded gradient shadow tb_default_color\">\n                <div class=\"tb_text_wrap\"><p><a href=\"https:\/\/strengthwomen.eu\/wp-content\/uploads\/2025\/03\/STRENGTH_LA3_Connaissances_de_base_en_francais.pdf\" target=\"_blank\" rel=\"noopener\"><img loading=\"lazy\" decoding=\"async\" class=\"alignnone size-full wp-image-2384\" src=\"https:\/\/strengthwomen.eu\/wp-content\/uploads\/2024\/09\/LA3_fr.png\" alt=\"\" width=\"200\" height=\"283\"><\/a><\/p>\n<h6 style=\"text-align: center;\">Franz\u00f6sisch<\/h6>\n<\/div>\n    <\/div>\n<\/div>\n<!-- \/module box -->\n        <\/div>\n                    <div  data-lazy=\"1\" class=\"module_column sub_column col4-1 tb_co9e684\">\n                    <!-- module box -->\n<div  class=\"module module-box tb_bw3m684\" data-lazy=\"1\">\n    <div class=\"module-box-content ui rounded gradient shadow tb_default_color\">\n                <div class=\"tb_text_wrap\"><p><a href=\"https:\/\/strengthwomen.eu\/wp-content\/uploads\/2025\/03\/STRENGTH_LA3_Jezikovne_osnove_v_drugem_tujem_jeziku.pdf\" target=\"_blank\" rel=\"noopener\"><img loading=\"lazy\" decoding=\"async\" class=\"alignnone size-full wp-image-2384\" src=\"https:\/\/strengthwomen.eu\/wp-content\/uploads\/2024\/09\/LA3_sl.png\" alt=\"\" width=\"200\" height=\"283\"><\/a><\/p>\n<h6 style=\"text-align: center;\">Slowenisch<\/h6>\n<\/div>\n    <\/div>\n<\/div>\n<!-- \/module box -->\n        <\/div>\n                    <div  data-lazy=\"1\" class=\"module_column sub_column col4-1 tb_wuix684 last\">\n                    <!-- module box -->\n<div  class=\"module module-box tb_c9dx684\" data-lazy=\"1\">\n    <div class=\"module-box-content ui rounded gradient shadow tb_default_color\">\n                <div class=\"tb_text_wrap\"><p><a href=\"https:\/\/strengthwomen.eu\/wp-content\/uploads\/2025\/03\/STRENGTH_LA3_Grundkenntnisse_in_der_Zweitsprache.pdf\" target=\"_blank\" rel=\"noopener\"><img loading=\"lazy\" decoding=\"async\" class=\"alignnone size-full wp-image-2384\" src=\"https:\/\/strengthwomen.eu\/wp-content\/uploads\/2024\/09\/LA3_de.png\" alt=\"\" width=\"200\" height=\"283\"><\/a><\/p>\n<h6 style=\"text-align: center;\">Deutsch<\/h6>\n<\/div>\n    <\/div>\n<\/div>\n<!-- \/module box -->\n        <\/div>\n                    <\/div>\n                <\/div>\n                    <\/div>\n                    <\/div><!-- .accordion-content -->\n        <\/li>\n            <li>\n            <div class=\"accordion-title tf_rel\">\n                <a href=\"#acc-pcdj029-3\" class=\"tb_title_accordion\" aria-controls=\"acc-pcdj029-3-content\" aria-expanded=\"false\">\n                                                            <span class=\"accordion-title-wrap\">Didaktische Unterlagen f\u00fcr \"Elementare Nutzung digitaler Ger\u00e4te zur gesellschaftlichen Teilhabe\"<\/span>                <\/a>\n            <\/div><!-- .accordion-title -->\n            <div id=\"acc-pcdj029-3-content\" data-id=\"acc-pcdj029-3\" aria-hidden=\"true\" class=\"accordion-content tf_hide tf_clearfix\">\n                        <div  data-lazy=\"1\" class=\"module_subrow themify_builder_sub_row tf_w col_align_top tb_col_count_1 tb_gp90734\">\n                <div  data-lazy=\"1\" class=\"module_column sub_column tb_hfcn734 first\">\n                            <div  data-lazy=\"1\" class=\"module_subrow themify_builder_sub_row tf_w col_align_top tb_col_count_4 tb_qw3c734\">\n                <div  data-lazy=\"1\" class=\"module_column sub_column col4-1 tb_w10q734 first\">\n                    <!-- module box -->\n<div  class=\"module module-box tb_1co9734\" data-lazy=\"1\">\n    <div class=\"module-box-content ui rounded gradient shadow tb_default_color\">\n                <div class=\"tb_text_wrap\"><p><a href=\"https:\/\/strengthwomen.eu\/wp-content\/uploads\/2025\/03\/STRENGTH_LA4_Basics_use_of_digital_devices_for_participation_in_society.pdf\" target=\"_blank\" rel=\"noopener\"><img loading=\"lazy\" decoding=\"async\" class=\"alignnone size-full wp-image-2384\" src=\"https:\/\/strengthwomen.eu\/wp-content\/uploads\/2024\/09\/LA4_en.png\" alt=\"\" width=\"200\" height=\"283\"><\/a><\/p>\n<h6 style=\"text-align: center;\">Englisch<\/h6>\n<\/div>\n    <\/div>\n<\/div>\n<!-- \/module box -->\n        <\/div>\n                    <div  data-lazy=\"1\" class=\"module_column sub_column col4-1 tb_tqcn734\">\n                    <!-- module box -->\n<div  class=\"module module-box tb_hy6n734\" data-lazy=\"1\">\n    <div class=\"module-box-content ui rounded gradient shadow tb_default_color\">\n                <div class=\"tb_text_wrap\"><p><a href=\"https:\/\/strengthwomen.eu\/wp-content\/uploads\/2025\/03\/STRENGTH_LA4_Utilisation_de_base_des_appareils_numeriques_pour_participer_a_la_societe.pdf\" target=\"_blank\" rel=\"noopener\"><img loading=\"lazy\" decoding=\"async\" class=\"alignnone size-full wp-image-2384\" src=\"https:\/\/strengthwomen.eu\/wp-content\/uploads\/2024\/09\/LA4_fr.png\" alt=\"\" width=\"200\" height=\"283\"><\/a><\/p>\n<h6 style=\"text-align: center;\">Franz\u00f6sisch<\/h6>\n<\/div>\n    <\/div>\n<\/div>\n<!-- \/module box -->\n        <\/div>\n                    <div  data-lazy=\"1\" class=\"module_column sub_column col4-1 tb_flj2734\">\n                    <!-- module box -->\n<div  class=\"module module-box tb_k9cm734\" data-lazy=\"1\">\n    <div class=\"module-box-content ui rounded gradient shadow tb_default_color\">\n                <div class=\"tb_text_wrap\"><p><a href=\"https:\/\/strengthwomen.eu\/wp-content\/uploads\/2025\/03\/STRENGTH_LA4_Osnovna_raba_digitalnih_naprav_za_boljso_vkljucenost_v_druzbeno_okolje.pdf\" target=\"_blank\" rel=\"noopener\"><img loading=\"lazy\" decoding=\"async\" class=\"alignnone size-full wp-image-2384\" src=\"https:\/\/strengthwomen.eu\/wp-content\/uploads\/2024\/09\/LA4_sl.png\" alt=\"\" width=\"200\" height=\"283\"><\/a><\/p>\n<h6 style=\"text-align: center;\">Slowenisch<\/h6>\n<\/div>\n    <\/div>\n<\/div>\n<!-- \/module box -->\n        <\/div>\n                    <div  data-lazy=\"1\" class=\"module_column sub_column col4-1 tb_262o734 last\">\n                    <!-- module box -->\n<div  class=\"module module-box tb_3070734\" data-lazy=\"1\">\n    <div class=\"module-box-content ui rounded gradient shadow tb_default_color\">\n                <div class=\"tb_text_wrap\"><p><a href=\"https:\/\/strengthwomen.eu\/wp-content\/uploads\/2025\/03\/STRENGTH_LA4_Elementare_Nutzung_digitaler_Geraete_zur_gesellschaftlichen_Teilhabe.pdf\" target=\"_blank\" rel=\"noopener\"><img loading=\"lazy\" decoding=\"async\" class=\"alignnone size-full wp-image-2384\" src=\"https:\/\/strengthwomen.eu\/wp-content\/uploads\/2024\/09\/LA4_de.png\" alt=\"\" width=\"200\" height=\"283\"><\/a><\/p>\n<h6 style=\"text-align: center;\">Deutsch<\/h6>\n<\/div>\n    <\/div>\n<\/div>\n<!-- \/module box -->\n        <\/div>\n                    <\/div>\n                <\/div>\n                    <\/div>\n                    <\/div><!-- .accordion-content -->\n        <\/li>\n        <\/ul>\n\n<\/div><!-- \/module accordion -->        <\/div>\n                        <\/div>\n        <\/div>\n                        <div  data-lazy=\"1\" class=\"module_row themify_builder_row tb_yahh906 tf_w\">\n                        <div class=\"row_inner col_align_top tb_col_count_1 tf_box tf_rel\">\n                        <div  data-lazy=\"1\" class=\"module_column tb-column col-full tb_gnl3202 first\">\n                            <\/div>\n                        <\/div>\n        <\/div>\n                        <div  data-lazy=\"1\" class=\"module_row themify_builder_row tb_2qyz910 tf_w\">\n                        <div class=\"row_inner col_align_top tb_col_count_1 tf_box tf_rel\">\n                        <div  data-lazy=\"1\" class=\"module_column tb-column col-full tb_0ipq000 first\">\n                            <\/div>\n                        <\/div>\n        <\/div>\n                        <div  data-lazy=\"1\" class=\"module_row themify_builder_row tb_k76c020 tf_w\">\n                        <div class=\"row_inner col_align_top tb_col_count_1 tf_box tf_rel\">\n                        <div  data-lazy=\"1\" class=\"module_column tb-column col-full tb_lqv3001 first\">\n                            <\/div>\n                        <\/div>\n        <\/div>\n                        <div  data-lazy=\"1\" class=\"module_row themify_builder_row tb_ucif129 tf_w\">\n                        <div class=\"row_inner col_align_top tb_col_count_1 tf_box tf_rel\">\n                        <div  data-lazy=\"1\" class=\"module_column tb-column col-full tb_wwou111 first\">\n                            <\/div>\n                        <\/div>\n        <\/div>\n        <\/div>\n<!--\/themify_builder_content-->\n<p>&nbsp;<\/p>","protected":false},"excerpt":{"rendered":"<p>Hier finden Sie Begleitmaterialien zu den Lernarrangements zu den Themen Allgemeine Qualifizierung f\u00fcr die Arbeitswelt, Inklusion in der Gesellschaft, Basissprache in der Zweitsprache und Grundlegende Nutzung digitaler Ger\u00e4te zur Teilhabe an der Gesellschaft. Die Materialien sind als PDF-Dateien in Deutsch, Englisch, Franz\u00f6sisch und Slowenisch verf\u00fcgbar. Die Materialien enthalten ... <a title=\"Didaktische Materialien\" class=\"read-more\" href=\"https:\/\/strengthwomen.eu\/de\/didactical_materials\/\" aria-label=\"Mehr Informationen \u00fcber didaktische Materialien\">Weiterlesen<\/a><\/p>","protected":false},"author":5,"featured_media":0,"parent":0,"menu_order":0,"comment_status":"closed","ping_status":"closed","template":"","meta":{"footnotes":""},"class_list":["post-4019","page","type-page","status-publish"],"_links":{"self":[{"href":"https:\/\/strengthwomen.eu\/de\/wp-json\/wp\/v2\/pages\/4019","targetHints":{"allow":["GET"]}}],"collection":[{"href":"https:\/\/strengthwomen.eu\/de\/wp-json\/wp\/v2\/pages"}],"about":[{"href":"https:\/\/strengthwomen.eu\/de\/wp-json\/wp\/v2\/types\/page"}],"author":[{"embeddable":true,"href":"https:\/\/strengthwomen.eu\/de\/wp-json\/wp\/v2\/users\/5"}],"replies":[{"embeddable":true,"href":"https:\/\/strengthwomen.eu\/de\/wp-json\/wp\/v2\/comments?post=4019"}],"version-history":[{"count":160,"href":"https:\/\/strengthwomen.eu\/de\/wp-json\/wp\/v2\/pages\/4019\/revisions"}],"predecessor-version":[{"id":4465,"href":"https:\/\/strengthwomen.eu\/de\/wp-json\/wp\/v2\/pages\/4019\/revisions\/4465"}],"wp:attachment":[{"href":"https:\/\/strengthwomen.eu\/de\/wp-json\/wp\/v2\/media?parent=4019"}],"curies":[{"name":"wp","href":"https:\/\/api.w.org\/{rel}","templated":true}]}}