{"id":95,"date":"2022-01-06T12:19:23","date_gmt":"2022-01-06T12:19:23","guid":{"rendered":"http:\/\/strength.lernen-technik.de\/?page_id=95"},"modified":"2024-04-16T12:32:29","modified_gmt":"2024-04-16T12:32:29","slug":"project","status":"publish","type":"page","link":"https:\/\/strengthwomen.eu\/de\/project\/","title":{"rendered":"Das Projekt"},"content":{"rendered":"<p class=\"translation-block\">Digitale Werkzeuge und Online-Lernen bieten Lernenden eine gro\u00dfe Vielfalt, um neue Lerninhalte zu entdecken, zu erforschen, zu verstehen und zu festigen. <em>\u201eDigitale Technologie erm\u00f6glicht eine individualisierte Ausbildung und bietet allen Lernenden vielf\u00e4ltige, unterhaltsame und emotionale Lernaktivit\u00e4ten, die die Freude am Lernen auf verschiedene Weise wiederherstellen k\u00f6nnen.\u201d<\/em><\/p>\r\n<p class=\"translation-block\">Digitale Anwendungen und Online-Tools sind ideale  <strong>Motoren f\u00fcr das Lernen<\/strong>. Die spielerische Art des digitalen Lernens motiviert die Lernenden und <strong>f\u00fchrt sie zur Autonomie<\/strong>.<\/p>\r\n<p>Digitale Technologie er\u00f6ffnet zahlreiche M\u00f6glichkeiten f\u00fcr diejenigen, die sie zu nutzen wissen. <strong>Digitale Kompetenzen sind unverzichtbar geworden<\/strong>, um alle Integrationsm\u00f6glichkeiten zu nutzen. Digitale Mobilit\u00e4t ist entscheidend f\u00fcr den Zugang zu Informationen \u00fcber Rechte, Gesundheitsversorgung, Besch\u00e4ftigung, finanzielle und administrative Aufgaben sowie Bildungsangelegenheiten. Dies stellt eine gro\u00dfe Herausforderung dar, insbesondere wenn man in ein neues Land kommt und die Sprache nicht spricht. Unsere Zielgruppe, Frauen mit Migrationsbiografie, steht vor dieser Herausforderung.<\/p>\r\n<p>Das Projekt STRENGTH bietet <strong>digitale Lernarrangements, didaktisches Material und einen Lehrplan mit einem Schulungsrahmen <\/strong>f\u00fcr die Endbeg\u00fcnstigten sowie die Erwachsenenbildner und Erwachsenenbildnerinnen. Auf diese Weise werden sie in der Nutzung digitaler Lernmaterialien und Werkzeuge unterst\u00fctzt.<\/p>\r\n<p>Das Projektnetzwerk ber\u00fccksichtigt die besonderen Bedingungen in den Partnerl\u00e4ndern, einschlie\u00dflich des Bildungsniveaus und der Sprachkenntnisse der Frauen mit Migrationsbiografie im neuen Aufenthalt. Die digitalen Lernarrangements, die in die regul\u00e4re Qualifizierung integriert werden k\u00f6nnen, zielen auf die gleichberechtigte Integration in die Gesellschaft und\/oder Arbeitswelt ab.<\/p>","protected":false},"excerpt":{"rendered":"<p>Digitale Werkzeuge und Online-Lernen bieten den Lernenden eine gro\u00dfe Vielfalt, um neue Lerninhalte zu entdecken, zu erforschen, zu verstehen und zu fixieren. \"Die digitale Technologie bietet die Aussicht auf eine individualisierte Ausbildung, die ultimative Form der Differenzierung. Ihr grenzenloses Potenzial erm\u00f6glicht es uns, allen Lernenden abwechslungsreiche, unterhaltsame und emotionsgeladene Aktivit\u00e4ten anzubieten und so die Lust am Lernen wieder zu wecken ... <a title=\"Das Projekt\" class=\"read-more\" href=\"https:\/\/strengthwomen.eu\/de\/project\/\" aria-label=\"Mehr Informationen \u00fcber Das Projekt\">Weiterlesen<\/a><\/p>","protected":false},"author":3,"featured_media":0,"parent":0,"menu_order":0,"comment_status":"closed","ping_status":"closed","template":"","meta":{"footnotes":""},"class_list":["post-95","page","type-page","status-publish"],"_links":{"self":[{"href":"https:\/\/strengthwomen.eu\/de\/wp-json\/wp\/v2\/pages\/95","targetHints":{"allow":["GET"]}}],"collection":[{"href":"https:\/\/strengthwomen.eu\/de\/wp-json\/wp\/v2\/pages"}],"about":[{"href":"https:\/\/strengthwomen.eu\/de\/wp-json\/wp\/v2\/types\/page"}],"author":[{"embeddable":true,"href":"https:\/\/strengthwomen.eu\/de\/wp-json\/wp\/v2\/users\/3"}],"replies":[{"embeddable":true,"href":"https:\/\/strengthwomen.eu\/de\/wp-json\/wp\/v2\/comments?post=95"}],"version-history":[{"count":13,"href":"https:\/\/strengthwomen.eu\/de\/wp-json\/wp\/v2\/pages\/95\/revisions"}],"predecessor-version":[{"id":3397,"href":"https:\/\/strengthwomen.eu\/de\/wp-json\/wp\/v2\/pages\/95\/revisions\/3397"}],"wp:attachment":[{"href":"https:\/\/strengthwomen.eu\/de\/wp-json\/wp\/v2\/media?parent=95"}],"curies":[{"name":"wp","href":"https:\/\/api.w.org\/{rel}","templated":true}]}}