{"id":119,"date":"2022-01-06T12:36:19","date_gmt":"2022-01-06T12:36:19","guid":{"rendered":"http:\/\/strength.lernen-technik.de\/?page_id=119"},"modified":"2024-03-14T09:47:03","modified_gmt":"2024-03-14T09:47:03","slug":"objectives","status":"publish","type":"page","link":"https:\/\/strengthwomen.eu\/fr\/objectives\/","title":{"rendered":"Objectifs"},"content":{"rendered":"<p>Le projet STRENGTH a 4 objectifs ambitieux \u00e0 atteindre en 3 ans (2021-2024) :<\/p>\r\n\r\n\r\n\r\n<div class=\"wp-block-columns is-layout-flex wp-container-core-columns-is-layout-9d6595d7 wp-block-columns-is-layout-flex\">\r\n<div class=\"wp-block-column is-layout-flow wp-block-column-is-layout-flow\" style=\"flex-basis: 100%;\">\r\n<figure class=\"wp-block-table alignleft\">\r\n<table>\r\n<tbody>\r\n<tr>\r\n<td class=\"has-text-align-left\" data-align=\"left\"><strong>1<\/strong><\/td>\r\n<td>Obtenir des informations sur l'\u00e9tat d'avancement de la mise en \u0153uvre du cadre europ\u00e9en des comp\u00e9tences num\u00e9riques (DigComp) parmi les femmes issues de l'immigration dans l'enseignement de base dans les pays partenaires et sur les mesures \u00e0 prendre \u00e0 cet \u00e9gard,<\/td>\r\n<\/tr>\r\n<tr>\r\n<td class=\"has-text-align-left\" data-align=\"left\"><strong>2<\/strong><\/td>\r\n<td>D\u00e9velopper des crit\u00e8res et des lignes directrices pour l'apprentissage num\u00e9rique dans la qualification des femmes issues de l'immigration et les pr\u00e9senter d'une mani\u00e8re orient\u00e9e vers l'application,<\/td>\r\n<\/tr>\r\n<tr>\r\n<td class=\"has-text-align-left\" data-align=\"left\"><strong>3<\/strong><\/td>\r\n<td>D\u00e9velopper, tester localement et mettre en \u0153uvre des dispositifs d'apprentissage num\u00e9rique pour la qualification des femmes issues de l'immigration dans l'\u00e9ducation de base, les cours de langue ou d'autres formations orient\u00e9es vers l'inclusion sociale et professionnelle,<\/td>\r\n<\/tr>\r\n<tr>\r\n<td class=\"has-text-align-left\" data-align=\"left\"><strong>4<\/strong><\/td>\r\n<td>D\u00e9velopper un programme et un cadre de formation pour les formateurs et le personnel enseignant pour l'utilisation des dispositifs d'apprentissage num\u00e9rique dans leur vie professionnelle, en mettant l'accent sur le groupe cible sp\u00e9cifique. Ce cadre de formation sera test\u00e9 lors d'une r\u00e9union LTTA (Learning, Teaching, Training Activities) \u00e0 Dresde \/ Allemagne.<\/td>\r\n<\/tr>\r\n<\/tbody>\r\n<\/table>\r\n<\/figure>\r\n<\/div>\r\n<\/div>","protected":false},"excerpt":{"rendered":"<p>Le projet STRENGTH a 4 objectifs ambitieux \u00e0 atteindre en 3 ans (2021-2024) : 1 Obtenir des informations sur l'\u00e9tat et le besoin d'action dans la mise en \u0153uvre du cadre europ\u00e9en des comp\u00e9tences num\u00e9riques (DigComp) parmi les femmes issues de l'immigration dans l'\u00e9ducation de base dans les pays partenaires, 2 \u00c9laborer des crit\u00e8res et des lignes directrices pour ... <a title=\"Objectifs\" class=\"read-more\" href=\"https:\/\/strengthwomen.eu\/fr\/objectives\/\" aria-label=\"En savoir plus sur Objectifs\">Lire la suite<\/a><\/p>","protected":false},"author":3,"featured_media":0,"parent":0,"menu_order":0,"comment_status":"closed","ping_status":"closed","template":"","meta":{"footnotes":""},"class_list":["post-119","page","type-page","status-publish"],"_links":{"self":[{"href":"https:\/\/strengthwomen.eu\/fr\/wp-json\/wp\/v2\/pages\/119","targetHints":{"allow":["GET"]}}],"collection":[{"href":"https:\/\/strengthwomen.eu\/fr\/wp-json\/wp\/v2\/pages"}],"about":[{"href":"https:\/\/strengthwomen.eu\/fr\/wp-json\/wp\/v2\/types\/page"}],"author":[{"embeddable":true,"href":"https:\/\/strengthwomen.eu\/fr\/wp-json\/wp\/v2\/users\/3"}],"replies":[{"embeddable":true,"href":"https:\/\/strengthwomen.eu\/fr\/wp-json\/wp\/v2\/comments?post=119"}],"version-history":[{"count":12,"href":"https:\/\/strengthwomen.eu\/fr\/wp-json\/wp\/v2\/pages\/119\/revisions"}],"predecessor-version":[{"id":2957,"href":"https:\/\/strengthwomen.eu\/fr\/wp-json\/wp\/v2\/pages\/119\/revisions\/2957"}],"wp:attachment":[{"href":"https:\/\/strengthwomen.eu\/fr\/wp-json\/wp\/v2\/media?parent=119"}],"curies":[{"name":"wp","href":"https:\/\/api.w.org\/{rel}","templated":true}]}}