{"id":121,"date":"2022-01-06T12:36:19","date_gmt":"2022-01-06T12:36:19","guid":{"rendered":"http:\/\/strength.lernen-technik.de\/?page_id=121"},"modified":"2024-04-16T12:28:08","modified_gmt":"2024-04-16T12:28:08","slug":"description_2","status":"publish","type":"page","link":"https:\/\/strengthwomen.eu\/fr\/description_2\/","title":{"rendered":"Description"},"content":{"rendered":"<pre class=\"wp-block-preformatted\"><em>Les projets d'inclusion doivent \u00eatre orient\u00e9s vers l'int\u00e9gration dans la soci\u00e9t\u00e9 et le monde du travail.\r\n\r\nL'\u00c9DUCATION NUM\u00c9RIQUE DE BASE est une condition pr\u00e9alable \u00e0 la PARTICIPATION \u00c9GALE \u00e0 la SOCI\u00c9T\u00c9 DES M\u00c9DIAS. <\/em><\/pre>\r\n\r\n\r\n\r\n<p class=\"has-text-align-left\"><br \/>Ce projet a pour but de d\u00e9velopper l\u2019usage du num\u00e9rique au sein des formations propos\u00e9es aux femmes peu qualifi\u00e9es issues de l\u2019immigration afin de favoriser leur insertion sociale et professionnelle en Europe.<\/p>\r\n\r\n\r\n\r\n<p class=\"has-text-align-left translation-block\">Concernant le travail et le d\u00e9veloppement des r\u00e9sultats, les partenaires projet prendront en compte les conditions sp\u00e9cifiques de chaque pays - la sp\u00e9cificit\u00e9 du groupe cible des femmes issues de l'immigration et la diversit\u00e9 en termes de pays d'origine, d\u2019\u00e9ducation initiale, de connaissance de langue du pays d\u2019accueil, des connaissances des outils digitales, etc.<\/p>","protected":false},"excerpt":{"rendered":"<p>Les projets d'inclusion doivent \u00eatre orient\u00e9s vers l'int\u00e9gration dans la soci\u00e9t\u00e9 et le monde du travail. L'\u00c9DUCATION NUM\u00c9RIQUE DE BASE est une condition pr\u00e9alable \u00e0 une PARTICIPATION \u00c9GALE dans une SOCI\u00c9T\u00c9 DES M\u00c9DIAS. Le projet aide les femmes migrantes peu qualifi\u00e9es \u00e0 s'int\u00e9grer dans la soci\u00e9t\u00e9 et le monde du travail en d\u00e9veloppant, testant et mettant en \u0153uvre des dispositifs d'apprentissage num\u00e9rique. Dans son travail et ... <a title=\"Description\" class=\"read-more\" href=\"https:\/\/strengthwomen.eu\/fr\/description_2\/\" aria-label=\"En savoir plus sur Description\">Lire la suite<\/a><\/p>","protected":false},"author":3,"featured_media":0,"parent":0,"menu_order":0,"comment_status":"closed","ping_status":"closed","template":"","meta":{"footnotes":""},"class_list":["post-121","page","type-page","status-publish"],"_links":{"self":[{"href":"https:\/\/strengthwomen.eu\/fr\/wp-json\/wp\/v2\/pages\/121","targetHints":{"allow":["GET"]}}],"collection":[{"href":"https:\/\/strengthwomen.eu\/fr\/wp-json\/wp\/v2\/pages"}],"about":[{"href":"https:\/\/strengthwomen.eu\/fr\/wp-json\/wp\/v2\/types\/page"}],"author":[{"embeddable":true,"href":"https:\/\/strengthwomen.eu\/fr\/wp-json\/wp\/v2\/users\/3"}],"replies":[{"embeddable":true,"href":"https:\/\/strengthwomen.eu\/fr\/wp-json\/wp\/v2\/comments?post=121"}],"version-history":[{"count":11,"href":"https:\/\/strengthwomen.eu\/fr\/wp-json\/wp\/v2\/pages\/121\/revisions"}],"predecessor-version":[{"id":3393,"href":"https:\/\/strengthwomen.eu\/fr\/wp-json\/wp\/v2\/pages\/121\/revisions\/3393"}],"wp:attachment":[{"href":"https:\/\/strengthwomen.eu\/fr\/wp-json\/wp\/v2\/media?parent=121"}],"curies":[{"name":"wp","href":"https:\/\/api.w.org\/{rel}","templated":true}]}}