{"id":124,"date":"2022-01-06T12:36:19","date_gmt":"2022-01-06T12:36:19","guid":{"rendered":"http:\/\/strength.lernen-technik.de\/?page_id=124"},"modified":"2024-09-23T10:51:01","modified_gmt":"2024-09-23T10:51:01","slug":"learning","status":"publish","type":"page","link":"https:\/\/strengthwomen.eu\/fr\/learning\/","title":{"rendered":"Apprendre"},"content":{"rendered":"<p class=\"translation-block\">Cette plateforme d'apprentissage est l'un des r\u00e9sultats du projet STRENGTH - Strengthening inclusion opportunities for women with a migration background with digital learning (Renforcer les opportunit\u00e9s d'inclusion pour les femmes issues de l'immigration gr\u00e2ce \u00e0 l'apprentissage num\u00e9rique). Elle offre des <strong>dispositifs d'apprentissage num\u00e9rique, du mat\u00e9riel didactique et un programme d'\u00e9tudes avec un cadre de formation<\/strong> pour les b\u00e9n\u00e9ficiaires fina.ux.les ainsi que pour les format.eur.rice.s pour adultes.<\/p>\r\n<p>L'objectif est de donner aux format.eur.rice.s pour adultes les moyens de soutenir, de qualifier et d'int\u00e9grer les femmes issues de l'immigration et d'utiliser l'apprentissage num\u00e9rique pour faciliter leur insertion sociale et professionnelle.<\/p>\r\n<p>Les format.eur.rice.s pour adultes b\u00e9n\u00e9ficient du projet gr\u00e2ce \u00e0 un contenu d'enseignement actualis\u00e9 et \u00e0 des dispositifs d'apprentissage num\u00e9rique pour leur travail quotidien.<br \/><br \/><\/p>\r\n<h4>Cette plateforme s'adresse \u00e0 deux groupes cibles principaux :<\/h4>\r\n<ol>\r\n<li class=\"translation-block\"><strong>Les format.eur.rice.s pour adultes<\/strong> qui peuvent rechercher sp\u00e9cifiquement des exercices num\u00e9riques adapt\u00e9s \u00e0 leurs apprenant.e.s. Ici eils peuvent trouver des exercises et du mat\u00e9riel didactique th\u00e8mes de l'inclusion sociale, de l'int\u00e9gration professionnelle, de la formation linguistique et des comp\u00e9tences num\u00e9riques de base.<\/li>\r\n<li class=\"translation-block\"><strong>Femmes issues de l'immigration et d\u00e9favoris\u00e9es sur le plan \u00e9ducatif<\/strong> : Les femmes peuvent d\u00e9couvrir les exercices num\u00e9riques que nous avons cr\u00e9\u00e9s sur les th\u00e8mes de l'inclusion sociale, de l'int\u00e9gration professionnelle, de la formation linguistique et des comp\u00e9tences num\u00e9riques de base. Nous avons utilis\u00e9 diff\u00e9rents formats d'exercices (par exemple des tests \u00e0 choix multiples, des exercices d'appariement et de regroupement et des textes \u00e0 trous) qui combinent la compr\u00e9hension \u00e9crite et orale avec des comp\u00e9tences num\u00e9riques.<\/li>\r\n<\/ol>\r\n<p>La plateforme est accessible par ordinateur, smartphone et tablette.<\/p>\r\n<p>Cliquez sur votre domaine d'apprentissage pour profiter du contenu d\u00e9velopp\u00e9.<\/p>\r\n<p>&nbsp;<\/p>\r\n\r\n\r\n<div class=\"gb-grid-wrapper gb-grid-wrapper-1bc9666d\">\r\n\r\n<div class=\"gb-grid-column gb-grid-column-160fb786\"><div class=\"gb-container gb-container-160fb786\"><div class=\"gb-inside-container\">\r\n\r\n\r\n<div class=\"wp-block-buttons is-layout-flex wp-block-buttons-is-layout-flex\">\r\n<div class=\"wp-block-button has-custom-width wp-block-button__width-100 has-custom-font-size\" style=\"font-size: 25px;\"><a class=\"wp-block-button__link has-global-color-11-background-color has-background\" style=\"border-radius: 20px;\" href=\"http:\/\/strengthwomen.eu\/fr\/adult-educators\/\"><br \/><img decoding=\"async\" width=\"110\" height=\"130\" class=\"wp-image-478\" style=\"width: 110px;\" src=\"http:\/\/strengthwomen.eu\/wp-content\/uploads\/2022\/07\/icon_teacher.png\" alt=\"\" srcset=\"https:\/\/strengthwomen.eu\/wp-content\/uploads\/2022\/07\/icon_teacher.png 589w, https:\/\/strengthwomen.eu\/wp-content\/uploads\/2022\/07\/icon_teacher-253x300.png 253w\" sizes=\"(max-width: 110px) 100vw, 110px\" \/><br \/>Formateur ou Formatrice pour adultes<\/a><\/div>\r\n<\/div>\r\n<\/div><\/div><\/div>\r\n\r\n<div class=\"gb-grid-column gb-grid-column-b1a0edc3\"><div class=\"gb-container gb-container-b1a0edc3\"><div class=\"gb-inside-container\">\r\n\r\n\r\n<div class=\"wp-block-buttons is-layout-flex wp-block-buttons-is-layout-flex\">\r\n<div class=\"wp-block-button has-custom-width wp-block-button__width-100 has-custom-font-size\" style=\"font-size: 25px;\"><a class=\"wp-block-button__link has-global-color-11-background-color has-background\" style=\"border-radius: 20px;\" href=\"http:\/\/strengthwomen.eu\/fr\/learners\/\"><br \/><img decoding=\"async\" width=\"150\" height=\"131\" class=\"wp-image-477\" style=\"width: 150px;\" src=\"http:\/\/strengthwomen.eu\/wp-content\/uploads\/2022\/07\/icon_learner.png\" alt=\"\" srcset=\"https:\/\/strengthwomen.eu\/wp-content\/uploads\/2022\/07\/icon_learner.png 727w, https:\/\/strengthwomen.eu\/wp-content\/uploads\/2022\/07\/icon_learner-300x263.png 300w\" sizes=\"(max-width: 150px) 100vw, 150px\" \/> <br \/>Apprenant.e.s<\/a><\/div>\r\n<\/div>\r\n<\/div><\/div><\/div><\/div>\r\n\r\n\r\n<div class=\"wp-block-buttons is-content-justification-center is-layout-flex wp-container-core-buttons-is-layout-16018d1d wp-block-buttons-is-layout-flex\"><\/div>\r\n\r\n\r\n<div class=\"gb-grid-wrapper gb-grid-wrapper-4b591c64\">\r\n\r\n<div class=\"gb-grid-column gb-grid-column-294422af\"><div class=\"gb-container gb-container-294422af\"><div class=\"gb-inside-container\">\r\n\r\n<\/div><\/div><\/div><\/div>\n\n<!--themify_builder_static--><!--\/themify_builder_static-->","protected":false},"excerpt":{"rendered":"<p>Cette plateforme d'apprentissage est l'un des r\u00e9sultats du projet STRENGTH - Strengthening inclusion opportunities for women with a migration background with digital learning (Renforcer les opportunit\u00e9s d'inclusion pour les femmes issues de l'immigration gr\u00e2ce \u00e0 l'apprentissage num\u00e9rique). Elle propose des dispositifs d'apprentissage num\u00e9rique, du mat\u00e9riel didactique et un programme d'\u00e9tudes avec un cadre de formation pour les b\u00e9n\u00e9ficiaires finaux ainsi que pour les formateurs adultes. L'objectif est d'autonomiser ... <a title=\"Apprendre\" class=\"read-more\" href=\"https:\/\/strengthwomen.eu\/fr\/learning\/\" aria-label=\"En savoir plus sur Apprentissage\">Lire la suite<\/a><\/p>","protected":false},"author":3,"featured_media":0,"parent":0,"menu_order":0,"comment_status":"closed","ping_status":"closed","template":"","meta":{"footnotes":""},"class_list":["post-124","page","type-page","status-publish"],"_links":{"self":[{"href":"https:\/\/strengthwomen.eu\/fr\/wp-json\/wp\/v2\/pages\/124","targetHints":{"allow":["GET"]}}],"collection":[{"href":"https:\/\/strengthwomen.eu\/fr\/wp-json\/wp\/v2\/pages"}],"about":[{"href":"https:\/\/strengthwomen.eu\/fr\/wp-json\/wp\/v2\/types\/page"}],"author":[{"embeddable":true,"href":"https:\/\/strengthwomen.eu\/fr\/wp-json\/wp\/v2\/users\/3"}],"replies":[{"embeddable":true,"href":"https:\/\/strengthwomen.eu\/fr\/wp-json\/wp\/v2\/comments?post=124"}],"version-history":[{"count":49,"href":"https:\/\/strengthwomen.eu\/fr\/wp-json\/wp\/v2\/pages\/124\/revisions"}],"predecessor-version":[{"id":4212,"href":"https:\/\/strengthwomen.eu\/fr\/wp-json\/wp\/v2\/pages\/124\/revisions\/4212"}],"wp:attachment":[{"href":"https:\/\/strengthwomen.eu\/fr\/wp-json\/wp\/v2\/media?parent=124"}],"curies":[{"name":"wp","href":"https:\/\/api.w.org\/{rel}","templated":true}]}}