{"id":126,"date":"2022-01-06T12:36:19","date_gmt":"2022-01-06T12:36:19","guid":{"rendered":"http:\/\/strength.lernen-technik.de\/?page_id=126"},"modified":"2024-04-24T10:56:22","modified_gmt":"2024-04-24T10:56:22","slug":"learners","status":"publish","type":"page","link":"https:\/\/strengthwomen.eu\/fr\/learners\/","title":{"rendered":"Apprenant.e.s"},"content":{"rendered":"<p>Bienvenue <br> <br>\n\nnous avons d\u00e9velopp\u00e9 plus de 300 exercices num\u00e9riques gratuits sur les th\u00e8mes de : <br> <br>\n\n- l'inclusion sociale (par exemple : les droits civiques, la sant\u00e9) <br>\n- l'int\u00e9gration professionnelle (par exemple : le CV, les transports publics) <br>\n- l'apprentissage des langues (par exemple : la lecture et l'\u00e9criture, le vocabulaire) <br>\n- les comp\u00e9tences num\u00e9riques de base (par exemple : l'utilisation de base des appareils num\u00e9riques, la cybers\u00e9curit\u00e9) pour vous. <br> <br><\/p>\n<p>Les exercices sont<br><br>\n- faciles \u00e0 utiliser<br>\n- en anglais, allemand, fran\u00e7ais et slov\u00e8ne<br>\n- disponibles dans les niveaux de langue A1, A2, B1, B2 ainsi que dans LASLLIAM 2,3 et 4.<br><br>\nL'utilisation des exercices num\u00e9riques peut \u00eatre soutenue et accompagn\u00e9e par les format.eur.rice.s d'adultes.<br>\nAvant de commencer, choisissez votre langue, votre niveau et votre th\u00e8me et appuyez sur le bouton \u00abfiltrer \u00bb.<\/p>\n<p>&nbsp;<\/p>\n<!--themify_builder_content-->\n<div id=\"themify_builder_content-126\" data-postid=\"126\" class=\"themify_builder_content themify_builder_content-126 themify_builder tf_clear\">\n                    <div  data-lazy=\"1\" class=\"module_row themify_builder_row tb_6vz0430 tb_first tf_w\">\n                        <div class=\"row_inner col_align_top tb_col_count_1 tf_box tf_rel\">\n                        <div  data-lazy=\"1\" class=\"module_column tb-column col-full tb_r4xk430 first\">\n                    <!-- module icon -->\n<div  class=\"module module-icon tb_vtk2357  xlarge  icon_horizontal tf_textc\" data-lazy=\"1\">\n\t\t\t<div class=\"module-icon-item\">\n\t\t\t\t\t\t\t\t\t\t\t\t\t\t\t\t<em class=\"tf_box\"\n\t\t\t\t\t\t\t\t\t\t\t\t style=\"background-color:#bd98af;color:#ffffff\"\t\t\t\t\t><svg  class=\"tf_fa tf-ti-user\" aria-hidden=\"true\"><use href=\"#tf-ti-user\"><\/use><\/svg><\/em>\n\t\t\t\t\t\t\t\t\t\t\t\t\t\t\t\t\t\t\t<span class=\"screen-reader-text\">Ic\u00f4ne de l'\u00e9tiquette<\/span>\n\t\t\t\t\t\t\t\t\t\t\t\t\t\t\t<\/div>\n\t<\/div>\n<!-- \/module icon -->\n<!-- module text -->\n<div  class=\"module module-text tb_y38m809\" data-lazy=\"1\">\n        <div  class=\"tb_text_wrap\">\n        <h4 style=\"text-align: center;\"><span style=\"font-weight: 600;\">C'est parti !<\/span><\/h4>    <\/div>\n<\/div>\n<!-- \/module text -->        <\/div>\n                        <\/div>\n        <\/div>\n        <\/div>\n<!--\/themify_builder_content-->\n<div id=\"caf-post-layout-container\" class=\"caf-post-layout-container      multiple-taxonomy-filter-hor post-layout1      data-target-div1\"\r\n     data-post-type=\"learners\"\r\n     data-tax=\"language,level,topics\"\r\n     data-terms=\"language___58,language___60,language___57,language___59,level___61,level___62,level___63,level___64,level___70,level___71,level___72,topics___68,topics___67,topics___66,topics___65\"\r\n     data-per-page=\"15\"\r\n     data-selected-terms=\"language___58,language___60,language___57,language___59,level___61,level___62,level___63,level___64,level___70,level___71,level___72,topics___68,topics___67,topics___66,topics___65\"\r\n     data-filter-id=\"1608\"\r\n     data-post-layout=\"post-layout1\"\r\n     data-filter-layout=\"multiple-taxonomy-filter-hor\"\r\n     data-target-div=\"data-target-div1\"\r\n     data-relation=\"IN\"\r\n     data-default-term=\"all\"\r\n     data-scroll=\"disabled\"\r\n     data-scroll-desk=\"-100\"\r\n     data-scroll-mob=\"-100\"\r\n     current-post-id=\"126\"\r\n     data-order-by=\"title\"\r\n     data-order-type=\"asc\"\r\n     active-filters=\"on\"\r\n     active-filters-style=\"without_tax\"\r\n     ><div id=\"caf-multiple-taxonomy-filter-hor\" class='btn-enable caf-mtf-layout caf-filter-layout data-target-div1 search-layout1 srch-on caf_multi_tax3'>\r\n<select class='caf_select_multi' name='caf_select_multi'><option value='0'>Langues<\/option><option value='language___58' >Anglais<\/option><option value='language___60' >Fran\u00e7ais<\/option><option value='language___57' >Allemand<\/option><option value='language___59' >Slov\u00e8ne<\/option><\/select><select class='caf_select_multi' name='caf_select_multi'><option value='0'>Niveaux<\/option><option value='level___61' >A1 (d\u00e9butant)<\/option><option value='level___62' >A2 (connaissances de base)<\/option><option value='level___63' >B1 (utilisation avanc\u00e9e de la langue)<\/option><option value='level___64' >B2 (utilisation ind\u00e9pendante de la langue)<\/option><option value='level___70' >LASLLIAM 2 (pratique des comp\u00e9tences de base en lecture et en \u00e9criture (dans la deuxi\u00e8me langue))<\/option><option value='level___71' >LASLLIAM 3 (pratique de la lecture et de l'\u00e9criture avanc\u00e9es (dans la deuxi\u00e8me langue))<\/option><option value='level___72' >LASLLIAM 4 (consolidation des comp\u00e9tences et lecture courante (dans la deuxi\u00e8me langue))<\/option><\/select><select class='caf_select_multi' name='caf_select_multi'><option value='0'>Th\u00e8mes<\/option><option value='topics___68' >Comp\u00e9tences num\u00e9riques<\/option><option value='topics___67' >Apprentissage des langues<\/option><option value='topics___66' >Inclusion sociale<\/option><option value='topics___65' >Le monde du travail<\/option><\/select><button class='caf_select_multi_btn' data-target-div='data-target-div1'>Filtre<\/button><div class='caf-search-bar sr-layout1'><div class='caf-manage-search-bar'><input type='text' name='caf-search-input' id='caf-search-input' placeholder='Rechercher ici....' class='caf-search-input'><img id='caf-voice-search' class='caf-mic' src='https:\/\/strengthwomen.eu\/wp-content\/plugins\/category-ajax-filter-pro\/\/assets\/img\/mic.png'><input type='button' value='Recherche' class='caf-search-sub' id='caf-search-sub'><\/div><\/div>\r\n<\/ul>\r\n <\/div>\r\n<div class='caf-active-filters'><ul><\/ul><\/div><div class='caf-manage-sorting-front'>\r\n <div class='caf-manage-sorting-wrap first-wrap'>\r\n Order By :\r\n <select class=\"caf-sort-front caf-sort-order-by\">\r\n <option value=\"author\" >Author<\/option>\r\n <option value=\"title\" selected>Title<\/option>\r\n <option value=\"ID\" >Post ID<\/option>\r\n <option value=\"date\" >Date<\/option>\r\n <option value=\"rand\" >Random<\/option>\r\n <\/select><\/div>\r\n\r\n <div class='caf-manage-sorting-wrap'>\r\n Order  :\r\n <select class=\"caf-sort-front caf-sort-order-type\">\r\n <option value=\"asc\" selected>Asc<\/option>\r\n <option value=\"desc\" >Desc<\/option>\r\n <\/select><\/div>\r\n\r\n<\/div>\r\n\r\n<div id='manage-ajax-response' class='caf-row'><div class=\"status\"><i class=\"fa fa-spinner\" aria-hidden=\"true\"><\/i><\/div><div class=\"content\"><\/div><\/div><\/div>","protected":false},"excerpt":{"rendered":"<p>Dans le cadre de notre projet pour les femmes issues de l'immigration, nous avons d\u00e9velopp\u00e9 plus de 300 exercices num\u00e9riques gratuits sur les th\u00e8mes de l'inclusion sociale, de l'int\u00e9gration professionnelle, de la formation linguistique et des comp\u00e9tences num\u00e9riques de base : des tests \u00e0 choix multiples, des exercices d'appariement et des tests de closure, ainsi que des exercices de compr\u00e9hension de la lecture et de l'\u00e9coute. Les exercices num\u00e9riques sont disponibles dans le ... <a title=\"Apprenant.e.s\" class=\"read-more\" href=\"https:\/\/strengthwomen.eu\/fr\/learners\/\" aria-label=\"En savoir plus sur Apprenants\">Lire la suite<\/a><\/p>","protected":false},"author":3,"featured_media":0,"parent":0,"menu_order":0,"comment_status":"closed","ping_status":"closed","template":"","meta":{"footnotes":""},"class_list":["post-126","page","type-page","status-publish"],"_links":{"self":[{"href":"https:\/\/strengthwomen.eu\/fr\/wp-json\/wp\/v2\/pages\/126","targetHints":{"allow":["GET"]}}],"collection":[{"href":"https:\/\/strengthwomen.eu\/fr\/wp-json\/wp\/v2\/pages"}],"about":[{"href":"https:\/\/strengthwomen.eu\/fr\/wp-json\/wp\/v2\/types\/page"}],"author":[{"embeddable":true,"href":"https:\/\/strengthwomen.eu\/fr\/wp-json\/wp\/v2\/users\/3"}],"replies":[{"embeddable":true,"href":"https:\/\/strengthwomen.eu\/fr\/wp-json\/wp\/v2\/comments?post=126"}],"version-history":[{"count":320,"href":"https:\/\/strengthwomen.eu\/fr\/wp-json\/wp\/v2\/pages\/126\/revisions"}],"predecessor-version":[{"id":3845,"href":"https:\/\/strengthwomen.eu\/fr\/wp-json\/wp\/v2\/pages\/126\/revisions\/3845"}],"wp:attachment":[{"href":"https:\/\/strengthwomen.eu\/fr\/wp-json\/wp\/v2\/media?parent=126"}],"curies":[{"name":"wp","href":"https:\/\/api.w.org\/{rel}","templated":true}]}}