{"id":3,"date":"2022-01-04T11:12:36","date_gmt":"2022-01-04T11:12:36","guid":{"rendered":"http:\/\/strength.lernen-technik.de\/?page_id=3"},"modified":"2023-04-11T08:40:55","modified_gmt":"2023-04-11T08:40:55","slug":"privacy-policy","status":"publish","type":"page","link":"https:\/\/strengthwomen.eu\/fr\/privacy-policy\/","title":{"rendered":"Politique de confidentialit\u00e9"},"content":{"rendered":"<p>Notre entreprise prend tr\u00e8s au s\u00e9rieux la protection des donn\u00e9es personnelles. Nous voulons que vous sachiez quand nous stockons quelles donn\u00e9es et comment nous les utilisons. Lors de la manipulation et du traitement des donn\u00e9es personnelles, nous respectons les exigences du r\u00e8glement g\u00e9n\u00e9ral sur la protection des donn\u00e9es de l'UE (RGPD) et de la nouvelle loi f\u00e9d\u00e9rale sur la protection des donn\u00e9es (LPD).<\/p>\r\n\r\n\r\n\r\n\r\n\r\n<p><strong>Donn\u00e9es d'utilisation<br \/><\/strong>En principe, il n'est pas n\u00e9cessaire de divulguer des donn\u00e9es personnelles pour utiliser notre site web. Chaque fois que vous acc\u00e9dez \u00e0 l'une de nos pages, les donn\u00e9es relatives \u00e0 votre visite sur le site web sont enregistr\u00e9es dans un fichier journal. Notre h\u00e9bergeur met \u00e0 notre disposition ces fichiers journaux et les statistiques d'utilisation trait\u00e9es. Ces donn\u00e9es ne sont pas personnelles, de sorte que nous ne pouvons pas retracer quel utilisateur a acc\u00e9d\u00e9 \u00e0 quelles donn\u00e9es. Les donn\u00e9es ne sont pas transmises \u00e0 des tiers. Nous attirons l'attention sur le fait que la transmission de donn\u00e9es sur Internet (p. ex. lors de la communication par e-mail) peut pr\u00e9senter des failles de s\u00e9curit\u00e9. Une protection compl\u00e8te des donn\u00e9es contre l'acc\u00e8s par des tiers n'est pas possible.<\/p>\r\n\r\n\r\n\r\n<p><strong>Donn\u00e9es de contact<br \/><\/strong>Pour certaines offres et certains services, nous avons besoin de donn\u00e9es personnelles dans des cas particuliers. Dans ce cas, les donn\u00e9es que vous fournissez volontairement - par exemple par e-mail - ne seront utilis\u00e9es par nous que dans le but que vous avez demand\u00e9, par exemple pour vous contacter. Elles ne seront pas transmises \u00e0 des tiers.<\/p>\r\n\r\n\r\n\r\n<p><strong>Les droits des personnes concern\u00e9es<br \/><\/strong>Selon l'art 15 et suivants du RGPD, les personnes concern\u00e9es ont le droit d'information, de rectification, d'effacement, de limitation et d'opposition au traitement de leurs donn\u00e9es.<\/p>\r\n<p>En outre, conform\u00e9ment \u00e0 l'art. 13(2)(c) GDPR, les personnes concern\u00e9es ont le droit de retirer leur consentement au traitement des donn\u00e9es personnelles \u00e0 l'avenir si le traitement est bas\u00e9 sur l'Art. 6(1)(a) ou l'art. 9(2)(a) GDPR. La lic\u00e9it\u00e9 du traitement est effectu\u00e9e sur la base du consentement jusqu'\u00e0 ce que la r\u00e9vocation ne soit pas affect\u00e9e. Cependant, une r\u00e9vocation a g\u00e9n\u00e9ralement pour cons\u00e9quence que la finalit\u00e9 pour laquelle les donn\u00e9es ont \u00e9t\u00e9 collect\u00e9es ne peut \u00eatre atteinte. Pour l'exercice des droits, un formulaire \u00e9crit est n\u00e9cessaire. Pour ce faire, veuillez nous contacter par e-mail \u00e0 l'adresse <a href=\"mailto:bz@lernen-technik.de\">bz@lernen-technik.de<\/a>.<\/p>\r\n\r\n\r\n\r\n<p><strong>Suppression des donn\u00e9es<br \/><\/strong>Les donn\u00e9es personnelles seront supprim\u00e9es si la finalit\u00e9 de leur stockage n'a plus lieu d'\u00eatre et qu'aucune norme l\u00e9gale (par exemple, sur la dur\u00e9e de conservation l\u00e9gale) n'exige la conservation des donn\u00e9es. Les exigences de l'art. 17 GDPR en conjonction avec l'article 35 BDSG s'appliquent. Si la suppression n'est pas possible pour des raisons l\u00e9gales, contractuelles ou commerciales, ou de droit fiscal, le traitement des donn\u00e9es peut \u00eatre limit\u00e9 \u00e0 la demande de la personne concern\u00e9e. Pour l'exercice de ce droit, la forme \u00e9crite est requise.<\/p>\r\n\r\n\r\n\r\n<p><strong>Le droit de la personne concern\u00e9e \u00e0 la portabilit\u00e9 des donn\u00e9es<\/strong><br \/>L'entreprise assure le droit \u00e0 la portabilit\u00e9 des donn\u00e9es conform\u00e9ment \u00e0 l'art. 20 GDPR. Chaque personne concern\u00e9e a le droit de recevoir une copie de ses donn\u00e9es pb dans un format de fichier standard lisible par machine.<\/p>\r\n\r\n\r\n\r\n<p><strong>Liens vers les sites web d'autres fournisseurs<br \/><\/strong>Notre page d'accueil contient des liens vers d'autres sites web. Nous n'avons aucune influence sur le respect des r\u00e8gles de protection des donn\u00e9es par leurs exploitants. Veuillez prendre note de la clause de non-responsabilit\u00e9.<\/p>\r\n\r\n\r\n\r\n<p><strong>Personne responsable au sens du GDPR<br \/><\/strong>Christina G\u00f6bel<\/p>\r\n\r\n\r\n\r\n<p><strong>D\u00e9l\u00e9gu\u00e9 \u00e0 la protection des donn\u00e9es<\/strong><br \/>Christina G\u00f6bel, Wiener Stra\u00dfe 43, 01219 Dresden, Germany<strong><br \/><\/strong>T\u00e9l\u00e9phone : +49 351 4175304-0<strong><br \/><\/strong>Fax : +49 351 4175304-9<strong><br \/><\/strong>E-mail: <a href=\"mailto:bz@lernen-technik.de\">bz@lernen-technik.de<\/a><\/p>","protected":false},"excerpt":{"rendered":"<p>Notre entreprise prend tr\u00e8s au s\u00e9rieux la protection des donn\u00e9es personnelles. Nous voulons que vous sachiez quand nous stockons quelles donn\u00e9es et comment nous les utilisons. Lors de la manipulation et du traitement des donn\u00e9es personnelles, nous respectons les exigences du R\u00e8glement g\u00e9n\u00e9ral sur la protection des donn\u00e9es (RGPD) de l'UE et de la nouvelle loi f\u00e9d\u00e9rale sur la protection des donn\u00e9es (BDSG). Donn\u00e9es d'utilisationEn principe, il est... <a title=\"Politique de confidentialit\u00e9\" class=\"read-more\" href=\"https:\/\/strengthwomen.eu\/fr\/privacy-policy\/\" aria-label=\"En savoir plus sur D\u00e9claration de protection des donn\u00e9es\">Lire la suite<\/a><\/p>","protected":false},"author":1,"featured_media":0,"parent":0,"menu_order":0,"comment_status":"closed","ping_status":"open","template":"","meta":{"footnotes":""},"class_list":["post-3","page","type-page","status-publish"],"_links":{"self":[{"href":"https:\/\/strengthwomen.eu\/fr\/wp-json\/wp\/v2\/pages\/3","targetHints":{"allow":["GET"]}}],"collection":[{"href":"https:\/\/strengthwomen.eu\/fr\/wp-json\/wp\/v2\/pages"}],"about":[{"href":"https:\/\/strengthwomen.eu\/fr\/wp-json\/wp\/v2\/types\/page"}],"author":[{"embeddable":true,"href":"https:\/\/strengthwomen.eu\/fr\/wp-json\/wp\/v2\/users\/1"}],"replies":[{"embeddable":true,"href":"https:\/\/strengthwomen.eu\/fr\/wp-json\/wp\/v2\/comments?post=3"}],"version-history":[{"count":6,"href":"https:\/\/strengthwomen.eu\/fr\/wp-json\/wp\/v2\/pages\/3\/revisions"}],"predecessor-version":[{"id":1186,"href":"https:\/\/strengthwomen.eu\/fr\/wp-json\/wp\/v2\/pages\/3\/revisions\/1186"}],"wp:attachment":[{"href":"https:\/\/strengthwomen.eu\/fr\/wp-json\/wp\/v2\/media?parent=3"}],"curies":[{"name":"wp","href":"https:\/\/api.w.org\/{rel}","templated":true}]}}