{"id":4,"date":"2022-01-04T10:14:30","date_gmt":"2022-01-04T10:14:30","guid":{"rendered":"http:\/\/strength.lernen-technik.de\/willkommen-auf-http-strength-lernen-technik-de\/"},"modified":"2024-12-09T10:37:09","modified_gmt":"2024-12-09T10:37:09","slug":"willkommen-auf-http-strength-lernen-technik-de","status":"publish","type":"page","link":"https:\/\/strengthwomen.eu\/fr\/","title":{"rendered":""},"content":{"rendered":"<figure class=\"wp-block-image size-large\"><img fetchpriority=\"high\" decoding=\"async\" width=\"1024\" height=\"683\" class=\"wp-image-44\" src=\"http:\/\/strengthwomen.eu\/wp-content\/uploads\/2022\/01\/iStock-1192624591-1536x1024-1-1024x683.jpg\" alt=\"\" srcset=\"https:\/\/strengthwomen.eu\/wp-content\/uploads\/2022\/01\/iStock-1192624591-1536x1024-1-1024x683.jpg 1024w, https:\/\/strengthwomen.eu\/wp-content\/uploads\/2022\/01\/iStock-1192624591-1536x1024-1-300x200.jpg 300w, https:\/\/strengthwomen.eu\/wp-content\/uploads\/2022\/01\/iStock-1192624591-1536x1024-1-768x512.jpg 768w, https:\/\/strengthwomen.eu\/wp-content\/uploads\/2022\/01\/iStock-1192624591-1536x1024-1-18x12.jpg 18w, https:\/\/strengthwomen.eu\/wp-content\/uploads\/2022\/01\/iStock-1192624591-1536x1024-1.jpg 1536w\" sizes=\"(max-width: 1024px) 100vw, 1024px\" \/><\/figure>\r\n\r\n\r\n\r\n<p class=\"translation-block\"><br>Le projet STRENGTH offre <strong>des opportunit\u00e9s d'apprentissage num\u00e9rique<\/strong> aux femmes issues de l'immigration qui ont un niveau d\u00e9butant dans la langue de leur nouveau pays de r\u00e9sidence et qui sont confront\u00e9es \u00e0 des d\u00e9savantages \u00e9ducatifs. Les apprenantes peuvent acc\u00e9der directement \u00e0 notre page <a href=\"https:\/\/strengthwomen.eu\/fr\/learners\/\" target=\"_self\"><strong>LEARNERS<\/strong><\/a> et y trouveront plus de 300 exercices dans quatre domaines diff\u00e9rents, favorisant l'inclusion sociale et professionnelle.<\/p>\r\n<p class=\"translation-block\">Le projet STRENGTH s'adresse \u00e9galement aux formateurs et aux enseignants en proposant du mat\u00e9riel didactique et un programme d'\u00e9tudes avec un cadre de formation sur la mani\u00e8re de renforcer l'utilisation des outils num\u00e9riques et de l'apprentissage en ligne dans la formation avec le groupe cible. De cette mani\u00e8re, les enseignants et les apprenants sont soutenus dans l'utilisation du mat\u00e9riel d'apprentissage num\u00e9rique et des outils num\u00e9riques.<\/p>\r\n<p>Le r\u00e9seau de projets prend en compte les conditions sp\u00e9cifiques des pays partenaires et le groupe cible sp\u00e9cifique, qui sont les femmes issues de l'immigration, ainsi que leur niveau d'\u00e9ducation et leur niveau de comp\u00e9tences linguistiques dans le nouveau pays de r\u00e9sidence. Les dispositifs d'apprentissage num\u00e9rique, qui peuvent \u00eatre int\u00e9gr\u00e9s dans une formation ordinaire, mettent l'accent sur l'\u00e9galit\u00e9 d'int\u00e9gration dans la soci\u00e9t\u00e9 et\/ou le travail.<\/p>","protected":false},"excerpt":{"rendered":"<p>Le projet STRENGTH offre des possibilit\u00e9s d'apprentissage num\u00e9rique aux femmes issues de l'immigration qui ont un niveau d\u00e9butant dans la langue de leur nouveau pays de r\u00e9sidence et qui sont confront\u00e9es \u00e0 des d\u00e9savantages en mati\u00e8re d'\u00e9ducation. Les apprenantes peuvent acc\u00e9der directement \u00e0 notre page LEARNERS et y trouveront plus de 300 exercices dans quatre domaines diff\u00e9rents, favorisant l'inclusion sociale et professionnelle. ... <a title=\"\" class=\"read-more\" href=\"https:\/\/strengthwomen.eu\/fr\/\" aria-label=\"En savoir plus sur \">Lire la suite<\/a><\/p>","protected":false},"author":1,"featured_media":0,"parent":0,"menu_order":0,"comment_status":"closed","ping_status":"open","template":"","meta":{"footnotes":""},"class_list":["post-4","page","type-page","status-publish"],"_links":{"self":[{"href":"https:\/\/strengthwomen.eu\/fr\/wp-json\/wp\/v2\/pages\/4","targetHints":{"allow":["GET"]}}],"collection":[{"href":"https:\/\/strengthwomen.eu\/fr\/wp-json\/wp\/v2\/pages"}],"about":[{"href":"https:\/\/strengthwomen.eu\/fr\/wp-json\/wp\/v2\/types\/page"}],"author":[{"embeddable":true,"href":"https:\/\/strengthwomen.eu\/fr\/wp-json\/wp\/v2\/users\/1"}],"replies":[{"embeddable":true,"href":"https:\/\/strengthwomen.eu\/fr\/wp-json\/wp\/v2\/comments?post=4"}],"version-history":[{"count":36,"href":"https:\/\/strengthwomen.eu\/fr\/wp-json\/wp\/v2\/pages\/4\/revisions"}],"predecessor-version":[{"id":4384,"href":"https:\/\/strengthwomen.eu\/fr\/wp-json\/wp\/v2\/pages\/4\/revisions\/4384"}],"wp:attachment":[{"href":"https:\/\/strengthwomen.eu\/fr\/wp-json\/wp\/v2\/media?parent=4"}],"curies":[{"name":"wp","href":"https:\/\/api.w.org\/{rel}","templated":true}]}}