{"id":77,"date":"2022-11-29T07:26:39","date_gmt":"2022-11-29T07:26:39","guid":{"rendered":"http:\/\/strength.lernen-technik.de\/?page_id=77"},"modified":"2024-02-27T07:21:10","modified_gmt":"2024-02-27T07:21:10","slug":"imprint","status":"publish","type":"page","link":"https:\/\/strengthwomen.eu\/fr\/imprint\/","title":{"rendered":"Mentions l\u00e9gales"},"content":{"rendered":"<p>Bildungszentrum Lernen+Technik gGmbH Dresden<br \/>Wiener Stra\u00dfe 43<br \/>01219 Dresden, Germany<\/p>\r\n\r\n\r\n\r\n<p>T\u00e9l\u00e9phone : +49 351 4175304-0<br \/>Fax : +49 351 4175304-9<br \/>E-mail: <a href=\"mailto:bz@lernen-technik.de\">bz@lernen-technik.de<\/a><\/p>\r\n\r\n\r\n\r\n<p><strong>Repr\u00e9sent\u00e9 par :<br \/><\/strong>Dr. Steffen Krause<\/p>\r\n\r\n\r\n\r\n<p><strong>Registre du commerce :<br \/><\/strong>Registre du commerce<br \/>Tribunal local de Dresde<br \/>HRB 16100<\/p>\r\n\r\n\r\n\r\n<p><strong>Droits d'image:<br \/><\/strong>Images de <a href=\"https:\/\/www.istockphoto.com\/de\">istockphoto.com<\/a> et <a href=\"https:\/\/pixabay.com\/\">pixabay<\/a> ont \u00e9t\u00e9 utilis\u00e9s sur ces pages.<\/p>\r\n\r\n\r\n\r\n<p><strong>Clause de non-responsabilit\u00e9<br \/><\/strong>L'auteur se r\u00e9serve le droit de ne pas \u00eatre responsable de l'actualit\u00e9, de l'exactitude, de l'exhaustivit\u00e9 ou de la qualit\u00e9 des informations. Les r\u00e9clamations de responsabilit\u00e9 contre l'auteur, qui se r\u00e9f\u00e8rent \u00e0 des dommages de nature mat\u00e9rielle ou id\u00e9elle, qui ont \u00e9t\u00e9 caus\u00e9s par l'utilisation ou la non-utilisation des informations pr\u00e9sent\u00e9es et\/ou par l'utilisation d'informations incorrectes et incompl\u00e8tes, sont en principe impossibles, si de la part de l'auteur aucune faute intentionnelle ou grossi\u00e8rement n\u00e9gligente ne peut \u00eatre prouv\u00e9e.<br \/>Toutes les offres sont sujettes \u00e0 modification et sans engagement. L'auteur se r\u00e9serve le droit d'\u00e9tendre, de modifier, de supprimer partiellement ou totalement certaines parties des pages ou l'ensemble de la publication, y compris toutes les offres et informations, sans pr\u00e9avis.<\/p>\r\n\r\n\r\n\r\n<p><strong>R\u00e9f\u00e9rences et liens<\/strong><br \/>L'auteur n'est pas responsable des contenus li\u00e9s ou r\u00e9f\u00e9renc\u00e9s \u00e0 partir de ses pages - \u00e0 moins qu'il n'ait pleinement connaissance de contenus ill\u00e9gaux et qu'il soit en mesure d'emp\u00eacher les visiteurs de son site de consulter ces pages.<br \/>L'auteur d\u00e9clare express\u00e9ment par la pr\u00e9sente qu'au moment de la cr\u00e9ation des liens, aucun contenu ill\u00e9gal n'\u00e9tait identifiable sur les pages li\u00e9es. L'auteur n'a aucune influence sur la conception actuelle et future, le contenu ou la qualit\u00e9 d'auteur des pages li\u00e9es. C'est pourquoi il se d\u00e9solidarise express\u00e9ment par la pr\u00e9sente de tous les contenus de toutes les pages li\u00e9es qui ont \u00e9t\u00e9 modifi\u00e9s apr\u00e8s l'\u00e9tablissement du lien. Cette constatation s'applique \u00e0 tous les liens et renvois cr\u00e9\u00e9s dans l'offre Internet de l'auteur ainsi qu'aux entr\u00e9es externes dans les livres d'or, les forums de discussion, les r\u00e9pertoires de liens, les listes de diffusion et toutes les autres formes de bases de donn\u00e9es cr\u00e9\u00e9es par l'auteur et auxquelles il est possible d'acc\u00e9der en \u00e9criture de l'ext\u00e9rieur. Seul le fournisseur du site auquel il est fait r\u00e9f\u00e9rence est responsable des contenus ill\u00e9gaux, erron\u00e9s ou incomplets et en particulier des dommages r\u00e9sultant de l'utilisation ou de la non-utilisation de telles informations, et non celui qui se contente de renvoyer \u00e0 la publication en question par le biais de liens.<\/p>\r\n\r\n\r\n\r\n<p><strong>Droits d'auteur<br \/><\/strong>L'auteur s'efforce de respecter les droits d'auteur des images, des graphiques, des documents sonores, des s\u00e9quences vid\u00e9o et des textes utilis\u00e9s dans toutes les publications, d'utiliser des images, des graphiques, des documents sonores, des s\u00e9quences vid\u00e9o et des textes cr\u00e9\u00e9s par lui-m\u00eame ou d'utiliser des graphiques, des documents sonores, des s\u00e9quences vid\u00e9o et des textes sans licence.<br \/>Tous les noms de marque et marques commerciales mentionn\u00e9s sur le site web et \u00e9ventuellement prot\u00e9g\u00e9s par des tiers sont soumis sans restriction aux dispositions du droit des marques applicable et aux droits de propri\u00e9t\u00e9 des propri\u00e9taires enregistr\u00e9s respectifs. La simple mention d'une marque ne signifie pas qu'elle n'est pas prot\u00e9g\u00e9e par les droits de tiers!<br \/>Le droit d'auteur pour les objets publi\u00e9s et cr\u00e9\u00e9s par l'auteur lui-m\u00eame reste exclusivement \u00e0 l'auteur des pages. Toute duplication ou utilisation d'objets tels que des diagrammes, des sons ou des textes dans d'autres publications \u00e9lectroniques ou imprim\u00e9es n'est pas autoris\u00e9e sans l'accord de l'auteur.<\/p>\r\n\r\n\r\n\r\n<p><strong>Protection des donn\u00e9es<\/strong><br \/>Si la possibilit\u00e9 d'entrer des donn\u00e9es personnelles ou professionnelles (adresses e-mail, nom, adresses) est offerte, l'entr\u00e9e de ces donn\u00e9es se fait sur une base volontaire. L'utilisation et le paiement de tous les services propos\u00e9s sont autoris\u00e9s - dans la mesure o\u00f9 cela est techniquement possible et raisonnable - sans indication de donn\u00e9es personnelles ou en indiquant des donn\u00e9es anonymes ou un pseudonyme. L'utilisation d'adresses postales, de num\u00e9ros de t\u00e9l\u00e9phone ou de t\u00e9l\u00e9copie et d'adresses \u00e9lectroniques publi\u00e9s \u00e0 des fins de marketing est interdite, l'envoi de messages non d\u00e9sir\u00e9s par des spammeurs sera sanctionn\u00e9. Nous nous r\u00e9servons express\u00e9ment le droit d'engager des poursuites judiciaires \u00e0 l'encontre des exp\u00e9diteurs de messages dits \"spam\" en cas de violation de cette interdiction.<\/p>\r\n\r\n\r\n\r\n<p><strong>Validit\u00e9 juridique de la pr\u00e9sente clause de non-responsabilit\u00e9<\/strong><br \/>La pr\u00e9sente clause de non-responsabilit\u00e9 doit \u00eatre consid\u00e9r\u00e9e comme faisant partie de la publication Internet \u00e0 partir de laquelle vous avez \u00e9t\u00e9 renvoy\u00e9. Si certaines parties ou certains termes de cette d\u00e9claration ne sont pas l\u00e9gaux ou corrects, le contenu ou la validit\u00e9 des autres parties n'en sont pas affect\u00e9s.<\/p>","protected":false},"excerpt":{"rendered":"<p>Bildungszentrum Lernen+Technik gGmbH DresdenWiener Stra\u00dfe 4301219 Dresden, Germany Phone : +49 351 4175304-0Fax : +49 351 4175304-9Email : bz@lernen-technik.de Repr\u00e9sent\u00e9 par:Dr. Steffen Krause Registre du commerce:Registre du commerceTribunal local de DresdeHRB 16100 Droits d'image:Des images de istockphoto.com et pixabay ont \u00e9t\u00e9 utilis\u00e9es sur ces pages. Clause de non-responsabilit\u00e9L'auteur se r\u00e9serve le droit de ne pas \u00eatre responsable de l'actualit\u00e9, de l'exactitude, de l'exhaustivit\u00e9 ou de la qualit\u00e9 des informations. ... <a title=\"Mentions l\u00e9gales\" class=\"read-more\" href=\"https:\/\/strengthwomen.eu\/fr\/imprint\/\" aria-label=\"En savoir plus sur Mentions l\u00e9gales\">Lire la suite<\/a><\/p>","protected":false},"author":1,"featured_media":0,"parent":0,"menu_order":0,"comment_status":"closed","ping_status":"closed","template":"","meta":{"footnotes":""},"class_list":["post-77","page","type-page","status-publish"],"_links":{"self":[{"href":"https:\/\/strengthwomen.eu\/fr\/wp-json\/wp\/v2\/pages\/77","targetHints":{"allow":["GET"]}}],"collection":[{"href":"https:\/\/strengthwomen.eu\/fr\/wp-json\/wp\/v2\/pages"}],"about":[{"href":"https:\/\/strengthwomen.eu\/fr\/wp-json\/wp\/v2\/types\/page"}],"author":[{"embeddable":true,"href":"https:\/\/strengthwomen.eu\/fr\/wp-json\/wp\/v2\/users\/1"}],"replies":[{"embeddable":true,"href":"https:\/\/strengthwomen.eu\/fr\/wp-json\/wp\/v2\/comments?post=77"}],"version-history":[{"count":23,"href":"https:\/\/strengthwomen.eu\/fr\/wp-json\/wp\/v2\/pages\/77\/revisions"}],"predecessor-version":[{"id":2376,"href":"https:\/\/strengthwomen.eu\/fr\/wp-json\/wp\/v2\/pages\/77\/revisions\/2376"}],"wp:attachment":[{"href":"https:\/\/strengthwomen.eu\/fr\/wp-json\/wp\/v2\/media?parent=77"}],"curies":[{"name":"wp","href":"https:\/\/api.w.org\/{rel}","templated":true}]}}