{"id":95,"date":"2022-01-06T12:19:23","date_gmt":"2022-01-06T12:19:23","guid":{"rendered":"http:\/\/strength.lernen-technik.de\/?page_id=95"},"modified":"2024-04-16T12:32:29","modified_gmt":"2024-04-16T12:32:29","slug":"project","status":"publish","type":"page","link":"https:\/\/strengthwomen.eu\/fr\/project\/","title":{"rendered":"Le projet"},"content":{"rendered":"<p class=\"translation-block\">Les outils num\u00e9riques et l'apprentissage en ligne offrent aux apprenants une grande vari\u00e9t\u00e9 de possibilit\u00e9s pour d\u00e9couvrir, explorer, comprendre et fixer de nouveaux contenus d'apprentissage. \u00ab La technologie num\u00e9rique offre la perspective d'une formation individualis\u00e9e, forme ultime de diff\u00e9renciation. Son potentiel illimit\u00e9 nous permet d'offrir \u00e0 tous les apprenants des activit\u00e9s diversifi\u00e9es, divertissantes et charg\u00e9es d'\u00e9motion, et de leur redonner ainsi l'envie d'apprendre de toutes les mani\u00e8res possibles \u00bb.<\/p>\r\n<p class=\"translation-block\">Nous consid\u00e9rons les applications num\u00e9riques et les outils en ligne comme des <strong>moteurs d'apprentissage<\/strong> appropri\u00e9s. Le mode d'apprentissage gamifi\u00e9 qui est possible dans la sph\u00e8re num\u00e9rique motive souvent les apprenants et, ce qui est plus important, les <strong>conduit \u00e0 l'autonomie<\/strong>.<\/p>\r\n<p>Le num\u00e9rique est un puissant vecteur d'opportunit\u00e9s pour qui sait le saisir. Pour profiter de toutes les opportunit\u00e9s d'int\u00e9gration, <strong>les comp\u00e9tences num\u00e9riques sont devenues essentielles<\/strong>. La mobilit\u00e9 num\u00e9rique est importante non seulement pour acc\u00e9der aux informations sur vos droits, mais aussi pour les soins de sant\u00e9, l'emploi, les t\u00e2ches financi\u00e8res et administratives et les questions d'\u00e9ducation. Il s'agit d'un d\u00e9fi de taille lorsqu'on arrive dans un nouveau pays de r\u00e9sidence dont on ne parle pas la langue. Notre groupe cible d'apprenantes est confront\u00e9 \u00e0 ce d\u00e9fi.<\/p>\r\n<p>Le projet STRENGTH offre <strong>des dispositifs d'apprentissage num\u00e9rique, du mat\u00e9riel didactique et un programme d'\u00e9tudes assorti d'un cadre de formation pour <\/strong>les b\u00e9n\u00e9ficiaires finaux, ainsi que les formateurs et les enseignants. Ils sont ainsi soutenus dans l'utilisation de mat\u00e9riel et d'outils d'apprentissage num\u00e9riques.<\/p>\r\n<p>Le r\u00e9seau de projets prend en compte les conditions sp\u00e9cifiques des pays partenaires et le groupe cible sp\u00e9cifique, qui sont les femmes issues de l'immigration, ainsi que leur niveau d'\u00e9ducation et leur niveau de comp\u00e9tences linguistiques dans le nouveau pays de r\u00e9sidence. Les dispositifs d'apprentissage num\u00e9rique, qui peuvent \u00eatre int\u00e9gr\u00e9s dans une formation ordinaire, mettent l'accent sur l'\u00e9galit\u00e9 d'int\u00e9gration dans la soci\u00e9t\u00e9 et\/ou le travail.<\/p>","protected":false},"excerpt":{"rendered":"<p>Les outils num\u00e9riques et l'apprentissage en ligne offrent aux apprenants une grande vari\u00e9t\u00e9 de possibilit\u00e9s pour d\u00e9couvrir, explorer, comprendre et fixer de nouveaux contenus d'apprentissage. \"La technologie num\u00e9rique offre la perspective d'une formation individualis\u00e9e, forme ultime de diff\u00e9renciation. Son potentiel illimit\u00e9 nous permet d'offrir \u00e0 tous les apprenants des activit\u00e9s diversifi\u00e9es, divertissantes et charg\u00e9es d'\u00e9motion, et de redonner ainsi l'envie d'apprendre \u00e0 ... <a title=\"Le projet\" class=\"read-more\" href=\"https:\/\/strengthwomen.eu\/fr\/project\/\" aria-label=\"En savoir plus sur Le projet\">Lire la suite<\/a><\/p>","protected":false},"author":3,"featured_media":0,"parent":0,"menu_order":0,"comment_status":"closed","ping_status":"closed","template":"","meta":{"footnotes":""},"class_list":["post-95","page","type-page","status-publish"],"_links":{"self":[{"href":"https:\/\/strengthwomen.eu\/fr\/wp-json\/wp\/v2\/pages\/95","targetHints":{"allow":["GET"]}}],"collection":[{"href":"https:\/\/strengthwomen.eu\/fr\/wp-json\/wp\/v2\/pages"}],"about":[{"href":"https:\/\/strengthwomen.eu\/fr\/wp-json\/wp\/v2\/types\/page"}],"author":[{"embeddable":true,"href":"https:\/\/strengthwomen.eu\/fr\/wp-json\/wp\/v2\/users\/3"}],"replies":[{"embeddable":true,"href":"https:\/\/strengthwomen.eu\/fr\/wp-json\/wp\/v2\/comments?post=95"}],"version-history":[{"count":13,"href":"https:\/\/strengthwomen.eu\/fr\/wp-json\/wp\/v2\/pages\/95\/revisions"}],"predecessor-version":[{"id":3397,"href":"https:\/\/strengthwomen.eu\/fr\/wp-json\/wp\/v2\/pages\/95\/revisions\/3397"}],"wp:attachment":[{"href":"https:\/\/strengthwomen.eu\/fr\/wp-json\/wp\/v2\/media?parent=95"}],"curies":[{"name":"wp","href":"https:\/\/api.w.org\/{rel}","templated":true}]}}