{"id":119,"date":"2022-01-06T12:36:19","date_gmt":"2022-01-06T12:36:19","guid":{"rendered":"http:\/\/strength.lernen-technik.de\/?page_id=119"},"modified":"2024-03-14T09:47:03","modified_gmt":"2024-03-14T09:47:03","slug":"objectives","status":"publish","type":"page","link":"https:\/\/strengthwomen.eu\/sl\/objectives\/","title":{"rendered":"Cilji"},"content":{"rendered":"<p>Projekt STRENGTH ima 4 ambiciozne cilje, ki jih je treba dose\u010di v treh letih (2021\u22122024):<\/p>\r\n\r\n\r\n\r\n<div class=\"wp-block-columns is-layout-flex wp-container-core-columns-is-layout-9d6595d7 wp-block-columns-is-layout-flex\">\r\n<div class=\"wp-block-column is-layout-flow wp-block-column-is-layout-flow\" style=\"flex-basis: 100%;\">\r\n<figure class=\"wp-block-table alignleft\">\r\n<table>\r\n<tbody>\r\n<tr>\r\n<td class=\"has-text-align-left\" data-align=\"left\"><strong>1<\/strong><\/td>\r\n<td>Pridobiti vpogled v stanje in potrebe po ukrepanju pri izvajanju evropskega okvira digitalnih kompetenc (DigiComp) med \u017eenskami z migrantskim ozadjem v osnovnem izobra\u017eevanju v partnerskih dr\u017eavah.<\/td>\r\n<\/tr>\r\n<tr>\r\n<td class=\"has-text-align-left\" data-align=\"left\"><strong>2<\/strong><\/td>\r\n<td>Razviti merila in smernice za digitalno u\u010denje pri usposabljanju \u017eensk z migrantskim  ozadjem ter jih predstaviti na uporaben na\u010din.<\/td>\r\n<\/tr>\r\n<tr>\r\n<td class=\"has-text-align-left\" data-align=\"left\"><strong>3<\/strong><\/td>\r\n<td>Razviti, preizkusiti in izvesti digitalne u\u010dne naloge pri usposabljanju \u017eensk z migrantskim ozadjem v osnovnem izobra\u017eevanju, jezikovnih te\u010dajih ali drugih usposabljanjih, usmerjenih v socialno in poklicno vklju\u010devanje.<\/td>\r\n<\/tr>\r\n<tr>\r\n<td class=\"has-text-align-left\" data-align=\"left\"><strong>4<\/strong><\/td>\r\n<td>Razviti u\u010dni na\u010drt in program usposabljanja za vodje usposabljanja in pedago\u0161ko osebje za uporabo digitalnih u\u010dnih pripomo\u010dkov v njihovem poklicnem \u017eivljenju s poudarkom na posebni ciljni skupini. Program usposabljanja bo preizku\u0161en na sre\u010danju LTTA (Learning, Teaching, Training Activities) v nem\u0161kem Dresdnu.<\/td>\r\n<\/tr>\r\n<\/tbody>\r\n<\/table>\r\n<\/figure>\r\n<\/div>\r\n<\/div>","protected":false},"excerpt":{"rendered":"<p>Projekt STRENGTH ima 4 ambiciozne cilje, ki jih je treba dose\u010di v treh letih (2021-2024): 1 pridobiti vpogled v stanje in potrebo po ukrepanju pri izvajanju evropskega okvira digitalnih kompetenc (DigComp) med \u017eenskami z migracijskim ozadjem v osnovnem izobra\u017eevanju v partnerskih dr\u017eavah, 2 razviti merila in smernice za ... <a title=\"Cilji\" class=\"read-more\" href=\"https:\/\/strengthwomen.eu\/sl\/objectives\/\" aria-label=\"Preberite ve\u010d o ciljih\">Preberi ve\u010d<\/a><\/p>","protected":false},"author":3,"featured_media":0,"parent":0,"menu_order":0,"comment_status":"closed","ping_status":"closed","template":"","meta":{"footnotes":""},"class_list":["post-119","page","type-page","status-publish"],"_links":{"self":[{"href":"https:\/\/strengthwomen.eu\/sl\/wp-json\/wp\/v2\/pages\/119","targetHints":{"allow":["GET"]}}],"collection":[{"href":"https:\/\/strengthwomen.eu\/sl\/wp-json\/wp\/v2\/pages"}],"about":[{"href":"https:\/\/strengthwomen.eu\/sl\/wp-json\/wp\/v2\/types\/page"}],"author":[{"embeddable":true,"href":"https:\/\/strengthwomen.eu\/sl\/wp-json\/wp\/v2\/users\/3"}],"replies":[{"embeddable":true,"href":"https:\/\/strengthwomen.eu\/sl\/wp-json\/wp\/v2\/comments?post=119"}],"version-history":[{"count":12,"href":"https:\/\/strengthwomen.eu\/sl\/wp-json\/wp\/v2\/pages\/119\/revisions"}],"predecessor-version":[{"id":2957,"href":"https:\/\/strengthwomen.eu\/sl\/wp-json\/wp\/v2\/pages\/119\/revisions\/2957"}],"wp:attachment":[{"href":"https:\/\/strengthwomen.eu\/sl\/wp-json\/wp\/v2\/media?parent=119"}],"curies":[{"name":"wp","href":"https:\/\/api.w.org\/{rel}","templated":true}]}}