{"id":121,"date":"2022-01-06T12:36:19","date_gmt":"2022-01-06T12:36:19","guid":{"rendered":"http:\/\/strength.lernen-technik.de\/?page_id=121"},"modified":"2024-04-16T12:28:08","modified_gmt":"2024-04-16T12:28:08","slug":"description_2","status":"publish","type":"page","link":"https:\/\/strengthwomen.eu\/sl\/description_2\/","title":{"rendered":"Opis"},"content":{"rendered":"<pre class=\"wp-block-preformatted\"><em>PROJEKTI INTEGRACIJE morajo biti usmerjeni k VKLJU\u010cEVANJU v DRU\u017dBO in SVET DELA.\n\nDIGITALNO OSNOVNO IZOBRA\u017dEVANJE je predpogoj za ENAKOPRAVNO UDELE\u017dBO v MEDIJSKI DRU\u017dBI. <\/em><\/pre>\r\n\r\n\r\n\r\n<p class=\"has-text-align-left\"><br \/>Projekt z razvojem, preizku\u0161anjem in izvajanjem digitalnih u\u010dnih pripomo\u010dkov podpira migrantke z nizkimi kvalifikacijami pri vklju\u010devanju v dru\u017ebo in svet dela.<\/p>\r\n\r\n\r\n\r\n<p class=\"has-text-align-left translation-block\">Projektna mre\u017ea pri svojem delu in oblikovanju rezultatov upo\u0161teva posebne pogoje v partnerskih dr\u017eavah \u2212 specifi\u010dnost ciljne skupine \u017eensk z migracijskim ozadjem, raznolikost dr\u017eav izvora migrantk, usmerjenost integracijskih dejavnosti s poudarkom na enakopravnem vklju\u010devanju v dru\u017ebo in\/ali delo.<\/p>","protected":false},"excerpt":{"rendered":"<p>Projekti vklju\u010devanja morajo biti usmerjeni v vklju\u010devanje v dru\u017ebo in delovno okolje. DIGITALNO OSNOVNO IZOBRA\u017dEVANJE je predpogoj za enakopravno udele\u017ebo v medijski dru\u017ebi. Projekt podpira migrantke z nizkimi kvalifikacijami pri vklju\u010devanju v dru\u017ebo in svet dela z razvojem, preizku\u0161anjem in izvajanjem digitalnih u\u010dnih ureditev. Pri svojem delu in ... <a title=\"Opis\" class=\"read-more\" href=\"https:\/\/strengthwomen.eu\/sl\/description_2\/\" aria-label=\"Preberite ve\u010d o Opis\">Preberi ve\u010d<\/a><\/p>","protected":false},"author":3,"featured_media":0,"parent":0,"menu_order":0,"comment_status":"closed","ping_status":"closed","template":"","meta":{"footnotes":""},"class_list":["post-121","page","type-page","status-publish"],"_links":{"self":[{"href":"https:\/\/strengthwomen.eu\/sl\/wp-json\/wp\/v2\/pages\/121","targetHints":{"allow":["GET"]}}],"collection":[{"href":"https:\/\/strengthwomen.eu\/sl\/wp-json\/wp\/v2\/pages"}],"about":[{"href":"https:\/\/strengthwomen.eu\/sl\/wp-json\/wp\/v2\/types\/page"}],"author":[{"embeddable":true,"href":"https:\/\/strengthwomen.eu\/sl\/wp-json\/wp\/v2\/users\/3"}],"replies":[{"embeddable":true,"href":"https:\/\/strengthwomen.eu\/sl\/wp-json\/wp\/v2\/comments?post=121"}],"version-history":[{"count":11,"href":"https:\/\/strengthwomen.eu\/sl\/wp-json\/wp\/v2\/pages\/121\/revisions"}],"predecessor-version":[{"id":3393,"href":"https:\/\/strengthwomen.eu\/sl\/wp-json\/wp\/v2\/pages\/121\/revisions\/3393"}],"wp:attachment":[{"href":"https:\/\/strengthwomen.eu\/sl\/wp-json\/wp\/v2\/media?parent=121"}],"curies":[{"name":"wp","href":"https:\/\/api.w.org\/{rel}","templated":true}]}}