{"id":124,"date":"2022-01-06T12:36:19","date_gmt":"2022-01-06T12:36:19","guid":{"rendered":"http:\/\/strength.lernen-technik.de\/?page_id=124"},"modified":"2024-09-23T10:51:01","modified_gmt":"2024-09-23T10:51:01","slug":"learning","status":"publish","type":"page","link":"https:\/\/strengthwomen.eu\/sl\/learning\/","title":{"rendered":"U\u010denje"},"content":{"rendered":"<p class=\"translation-block\">Ta u\u010dna platforma, ki je eden od rezultatov projekta STRENGTH, udele\u017eencem izobra\u017eevanja odraslih in izobra\u017eevalcem ponuja <strong>digitalne u\u010dne pripomo\u010dke, didakti\u010dno gradivo in u\u010dne na\u010drte s programom usposabljanja<\/strong>.<\/p>\r\n<p>Cilj je opolnomo\u010diti izobra\u017eevalce odraslih pri podpori, usposabljanju in vklju\u010ditvi \u017eensk z migrantskim ozadjem za uporabo digitalnega u\u010denja za la\u017ejo socialno in poklicno vklju\u010devanje v dru\u017ebo.<\/p>\r\n<p>Usposabljanje izobra\u017eevalcev odraslih je v okviru projekta koristno, saj jim bodo posodobljene u\u010dne vsebine in digitalni u\u010dni pripomo\u010dki pomagali pri njihovem vsakdanjem delu.<br \/><br \/><\/p>\r\n<h4>Ta platforma je namenjena dvema glavnima ciljnima skupinama:<\/h4>\r\n<ol>\r\n<li class=\"translation-block\"><strong>Izobra\u017eevalci odraslih <\/strong>lahko med naborom nalog poi\u0161\u010dejo digitalne naloge, ki so primerne za njihovo u\u010dno skupino. Skupaj z nalogami iz podro\u010dij socialnega in poklicnega vklju\u010devanja, jezikovnega usposabljanja in osnovnih digitalnih kompetenc prejmejo didakti\u010dno gradivo in u\u010dni na\u010drt s programom usposabljanja.<\/li>\r\n<li class=\"translation-block\"><strong>\u017denske z migrantskim ozadjem, ki so prikraj\u0161ane za  izobra\u017eevanje <\/strong> lahko spoznajo digitalne naloge, ki smo jih pripravili na temo socialne vklju\u010denosti, poklicnega vklju\u010devanja, jezikovnega usposabljanja in osnovnih digitalnih kompetenc. Uporabili smo razli\u010dne tipe nalog (npr. naloge z ve\u010d mo\u017enimi odgovori, naloge iskanje parov in naloge z vstavljanjem ustreznih besed), ki zdru\u017eujejo bralno in slu\u0161no razumevanje z digitalnimi kompetencami.<\/li>\r\n<\/ol>\r\n<p>Platforma je dostopna prek ra\u010dunalnika in pametnega telefona.<\/p>\r\n<p>Kliknite na va\u0161e u\u010dno podro\u010dje in si oglejte ponujeno vsebino.<\/p>\r\n<p>&nbsp;<\/p>\r\n\r\n\r\n<div class=\"gb-grid-wrapper gb-grid-wrapper-1bc9666d\">\r\n\r\n<div class=\"gb-grid-column gb-grid-column-160fb786\"><div class=\"gb-container gb-container-160fb786\"><div class=\"gb-inside-container\">\r\n\r\n\r\n<div class=\"wp-block-buttons is-layout-flex wp-block-buttons-is-layout-flex\">\r\n<div class=\"wp-block-button has-custom-width wp-block-button__width-100 has-custom-font-size\" style=\"font-size: 25px;\"><a class=\"wp-block-button__link has-global-color-11-background-color has-background\" style=\"border-radius: 20px;\" href=\"http:\/\/strengthwomen.eu\/sl\/adult-educators\/\"><br \/><img decoding=\"async\" width=\"110\" height=\"130\" class=\"wp-image-478\" style=\"width: 110px;\" src=\"http:\/\/strengthwomen.eu\/wp-content\/uploads\/2022\/07\/icon_teacher.png\" alt=\"\" srcset=\"https:\/\/strengthwomen.eu\/wp-content\/uploads\/2022\/07\/icon_teacher.png 589w, https:\/\/strengthwomen.eu\/wp-content\/uploads\/2022\/07\/icon_teacher-253x300.png 253w\" sizes=\"(max-width: 110px) 100vw, 110px\" \/><br \/>Izobra\u017eevalci odraslih<\/a><\/div>\r\n<\/div>\r\n<\/div><\/div><\/div>\r\n\r\n<div class=\"gb-grid-column gb-grid-column-b1a0edc3\"><div class=\"gb-container gb-container-b1a0edc3\"><div class=\"gb-inside-container\">\r\n\r\n\r\n<div class=\"wp-block-buttons is-layout-flex wp-block-buttons-is-layout-flex\">\r\n<div class=\"wp-block-button has-custom-width wp-block-button__width-100 has-custom-font-size\" style=\"font-size: 25px;\"><a class=\"wp-block-button__link has-global-color-11-background-color has-background\" style=\"border-radius: 20px;\" href=\"http:\/\/strengthwomen.eu\/sl\/learners\/\"><br \/><img decoding=\"async\" width=\"150\" height=\"131\" class=\"wp-image-477\" style=\"width: 150px;\" src=\"http:\/\/strengthwomen.eu\/wp-content\/uploads\/2022\/07\/icon_learner.png\" alt=\"\" srcset=\"https:\/\/strengthwomen.eu\/wp-content\/uploads\/2022\/07\/icon_learner.png 727w, https:\/\/strengthwomen.eu\/wp-content\/uploads\/2022\/07\/icon_learner-300x263.png 300w\" sizes=\"(max-width: 150px) 100vw, 150px\" \/> <br \/>U\u010de\u010di se odrasli<\/a><\/div>\r\n<\/div>\r\n<\/div><\/div><\/div><\/div>\r\n\r\n\r\n<div class=\"wp-block-buttons is-content-justification-center is-layout-flex wp-container-core-buttons-is-layout-16018d1d wp-block-buttons-is-layout-flex\"><\/div>\r\n\r\n\r\n<div class=\"gb-grid-wrapper gb-grid-wrapper-4b591c64\">\r\n\r\n<div class=\"gb-grid-column gb-grid-column-294422af\"><div class=\"gb-container gb-container-294422af\"><div class=\"gb-inside-container\">\r\n\r\n<\/div><\/div><\/div><\/div>\n\n<!--themify_builder_static--><!--\/themify_builder_static-->","protected":false},"excerpt":{"rendered":"<p>Ta u\u010dna platforma je eden od rezultatov projekta STRENGTH - Krepitev prilo\u017enosti za vklju\u010devanje \u017eensk z migracijskim ozadjem z digitalnim u\u010denjem. Ponuja digitalne u\u010dne ureditve, didakti\u010dno gradivo in u\u010dni na\u010drt z okvirom usposabljanja za kon\u010dne upravi\u010dence in tudi za u\u010ditelje za odrasle. Cilj je opolnomo\u010diti ... <a title=\"U\u010denje\" class=\"read-more\" href=\"https:\/\/strengthwomen.eu\/sl\/learning\/\" aria-label=\"Preberite ve\u010d o u\u010denju\">Preberi ve\u010d<\/a><\/p>","protected":false},"author":3,"featured_media":0,"parent":0,"menu_order":0,"comment_status":"closed","ping_status":"closed","template":"","meta":{"footnotes":""},"class_list":["post-124","page","type-page","status-publish"],"_links":{"self":[{"href":"https:\/\/strengthwomen.eu\/sl\/wp-json\/wp\/v2\/pages\/124","targetHints":{"allow":["GET"]}}],"collection":[{"href":"https:\/\/strengthwomen.eu\/sl\/wp-json\/wp\/v2\/pages"}],"about":[{"href":"https:\/\/strengthwomen.eu\/sl\/wp-json\/wp\/v2\/types\/page"}],"author":[{"embeddable":true,"href":"https:\/\/strengthwomen.eu\/sl\/wp-json\/wp\/v2\/users\/3"}],"replies":[{"embeddable":true,"href":"https:\/\/strengthwomen.eu\/sl\/wp-json\/wp\/v2\/comments?post=124"}],"version-history":[{"count":49,"href":"https:\/\/strengthwomen.eu\/sl\/wp-json\/wp\/v2\/pages\/124\/revisions"}],"predecessor-version":[{"id":4212,"href":"https:\/\/strengthwomen.eu\/sl\/wp-json\/wp\/v2\/pages\/124\/revisions\/4212"}],"wp:attachment":[{"href":"https:\/\/strengthwomen.eu\/sl\/wp-json\/wp\/v2\/media?parent=124"}],"curies":[{"name":"wp","href":"https:\/\/api.w.org\/{rel}","templated":true}]}}