{"id":126,"date":"2022-01-06T12:36:19","date_gmt":"2022-01-06T12:36:19","guid":{"rendered":"http:\/\/strength.lernen-technik.de\/?page_id=126"},"modified":"2024-04-24T10:56:22","modified_gmt":"2024-04-24T10:56:22","slug":"learners","status":"publish","type":"page","link":"https:\/\/strengthwomen.eu\/sl\/learners\/","title":{"rendered":"U\u010de\u010di se odrasli"},"content":{"rendered":"<p>V okviru na\u0161ega projekta smo razvili ve\u010d kot 300 brezpla\u010dnih digitalnih nalog na temo socialne vklju\u010denosti in poklicnega vklju\u010devanja, jezikovnega usposabljanja in osnovnih digitalnih kompetenc: od nalog z ve\u010d mo\u017enimi odgovori, nalog iskanje parov in naloge z vstavljanjem ustreznih besed do nalog za razumevanje branja in poslu\u0161anja.<\/p>\n<p>Digitalne vaje so na voljo za jezikovne ravni A1, A2, B1, B2 ter LLASIAM 2, 3 in 4. Uporabo digitalnih nalog morajo spremljati in pri njihovi uporabi pomagati izobra\u017eevalci odraslih.<\/p>\n<p>&nbsp;<\/p>\n<!--themify_builder_content-->\n<div id=\"themify_builder_content-126\" data-postid=\"126\" class=\"themify_builder_content themify_builder_content-126 themify_builder tf_clear\">\n                    <div  data-lazy=\"1\" class=\"module_row themify_builder_row tb_6vz0430 tb_first tf_w\">\n                        <div class=\"row_inner col_align_top tb_col_count_1 tf_box tf_rel\">\n                        <div  data-lazy=\"1\" class=\"module_column tb-column col-full tb_r4xk430 first\">\n                    <!-- module icon -->\n<div  class=\"module module-icon tb_vtk2357  xlarge  icon_horizontal tf_textc\" data-lazy=\"1\">\n\t\t\t<div class=\"module-icon-item\">\n\t\t\t\t\t\t\t\t\t\t\t\t\t\t\t\t<em class=\"tf_box\"\n\t\t\t\t\t\t\t\t\t\t\t\t style=\"background-color:#bd98af;color:#ffffff\"\t\t\t\t\t><svg  class=\"tf_fa tf-ti-user\" aria-hidden=\"true\"><use href=\"#tf-ti-user\"><\/use><\/svg><\/em>\n\t\t\t\t\t\t\t\t\t\t\t\t\t\t\t\t\t\t\t<span class=\"screen-reader-text\">Oznaka ikone<\/span>\n\t\t\t\t\t\t\t\t\t\t\t\t\t\t\t<\/div>\n\t<\/div>\n<!-- \/module icon -->\n<!-- module text -->\n<div  class=\"module module-text tb_y38m809\" data-lazy=\"1\">\n        <div  class=\"tb_text_wrap\">\n        <h4 style=\"text-align: center;\"><span style=\"font-weight: 600;\">Gremo!<\/span><\/h4>    <\/div>\n<\/div>\n<!-- \/module text -->        <\/div>\n                        <\/div>\n        <\/div>\n        <\/div>\n<!--\/themify_builder_content-->\n<div id=\"caf-post-layout-container\" class=\"caf-post-layout-container      multiple-taxonomy-filter-hor post-layout1      data-target-div1\"\r\n     data-post-type=\"learners\"\r\n     data-tax=\"language,level,topics\"\r\n     data-terms=\"language___58,language___60,language___57,language___59,level___61,level___62,level___63,level___64,level___70,level___71,level___72,topics___68,topics___67,topics___66,topics___65\"\r\n     data-per-page=\"15\"\r\n     data-selected-terms=\"language___58,language___60,language___57,language___59,level___61,level___62,level___63,level___64,level___70,level___71,level___72,topics___68,topics___67,topics___66,topics___65\"\r\n     data-filter-id=\"1608\"\r\n     data-post-layout=\"post-layout1\"\r\n     data-filter-layout=\"multiple-taxonomy-filter-hor\"\r\n     data-target-div=\"data-target-div1\"\r\n     data-relation=\"IN\"\r\n     data-default-term=\"all\"\r\n     data-scroll=\"disabled\"\r\n     data-scroll-desk=\"-100\"\r\n     data-scroll-mob=\"-100\"\r\n     current-post-id=\"126\"\r\n     data-order-by=\"title\"\r\n     data-order-type=\"asc\"\r\n     active-filters=\"on\"\r\n     active-filters-style=\"without_tax\"\r\n     ><div id=\"caf-multiple-taxonomy-filter-hor\" class='btn-enable caf-mtf-layout caf-filter-layout data-target-div1 search-layout1 srch-on caf_multi_tax3'>\r\n<select class='caf_select_multi' name='caf_select_multi'><option value='0'>Jeziki<\/option><option value='language___58' >Angle\u0161\u010dina<\/option><option value='language___60' >Francoski<\/option><option value='language___57' >Nem\u0161\u010dina<\/option><option value='language___59' >Slovenski<\/option><\/select><select class='caf_select_multi' name='caf_select_multi'><option value='0'>Ravni<\/option><option value='level___61' >A1 (za\u010detnik)<\/option><option value='level___62' >A2 (osnovno znanje)<\/option><option value='level___63' >B1 (napredna raba jezika)<\/option><option value='level___64' >B2 (samostojna raba jezika)<\/option><option value='level___70' >LASLLIAM 2 (vadba osnovnih spretnosti branja in pisanja (v drugem jeziku))<\/option><option value='level___71' >LASLLIAM 3 (urjenje naprednih spretnosti branja in pisanja (v drugem jeziku))<\/option><option value='level___72' >LASLLIAM 4 (utrjevanje spretnosti in teko\u010de branje (v drugem jeziku))<\/option><\/select><select class='caf_select_multi' name='caf_select_multi'><option value='0'>Teme<\/option><option value='topics___68' >Digitalne kompetence<\/option><option value='topics___67' >U\u010denje jezikov<\/option><option value='topics___66' >Socialna vklju\u010denost<\/option><option value='topics___65' >Svet dela<\/option><\/select><button class='caf_select_multi_btn' data-target-div='data-target-div1'>Filter<\/button><div class='caf-search-bar sr-layout1'><div class='caf-manage-search-bar'><input type='text' name='caf-search-input' id='caf-search-input' placeholder='Iskanje tukaj....' class='caf-search-input'><img id='caf-voice-search' class='caf-mic' src='https:\/\/strengthwomen.eu\/wp-content\/plugins\/category-ajax-filter-pro\/\/assets\/img\/mic.png'><input type='button' value='Iskanje' class='caf-search-sub' id='caf-search-sub'><\/div><\/div>\r\n<\/ul>\r\n <\/div>\r\n<div class='caf-active-filters'><ul><\/ul><\/div><div class='caf-manage-sorting-front'>\r\n <div class='caf-manage-sorting-wrap first-wrap'>\r\n Order By :\r\n <select class=\"caf-sort-front caf-sort-order-by\">\r\n <option value=\"author\" >Author<\/option>\r\n <option value=\"title\" selected>Title<\/option>\r\n <option value=\"ID\" >Post ID<\/option>\r\n <option value=\"date\" >Date<\/option>\r\n <option value=\"rand\" >Random<\/option>\r\n <\/select><\/div>\r\n\r\n <div class='caf-manage-sorting-wrap'>\r\n Order  :\r\n <select class=\"caf-sort-front caf-sort-order-type\">\r\n <option value=\"asc\" selected>Asc<\/option>\r\n <option value=\"desc\" >Desc<\/option>\r\n <\/select><\/div>\r\n\r\n<\/div>\r\n\r\n<div id='manage-ajax-response' class='caf-row'><div class=\"status\"><i class=\"fa fa-spinner\" aria-hidden=\"true\"><\/i><\/div><div class=\"content\"><\/div><\/div><\/div>","protected":false},"excerpt":{"rendered":"<p>V okviru na\u0161ega projekta za \u017eenske z migracijskim ozadjem smo razvili ve\u010d kot 300 brezpla\u010dnih digitalnih vaj na temo socialne vklju\u010denosti, poklicnega vklju\u010devanja, jezikovnega usposabljanja in osnovnih digitalnih spretnosti: od testov z ve\u010d mo\u017enimi odgovori, nalog za ujemanje in testov cloze do vaj za razumevanje branja in poslu\u0161anja. Digitalne vaje so na voljo v ... <a title=\"U\u010de\u010di se odrasli\" class=\"read-more\" href=\"https:\/\/strengthwomen.eu\/sl\/learners\/\" aria-label=\"Preberite ve\u010d o u\u010dencih\">Preberi ve\u010d<\/a><\/p>","protected":false},"author":3,"featured_media":0,"parent":0,"menu_order":0,"comment_status":"closed","ping_status":"closed","template":"","meta":{"footnotes":""},"class_list":["post-126","page","type-page","status-publish"],"_links":{"self":[{"href":"https:\/\/strengthwomen.eu\/sl\/wp-json\/wp\/v2\/pages\/126","targetHints":{"allow":["GET"]}}],"collection":[{"href":"https:\/\/strengthwomen.eu\/sl\/wp-json\/wp\/v2\/pages"}],"about":[{"href":"https:\/\/strengthwomen.eu\/sl\/wp-json\/wp\/v2\/types\/page"}],"author":[{"embeddable":true,"href":"https:\/\/strengthwomen.eu\/sl\/wp-json\/wp\/v2\/users\/3"}],"replies":[{"embeddable":true,"href":"https:\/\/strengthwomen.eu\/sl\/wp-json\/wp\/v2\/comments?post=126"}],"version-history":[{"count":320,"href":"https:\/\/strengthwomen.eu\/sl\/wp-json\/wp\/v2\/pages\/126\/revisions"}],"predecessor-version":[{"id":3845,"href":"https:\/\/strengthwomen.eu\/sl\/wp-json\/wp\/v2\/pages\/126\/revisions\/3845"}],"wp:attachment":[{"href":"https:\/\/strengthwomen.eu\/sl\/wp-json\/wp\/v2\/media?parent=126"}],"curies":[{"name":"wp","href":"https:\/\/api.w.org\/{rel}","templated":true}]}}