{"id":3,"date":"2022-01-04T11:12:36","date_gmt":"2022-01-04T11:12:36","guid":{"rendered":"http:\/\/strength.lernen-technik.de\/?page_id=3"},"modified":"2023-04-11T08:40:55","modified_gmt":"2023-04-11T08:40:55","slug":"privacy-policy","status":"publish","type":"page","link":"https:\/\/strengthwomen.eu\/sl\/privacy-policy\/","title":{"rendered":"Varstvo osebnih podatkov"},"content":{"rendered":"<p>Na\u0161e podjetje zelo resno obravnava varstvo osebnih podatkov. \u017delimo, da veste, kdaj hranimo katere podatke in kako jih uporabljamo. Pri ravnanju z osebnimi podatki in njihovi obdelavi upo\u0161tevamo zahteve Splo\u0161ne uredbe EU o varstvu podatkov (GDPR) in novega zveznega zakona o varstvu podatkov (DPA).<\/p>\r\n\r\n\r\n\r\n\r\n\r\n<p><strong>Podatki o uporabi<br \/><\/strong>Za uporabo na\u0161ega spletnega mesta na\u010deloma ni treba razkriti osebnih podatkov. Vsaki\u010d, ko dostopate do ene od na\u0161ih strani, se podatki o va\u0161em obisku spletnega mesta shranijo v dnevni\u0161ko datoteko. Na\u0161 spletni gostitelj nam da na voljo te dnevni\u0161ke datoteke in obdelane statisti\u010dne podatke o uporabi. Ti podatki niso osebni, zato ne moremo izslediti, kateri uporabnik je dostopal do katerih podatkov. Podatki se ne posredujejo tretjim osebam. Opozarjamo, da ima lahko prenos podatkov prek interneta (npr. pri komuniciranju po elektronski po\u0161ti) varnostne vrzeli. Popolna za\u0161\u010dita podatkov pred dostopom tretjih oseb ni mogo\u010da.<\/p>\r\n\r\n\r\n\r\n<p><strong>Kontaktni podatki<br \/><\/strong>Za dolo\u010dene ponudbe in storitve v posameznih primerih potrebujemo osebne podatke. V tem primeru bomo podatke, ki jih posredujete prostovoljno - na primer po elektronski po\u0161ti -, uporabili le za namen, ki ste ga zahtevali, na primer za vzpostavitev stika z vami. Ne bomo jih posredovali tretjim osebam.<\/p>\r\n\r\n\r\n\r\n<p><strong>Pravice posameznikov, na katere se nana\u0161ajo osebni podatki<br \/><\/strong>Posamezniki, na katere se nana\u0161ajo osebni podatki, imajo v skladu s \u010dlenom 15 ff GDPR pravico do obve\u0161\u010denosti, popravka, izbrisa, omejitve in ugovora glede obdelave svojih podatkov.<\/p>\r\n<p>Poleg tega je v skladu s \u010dl. 13(2)(c) GDPR imajo posamezniki, na katere se nana\u0161ajo osebni podatki, pravico, da v prihodnosti prekli\u010dejo svojo privolitev za obdelavo osebnih podatkov, \u010de obdelava temelji na \u010dlenu 13(2)(c) GDPR. 6(1)(a) ali \u010dl. 9(2)(a) SUVP. Zakonitost obdelave se izvaja na podlagi privolitve, dokler preklic nanjo ne vpliva. Vendar ima preklic obi\u010dajno za posledico, da namena, za katerega so bili podatki zbrani, ni mogo\u010de izpolniti. Za uveljavljanje pravic je potrebna pisna oblika. V ta namen se obrnite na nas po elektronski po\u0161ti na naslov <a href=\"mailto:bz@lernen-technik.de\">bz@lernen-technik.de<\/a>.<\/p>\r\n\r\n\r\n\r\n<p><strong>Brisanje podatkov<br \/><\/strong>Osebni podatki bodo izbrisani, \u010de namen njihovega shranjevanja ne velja ve\u010d in \u010de noben pravni standard (npr. glede zakonsko dolo\u010denega obdobja hrambe) ne zahteva hrambe podatkov. Pri tem so izpolnjene zahteve iz \u010dlena 3(1)(a) Direktive 95\/46\/ES, ki se nana\u0161ajo na varstvo osebnih podatkov. 17 GDPR v povezavi s \u010dlenom 35 BDSG. \u010ce izbris ni mogo\u010d zaradi zakonskih, pogodbenih ali komercialnih razlogov ali razlogov iz dav\u010dne zakonodaje, se lahko obdelava podatkov na zahtevo posameznika, na katerega se nana\u0161ajo osebni podatki, omeji. Za uveljavljanje pravice je potrebna pisna oblika.<\/p>\r\n\r\n\r\n\r\n<p><strong>Pravica posameznika, na katerega se nana\u0161ajo osebni podatki, do prenosljivosti podatkov<\/strong><br \/>Dru\u017eba zagotavlja pravico do prenosljivosti podatkov v skladu s \u010dl. 20 SPLO\u0160NE UREDBE O VARSTVU PODATKOV. Vsak posameznik, na katerega se nana\u0161ajo osebni podatki, ima pravico prejeti kopijo svojih pb podatkov v standardni strojno berljivi obliki datoteke.<\/p>\r\n\r\n\r\n\r\n<p><strong>Povezave do spletnih mest drugih ponudnikov<br \/><\/strong>Na\u0161a doma\u010da stran vsebuje povezave do drugih spletnih mest. Nimamo vpliva na to, ali njihovi upravljavci spo\u0161tujejo predpise o varstvu podatkov. Upo\u0161tevajte izjavo o omejitvi odgovornosti.<\/p>\r\n\r\n\r\n\r\n<p><strong>Odgovorna oseba v smislu GDPR<br \/><\/strong>Christina G\u00f6bel<\/p>\r\n\r\n\r\n\r\n<p><strong>Poobla\u0161\u010dena oseba za varstvo podatkov<\/strong><br \/>Christina G\u00f6bel, Wiener Stra\u00dfe 43, 01219 Dresden, Germany<strong><br \/><\/strong>Telefon: +49 351 4175304-0<strong><br \/><\/strong>Faks: +49 351 4175304-9<strong><br \/><\/strong>E-po\u0161ta: <a href=\"mailto:bz@lernen-technik.de\">bz@lernen-technik.de<\/a><\/p>","protected":false},"excerpt":{"rendered":"<p>Na\u0161e podjetje zelo resno obravnava varstvo osebnih podatkov. \u017delimo, da veste, kdaj hranimo katere podatke in kako jih uporabljamo. Pri ravnanju z osebnimi podatki in njihovi obdelavi upo\u0161tevamo zahteve Splo\u0161ne uredbe EU o varstvu podatkov (GDPR) in novega Zveznega zakona o varstvu podatkov (BDSG). Podatki o uporabiNa\u010deloma je treba podatke o uporabi ... <a title=\"Varstvo osebnih podatkov\" class=\"read-more\" href=\"https:\/\/strengthwomen.eu\/sl\/privacy-policy\/\" aria-label=\"Preberite ve\u010d o Izjavi o varstvu podatkov\">Preberi ve\u010d<\/a><\/p>","protected":false},"author":1,"featured_media":0,"parent":0,"menu_order":0,"comment_status":"closed","ping_status":"open","template":"","meta":{"footnotes":""},"class_list":["post-3","page","type-page","status-publish"],"_links":{"self":[{"href":"https:\/\/strengthwomen.eu\/sl\/wp-json\/wp\/v2\/pages\/3","targetHints":{"allow":["GET"]}}],"collection":[{"href":"https:\/\/strengthwomen.eu\/sl\/wp-json\/wp\/v2\/pages"}],"about":[{"href":"https:\/\/strengthwomen.eu\/sl\/wp-json\/wp\/v2\/types\/page"}],"author":[{"embeddable":true,"href":"https:\/\/strengthwomen.eu\/sl\/wp-json\/wp\/v2\/users\/1"}],"replies":[{"embeddable":true,"href":"https:\/\/strengthwomen.eu\/sl\/wp-json\/wp\/v2\/comments?post=3"}],"version-history":[{"count":6,"href":"https:\/\/strengthwomen.eu\/sl\/wp-json\/wp\/v2\/pages\/3\/revisions"}],"predecessor-version":[{"id":1186,"href":"https:\/\/strengthwomen.eu\/sl\/wp-json\/wp\/v2\/pages\/3\/revisions\/1186"}],"wp:attachment":[{"href":"https:\/\/strengthwomen.eu\/sl\/wp-json\/wp\/v2\/media?parent=3"}],"curies":[{"name":"wp","href":"https:\/\/api.w.org\/{rel}","templated":true}]}}