{"id":4,"date":"2022-01-04T10:14:30","date_gmt":"2022-01-04T10:14:30","guid":{"rendered":"http:\/\/strength.lernen-technik.de\/willkommen-auf-http-strength-lernen-technik-de\/"},"modified":"2024-12-09T10:37:09","modified_gmt":"2024-12-09T10:37:09","slug":"willkommen-auf-http-strength-lernen-technik-de","status":"publish","type":"page","link":"https:\/\/strengthwomen.eu\/sl\/","title":{"rendered":""},"content":{"rendered":"<figure class=\"wp-block-image size-large\"><img fetchpriority=\"high\" decoding=\"async\" width=\"1024\" height=\"683\" class=\"wp-image-44\" src=\"http:\/\/strengthwomen.eu\/wp-content\/uploads\/2022\/01\/iStock-1192624591-1536x1024-1-1024x683.jpg\" alt=\"\" srcset=\"https:\/\/strengthwomen.eu\/wp-content\/uploads\/2022\/01\/iStock-1192624591-1536x1024-1-1024x683.jpg 1024w, https:\/\/strengthwomen.eu\/wp-content\/uploads\/2022\/01\/iStock-1192624591-1536x1024-1-300x200.jpg 300w, https:\/\/strengthwomen.eu\/wp-content\/uploads\/2022\/01\/iStock-1192624591-1536x1024-1-768x512.jpg 768w, https:\/\/strengthwomen.eu\/wp-content\/uploads\/2022\/01\/iStock-1192624591-1536x1024-1-18x12.jpg 18w, https:\/\/strengthwomen.eu\/wp-content\/uploads\/2022\/01\/iStock-1192624591-1536x1024-1.jpg 1536w\" sizes=\"(max-width: 1024px) 100vw, 1024px\" \/><\/figure>\r\n\r\n\r\n\r\n<p class=\"translation-block\"><br>Projekt STRENGTH zagotavlja<strong> mo\u017enosti digitalnega u\u010denja<\/strong> \u017eenskam z migracijskim ozadjem, ki v novi dr\u017eavi bivanja obvladajo jezik na za\u010detni ravni in se soo\u010dajo z izobra\u017eevalnimi te\u017eavami. U\u010denke lahko neposredno dostopajo do na\u0161e strani <a href=\"https:\/\/strengthwomen.eu\/sl\/learners\/\" target=\"_self\"><strong>LEARNERS<\/strong><\/a> in najdejo ve\u010d kot 300 vaj s \u0161tirih razli\u010dnih podro\u010dij, ki spodbujajo socialno in poklicno vklju\u010denost.<\/p>\r\n<p class=\"translation-block\">Projekt STRENGTH je namenjen tudi trenerjem in u\u010diteljem, ki predlagajo <strong>didakti\u010dno gradivo in u\u010dni na\u010drt z okvirom usposabljanja<\/strong>, kako okrepiti uporabo digitalnih orodij in spletnega u\u010denja pri usposabljanju s ciljno skupino. Na ta na\u010din so oboji , u\u010ditelji in u\u010denci, podprti pri uporabi digitalnega u\u010dnega gradiva in digitalnih orodij.<\/p>\r\n<p>Projekt upo\u0161teva posebne pogoje v partnerskih dr\u017eavah, t. j. specifi\u010dno ciljno skupino \u017eensk z migrantskim ozadjem, njihovo izobrazbo in raven jezikovnih spretnosti v novi dr\u017eavi bivanja. Digitalne u\u010dne naloge, ki jih je mogo\u010de vklju\u010diti v obi\u010dajno u\u010denje, se osredoto\u010dajo na enakopravno vklju\u010devanje v dru\u017ebo in\/ali delo.<\/p>","protected":false},"excerpt":{"rendered":"<p>Projekt STRENGTH omogo\u010da digitalno u\u010denje \u017eenskam z migracijskim ozadjem, ki v novi dr\u017eavi bivanja obvladajo jezik na za\u010detni ravni in se soo\u010dajo s pomanjkljivim izobra\u017eevanjem. U\u010denke lahko neposredno dostopajo do na\u0161e strani LEARNERS in tam najdejo ve\u010d kot 300 vaj s \u0161tirih razli\u010dnih podro\u010dij, ki spodbujajo socialno in poklicno vklju\u010devanje. ... <a title=\"\" class=\"read-more\" href=\"https:\/\/strengthwomen.eu\/sl\/\" aria-label=\"Preberite ve\u010d o \">Preberi ve\u010d<\/a><\/p>","protected":false},"author":1,"featured_media":0,"parent":0,"menu_order":0,"comment_status":"closed","ping_status":"open","template":"","meta":{"footnotes":""},"class_list":["post-4","page","type-page","status-publish"],"_links":{"self":[{"href":"https:\/\/strengthwomen.eu\/sl\/wp-json\/wp\/v2\/pages\/4","targetHints":{"allow":["GET"]}}],"collection":[{"href":"https:\/\/strengthwomen.eu\/sl\/wp-json\/wp\/v2\/pages"}],"about":[{"href":"https:\/\/strengthwomen.eu\/sl\/wp-json\/wp\/v2\/types\/page"}],"author":[{"embeddable":true,"href":"https:\/\/strengthwomen.eu\/sl\/wp-json\/wp\/v2\/users\/1"}],"replies":[{"embeddable":true,"href":"https:\/\/strengthwomen.eu\/sl\/wp-json\/wp\/v2\/comments?post=4"}],"version-history":[{"count":36,"href":"https:\/\/strengthwomen.eu\/sl\/wp-json\/wp\/v2\/pages\/4\/revisions"}],"predecessor-version":[{"id":4384,"href":"https:\/\/strengthwomen.eu\/sl\/wp-json\/wp\/v2\/pages\/4\/revisions\/4384"}],"wp:attachment":[{"href":"https:\/\/strengthwomen.eu\/sl\/wp-json\/wp\/v2\/media?parent=4"}],"curies":[{"name":"wp","href":"https:\/\/api.w.org\/{rel}","templated":true}]}}