{"id":4350,"date":"2024-11-13T10:27:07","date_gmt":"2024-11-13T10:27:07","guid":{"rendered":"https:\/\/strengthwomen.eu\/didactical-materials-copy\/"},"modified":"2025-03-17T10:00:16","modified_gmt":"2025-03-17T10:00:16","slug":"curriculum","status":"publish","type":"page","link":"https:\/\/strengthwomen.eu\/sl\/curriculum\/","title":{"rendered":"U\u010dni na\u010drt in okvir usposabljanja"},"content":{"rendered":"<p>Ta u\u010dni na\u010drt in okvir usposabljanja sta namenjena ustanovam za izobra\u017eevanje odraslih, ki \u017eelijo opolnomo\u010diti svoje u\u010ditelje za podporo, kvalifikacijo in vklju\u010devanje \u017eensk z migracijskim ozadjem z uporabo digitalnega u\u010denja, kar bo omogo\u010dilo la\u017eje socialno in poklicno vklju\u010devanje. U\u010dni na\u010drt je na voljo v obliki datoteke PDF v angle\u0161kem, nem\u0161kem, francoskem in slovenskem jeziku. Okvir usposabljanja vklju\u010duje smernice za izobra\u017eevalce odraslih, gradiva za u\u010dence in predstavitve v programu PowerPoint.<\/p>\n<p>&nbsp;<\/p>\n<!--themify_builder_content-->\n<div id=\"themify_builder_content-4350\" data-postid=\"4350\" class=\"themify_builder_content themify_builder_content-4350 themify_builder tf_clear\">\n                    <div  data-lazy=\"1\" class=\"module_row themify_builder_row tb_npzo536 tb_first tf_w\">\n                        <div class=\"row_inner col_align_top tb_col_count_1 tf_box tf_rel\">\n                        <div  data-lazy=\"1\" class=\"module_column tb-column tb_3s11555 first\">\n                    <!-- module accordion -->\n<div  class=\"module module-accordion tb_7v90330\" data-behavior=\"accordion\" data-lazy=\"1\">\n    \n    <ul class=\"ui module-accordion  rounded gradient tb_default_color\">\n            <li class=\"builder-accordion-active\">\n            <div class=\"accordion-title tf_rel\">\n                <a href=\"#acc-7v90330-0\" class=\"tb_title_accordion\" aria-controls=\"acc-7v90330-0-content\" aria-expanded=\"true\">\n                                                            <span class=\"accordion-title-wrap\">U\u010dni na\u010drt in okvir usposabljanja<\/span>                <\/a>\n            <\/div><!-- .accordion-title -->\n            <div id=\"acc-7v90330-0-content\" data-id=\"acc-7v90330-0\" aria-hidden=\"false\" class=\"accordion-content tf_clearfix\">\n                        <div  data-lazy=\"1\" class=\"module_subrow themify_builder_sub_row tf_w col_align_top tb_col_count_1 tb_n41j513\">\n                <div  data-lazy=\"1\" class=\"module_column sub_column tb_fwg2514 first\">\n                            <div  data-lazy=\"1\" class=\"module_subrow themify_builder_sub_row tf_w col_align_top tb_col_count_4 tb_9wqn607\">\n                <div  data-lazy=\"1\" class=\"module_column sub_column col4-1 tb_6ogz607 first\">\n                    <!-- module box -->\n<div  class=\"module module-box tb_odkf326\" data-lazy=\"1\">\n    <div class=\"module-box-content ui rounded gradient shadow tb_default_color\">\n                <div class=\"tb_text_wrap\"><p><a href=\"https:\/\/strengthwomen.eu\/wp-content\/uploads\/2025\/03\/STRENGTH_Curricula_and_Training_Framework.pdf\" target=\"_blank\" rel=\"noopener\"><img fetchpriority=\"high\" decoding=\"async\" class=\"alignnone size-full wp-image-2384\" src=\"https:\/\/strengthwomen.eu\/wp-content\/uploads\/2024\/11\/STRENGTH_curriculum_en.png\" alt=\"\" width=\"200\" height=\"283\"><\/a><\/p>\n<h6 style=\"text-align: center;\">Englisch<\/h6>\n<\/div>\n    <\/div>\n<\/div>\n<!-- \/module box -->\n        <\/div>\n                    <div  data-lazy=\"1\" class=\"module_column sub_column col4-1 tb_qgh2607\">\n                    <!-- module box -->\n<div  class=\"module module-box tb_j4cc781\" data-lazy=\"1\">\n    <div class=\"module-box-content ui rounded gradient shadow tb_default_color\">\n                <div class=\"tb_text_wrap\"><p><a href=\"https:\/\/strengthwomen.eu\/wp-content\/uploads\/2025\/03\/STRENGTH_Programme_d\u2018etudes_et_cadre_de_formation.pdf\" target=\"_blank\" rel=\"noopener\"><img loading=\"lazy\" decoding=\"async\" class=\"alignnone size-full wp-image-2384\" src=\"https:\/\/strengthwomen.eu\/wp-content\/uploads\/2024\/11\/STRENGTH_curriculum_fr.png\" alt=\"\" width=\"200\" height=\"283\"><\/a><\/p>\n<p style=\"text-align: center;\">Francoski<\/p>\n<\/div>\n    <\/div>\n<\/div>\n<!-- \/module box -->\n        <\/div>\n                    <div  data-lazy=\"1\" class=\"module_column sub_column col4-1 tb_6rti607\">\n                    <!-- module box -->\n<div  class=\"module module-box tb_894o285\" data-lazy=\"1\">\n    <div class=\"module-box-content ui rounded gradient shadow tb_default_color\">\n                <div class=\"tb_text_wrap\"><p><a href=\"https:\/\/strengthwomen.eu\/wp-content\/uploads\/2025\/03\/STRENGTH_Ucni_nacrt_in_okvir_usposabljanja.pdf\" target=\"_blank\" rel=\"noopener\"><img loading=\"lazy\" decoding=\"async\" class=\"alignnone size-full wp-image-2384\" src=\"https:\/\/strengthwomen.eu\/wp-content\/uploads\/2024\/11\/STRENGTH_curriculum_sl.png\" alt=\"\" width=\"200\" height=\"283\"><\/a><\/p>\n<p style=\"text-align: center;\">Slovenski<\/p>\n<\/div>\n    <\/div>\n<\/div>\n<!-- \/module box -->\n        <\/div>\n                    <div  data-lazy=\"1\" class=\"module_column sub_column col4-1 tb_8ugd607 last\">\n                    <!-- module box -->\n<div  class=\"module module-box tb_ytxw619\" data-lazy=\"1\">\n    <div class=\"module-box-content ui rounded gradient shadow tb_default_color\">\n                <div class=\"tb_text_wrap\"><p><a href=\"https:\/\/strengthwomen.eu\/wp-content\/uploads\/2025\/03\/STRENGTH_Curriculum_und_Schulungsrahmen.pdf\" target=\"_blank\" rel=\"noopener\"><img loading=\"lazy\" decoding=\"async\" class=\"alignnone size-full wp-image-2384\" src=\"https:\/\/strengthwomen.eu\/wp-content\/uploads\/2024\/11\/STRENGTH_curriculum_de.png\" alt=\"\" width=\"200\" height=\"283\"><\/a><\/p>\n<p style=\"text-align: center;\">Nem\u0161\u010dina<\/p>\n<\/div>\n    <\/div>\n<\/div>\n<!-- \/module box -->\n        <\/div>\n                    <\/div>\n                <\/div>\n                    <\/div>\n                    <\/div><!-- .accordion-content -->\n        <\/li>\n        <\/ul>\n\n<\/div><!-- \/module accordion -->        <\/div>\n                        <\/div>\n        <\/div>\n                        <div  data-lazy=\"1\" class=\"module_row themify_builder_row tb_aum2061 tf_w\">\n                        <div class=\"row_inner col_align_top tb_col_count_1 tf_box tf_rel\">\n                        <div  data-lazy=\"1\" class=\"module_column tb-column col-full tb_w3cz550 first\">\n                            <\/div>\n                        <\/div>\n        <\/div>\n                        <div  data-lazy=\"1\" class=\"module_row themify_builder_row tb_uzs6500 tf_w\">\n                        <div class=\"row_inner col_align_top tb_col_count_1 tf_box tf_rel\">\n                        <div  data-lazy=\"1\" class=\"module_column tb-column col-full tb_n3jh055 first\">\n                            <\/div>\n                        <\/div>\n        <\/div>\n                        <div  data-lazy=\"1\" class=\"module_row themify_builder_row tb_5kaq350 tf_w\">\n                        <div class=\"row_inner col_align_top tb_col_count_1 tf_box tf_rel\">\n                        <div  data-lazy=\"1\" class=\"module_column tb-column col-full tb_6u2z375 first\">\n                            <\/div>\n                        <\/div>\n        <\/div>\n                        <div  data-lazy=\"1\" class=\"module_row themify_builder_row tb_t156989 tf_w\">\n                        <div class=\"row_inner col_align_top tb_col_count_1 tf_box tf_rel\">\n                        <div  data-lazy=\"1\" class=\"module_column tb-column col-full tb_0zsf950 first\">\n                            <\/div>\n                        <\/div>\n        <\/div>\n        <\/div>\n<!--\/themify_builder_content-->\n<p>&nbsp;<\/p>","protected":false},"excerpt":{"rendered":"<p>Ta u\u010dni na\u010drt in okvir usposabljanja sta namenjena ustanovam za izobra\u017eevanje odraslih, ki \u017eelijo opolnomo\u010diti svoje u\u010ditelje za podporo, kvalifikacijo in vklju\u010devanje \u017eensk z migracijskim ozadjem z uporabo digitalnega u\u010denja, kar bo omogo\u010dilo la\u017eje socialno in poklicno vklju\u010devanje. U\u010dni na\u010drt je na voljo v obliki datoteke PDF v angle\u0161kem, nem\u0161kem, francoskem in slovenskem jeziku. Okvir za usposabljanje ... <a title=\"U\u010dni na\u010drt in okvir usposabljanja\" class=\"read-more\" href=\"https:\/\/strengthwomen.eu\/sl\/curriculum\/\" aria-label=\"Preberite ve\u010d o Okviru u\u010dnega na\u010drta in usposabljanja\">Preberi ve\u010d<\/a><\/p>","protected":false},"author":5,"featured_media":0,"parent":0,"menu_order":0,"comment_status":"closed","ping_status":"closed","template":"","meta":{"footnotes":""},"class_list":["post-4350","page","type-page","status-publish"],"_links":{"self":[{"href":"https:\/\/strengthwomen.eu\/sl\/wp-json\/wp\/v2\/pages\/4350","targetHints":{"allow":["GET"]}}],"collection":[{"href":"https:\/\/strengthwomen.eu\/sl\/wp-json\/wp\/v2\/pages"}],"about":[{"href":"https:\/\/strengthwomen.eu\/sl\/wp-json\/wp\/v2\/types\/page"}],"author":[{"embeddable":true,"href":"https:\/\/strengthwomen.eu\/sl\/wp-json\/wp\/v2\/users\/5"}],"replies":[{"embeddable":true,"href":"https:\/\/strengthwomen.eu\/sl\/wp-json\/wp\/v2\/comments?post=4350"}],"version-history":[{"count":33,"href":"https:\/\/strengthwomen.eu\/sl\/wp-json\/wp\/v2\/pages\/4350\/revisions"}],"predecessor-version":[{"id":4412,"href":"https:\/\/strengthwomen.eu\/sl\/wp-json\/wp\/v2\/pages\/4350\/revisions\/4412"}],"wp:attachment":[{"href":"https:\/\/strengthwomen.eu\/sl\/wp-json\/wp\/v2\/media?parent=4350"}],"curies":[{"name":"wp","href":"https:\/\/api.w.org\/{rel}","templated":true}]}}