{"id":77,"date":"2022-11-29T07:26:39","date_gmt":"2022-11-29T07:26:39","guid":{"rendered":"http:\/\/strength.lernen-technik.de\/?page_id=77"},"modified":"2024-02-27T07:21:10","modified_gmt":"2024-02-27T07:21:10","slug":"imprint","status":"publish","type":"page","link":"https:\/\/strengthwomen.eu\/sl\/imprint\/","title":{"rendered":"Odtis"},"content":{"rendered":"<p>Bildungszentrum Lernen+Technik gGmbH Dresden<br \/>Wiener Stra\u00dfe 43<br \/>01219 Dresden, Germany<\/p>\r\n\r\n\r\n\r\n<p>Telefon: +49 351 4175304-0<br \/>Faks: +49 351 4175304-9<br \/>E-po\u0161ta: <a href=\"mailto:bz@lernen-technik.de\">bz@lernen-technik.de<\/a><\/p>\r\n\r\n\r\n\r\n<p><strong>Zastopnik:<br \/><\/strong>Dr. Steffen Krause<\/p>\r\n\r\n\r\n\r\n<p><strong>Poslovni register:<br \/><\/strong>Poslovni register<br \/>Lokalno sodi\u0161\u010de Dresden<br \/>HRB 16100<\/p>\r\n\r\n\r\n\r\n<p><strong>Slikovne pravice:<br \/><\/strong>Slike iz <a href=\"https:\/\/www.istockphoto.com\/de\">istockphoto.com<\/a> in <a href=\"https:\/\/pixabay.com\/\">pixabay<\/a> so bile uporabljene na teh straneh.<\/p>\r\n\r\n\r\n\r\n<p><strong>Zavrnitev odgovornosti<br \/><\/strong>Avtor si pridr\u017euje pravico, da ne odgovarja za aktualnost, pravilnost, popolnost ali kakovost informacij. Od\u0161kodninski zahtevki zoper avtorja, ki se nana\u0161ajo na materialno ali idejno \u0161kodo, povzro\u010deno z uporabo ali neuporabo predstavljenih informacij in\/ali z uporabo nepravilnih in nepopolnih informacij, so na\u010deloma nemogo\u010di, \u010de na strani avtorja ni mogo\u010de dokazati namerne ali grobe malomarnosti, za katero bi lahko bil kriv.<br \/>Vse ponudbe se lahko spremenijo in niso zavezujo\u010de. Del strani ali celotno publikacijo, vklju\u010dno z vsemi ponudbami in informacijami, lahko avtor raz\u0161iri, spremeni ali delno ali v celoti izbri\u0161e brez posebnega obvestila.<\/p>\r\n\r\n\r\n\r\n<p><strong>Reference in povezave<\/strong><br \/>Avtor ni odgovoren za nobeno vsebino, ki je povezana ali na katero se sklicuje z njegovih strani - razen \u010de je v celoti seznanjen z nezakonito vsebino in bi lahko obiskovalcem svojega spletnega mesta prepre\u010dil ogled teh strani.<br \/>Avtor izrecno izjavlja, da v \u010dasu ustvarjanja povezav na povezanih straneh ni bilo mogo\u010de zaznati nezakonite vsebine. Avtor nima nobenega vpliva na sedanjo in prihodnjo zasnovo, vsebino ali avtorstvo povezanih strani. Zato se izrecno distancira od vseh vsebin vseh povezanih strani, ki so bile spremenjene po vzpostavitvi povezave. Ta izjava velja za vse povezave in reference, ki so postavljene v okviru avtorjeve spletne ponudbe, ter za zunanje zapise v knjigah gostov, diskusijskih forumih, imenikih povezav, po\u0161tnih seznamih in vseh drugih oblikah baz podatkov, ki jih je vzpostavil avtor in do katerih je mogo\u010d zunanji pisarni\u0161ki dostop. Odgovornost za nezakonito, nepravilno ali nepopolno vsebino in zlasti za \u0161kodo, ki nastane zaradi uporabe ali neuporabe tak\u0161nih informacij, nosi izklju\u010dno ponudnik spletnega mesta, na katerega se sklicuje, in ne tisti, ki se na zadevno publikacijo zgolj sklicuje prek povezav.<\/p>\r\n\r\n\r\n\r\n<p><strong>Avtorske pravice<br \/><\/strong>Avtor si prizadeva spo\u0161tovati avtorske pravice za slike, grafike, zvo\u010dne dokumente, video sekvence in besedila, ki se uporabljajo v vseh publikacijah, uporabljati slike, grafike, zvo\u010dne dokumente, video sekvence in besedila, ki jih je ustvaril sam, ali uporabljati grafike, zvo\u010dne dokumente, video sekvence in besedila brez licence.<br \/>Za vsa imena blagovnih znamk in blagovne znamke, ki so omenjene na spletni strani in so morda za\u0161\u010ditene s strani tretjih oseb, brez omejitev veljajo dolo\u010dbe veljavnega zakona o blagovnih znamkah in lastninske pravice zadevnih registriranih lastnikov. Zgolj omemba blagovne znamke ne pomeni, da ni za\u0161\u010ditena s pravicami tretjih oseb!<br \/>Avtorske pravice za objavljene predmete, ki jih je ustvaril avtor sam, ima izklju\u010dno avtor strani. Brez avtorjevega soglasja ni dovoljeno podvajanje ali uporaba predmetov, kot so diagrami, zvoki ali besedila, v drugih elektronskih ali tiskanih publikacijah.<\/p>\r\n\r\n\r\n\r\n<p><strong>Varstvo podatkov<\/strong><br \/>\u010ce je dana mo\u017enost vnosa osebnih ali poslovnih podatkov (e-po\u0161tni naslovi, imena, naslovi), se ti podatki vnesejo prostovoljno. Uporaba in pla\u010dilo vseh ponujenih storitev sta dovoljena - \u010de in kolikor je to tehni\u010dno mogo\u010de in razumno - brez navedbe osebnih podatkov ali pod navedbo anonimiziranih podatkov ali vzdevka. Uporaba objavljenih po\u0161tnih naslovov, telefonskih \u0161tevilk ali \u0161tevilk telefaksa ter e-po\u0161tnih naslovov za namene tr\u017eenja je prepovedana, kr\u0161itelji, ki po\u0161iljajo ne\u017eelena ne\u017eelena sporo\u010dila, bodo kaznovani. Izrecno si pridr\u017eujemo pravico, da v primeru kr\u0161itve te prepovedi proti po\u0161iljateljem tako imenovane ne\u017eelene po\u0161te spro\u017eimo sodni postopek.<\/p>\r\n\r\n\r\n\r\n<p><strong>Pravna veljavnost te izjave o omejitvi odgovornosti<\/strong><br \/>To izjavo o omejitvi odgovornosti je treba obravnavati kot del spletne publikacije, iz katere ste bili napoteni. \u010ce deli ali posamezni izrazi te izjave niso zakoniti ali pravilni, to dejstvo ne vpliva na vsebino ali veljavnost drugih delov.<\/p>","protected":false},"excerpt":{"rendered":"<p>Bildungszentrum Lernen+Technik gGmbH DresdenWiener Stra\u00dfe 4301219 Dresden, Nem\u010dija Tel: +Steffen Krause Poslovni register:Poslovni registerLokalno sodi\u0161\u010de DresdenHRB 16100 Slikovne pravice:Na teh straneh so bile uporabljene slike iz istockphoto.com in pixabay. Izjava o izklju\u010ditvi odgovornostiAvtor si pridr\u017euje pravico, da ne odgovarja za aktualnost, pravilnost, popolnost in kakovost informacij. ... <a title=\"Odtis\" class=\"read-more\" href=\"https:\/\/strengthwomen.eu\/sl\/imprint\/\" aria-label=\"Preberite ve\u010d o Imprint\">Preberi ve\u010d<\/a><\/p>","protected":false},"author":1,"featured_media":0,"parent":0,"menu_order":0,"comment_status":"closed","ping_status":"closed","template":"","meta":{"footnotes":""},"class_list":["post-77","page","type-page","status-publish"],"_links":{"self":[{"href":"https:\/\/strengthwomen.eu\/sl\/wp-json\/wp\/v2\/pages\/77","targetHints":{"allow":["GET"]}}],"collection":[{"href":"https:\/\/strengthwomen.eu\/sl\/wp-json\/wp\/v2\/pages"}],"about":[{"href":"https:\/\/strengthwomen.eu\/sl\/wp-json\/wp\/v2\/types\/page"}],"author":[{"embeddable":true,"href":"https:\/\/strengthwomen.eu\/sl\/wp-json\/wp\/v2\/users\/1"}],"replies":[{"embeddable":true,"href":"https:\/\/strengthwomen.eu\/sl\/wp-json\/wp\/v2\/comments?post=77"}],"version-history":[{"count":23,"href":"https:\/\/strengthwomen.eu\/sl\/wp-json\/wp\/v2\/pages\/77\/revisions"}],"predecessor-version":[{"id":2376,"href":"https:\/\/strengthwomen.eu\/sl\/wp-json\/wp\/v2\/pages\/77\/revisions\/2376"}],"wp:attachment":[{"href":"https:\/\/strengthwomen.eu\/sl\/wp-json\/wp\/v2\/media?parent=77"}],"curies":[{"name":"wp","href":"https:\/\/api.w.org\/{rel}","templated":true}]}}