{"id":95,"date":"2022-01-06T12:19:23","date_gmt":"2022-01-06T12:19:23","guid":{"rendered":"http:\/\/strength.lernen-technik.de\/?page_id=95"},"modified":"2024-04-16T12:32:29","modified_gmt":"2024-04-16T12:32:29","slug":"project","status":"publish","type":"page","link":"https:\/\/strengthwomen.eu\/sl\/project\/","title":{"rendered":"Projekt"},"content":{"rendered":"<p class=\"translation-block\">Digitalna orodja in spletno u\u010denje nudijo u\u010dencem veliko mo\u017enosti za odkrivanje, raziskovanje, razumevanje in utrjevanje novih u\u010dnih vsebin. <em>\"Digitalna tehnologija ponuja mo\u017enost individualiziranega usposabljanja, ki je najvi\u0161ja oblika diferenciacije. Njen neomejen potencial nam omogo\u010da, da vsem u\u010dencem ponudimo raznolike, zabavne in \u010dustveno nabite dejavnosti ter jim tako povrnemo \u017eeljo po u\u010denju na \u010dim ve\u010d na\u010dinov\"<\/em>.<\/p>\r\n<p class=\"translation-block\">Digitalne aplikacije in spletna orodja vidimo kot primerne <strong>motorje za u\u010denje<\/strong>. Igrivi na\u010din u\u010denja, ki je mogo\u010d na digitalnem podro\u010dju, pogosto motivira u\u010dence in, kar je \u0161e pomembneje, <strong>pripelje jih do samostojnosti<\/strong>.<\/p>\r\n<p>Digitalna tehnologija je velika prilo\u017enost za vsakogar, ki jo zna izkoristiti. Da bi izkoristili vse prilo\u017enosti za vklju\u010ditev v dru\u017ebo, pa so postala <strong>digitalna znanja \u017eivljenjsko pomembna<\/strong>. Digitalna vklju\u010denost ni pomembna le za dostop do informacij o pravicah, temve\u010d tudi za zdravstveno varstvo, zaposlovanje, finan\u010dne in upravne zadeve ter izobra\u017eevanje. To za tujce ob prihodu v novo dr\u017eavo predstavlja velik izziv, sploh zaradi neznanja jezika. S tem izzivom se soo\u010da tudi na\u0161a ciljna skupina u\u010denk.<\/p>\r\n<p>Projekt STRENGTH \u017eenskam z migrantskim ozadjem, ki imajo \u017eeljo po socialni in poklicni vklju\u010denosti, ponuja <strong>digitalne u\u010dne pripomo\u010dke, didakti\u010dno gradivo in u\u010dni na\u010drt s programom usposabljanja <\/strong>za u\u010dence, vodje usposabljanj in u\u010ditelje ter podporo pri uporabi digitalnega u\u010dnega gradiva in digitalnih orodij.<\/p>\r\n<p>Projekt upo\u0161teva posebne pogoje v partnerskih dr\u017eavah, t. j. specifi\u010dno ciljno skupino \u017eensk z migrantskim ozadjem, njihovo izobrazbo in raven jezikovnih spretnosti v novi dr\u017eavi bivanja. Digitalne u\u010dne naloge, ki jih je mogo\u010de vklju\u010diti v obi\u010dajno u\u010denje, se osredoto\u010dajo na enakopravno vklju\u010devanje v dru\u017ebo in\/ali delo.<\/p>","protected":false},"excerpt":{"rendered":"<p>Digitalna orodja in spletno u\u010denje nudijo u\u010dencem veliko mo\u017enosti za odkrivanje, raziskovanje, razumevanje in utrjevanje novih u\u010dnih vsebin. \"Digitalna tehnologija ponuja mo\u017enost individualiziranega usposabljanja, ki je najvi\u0161ja oblika diferenciacije. Njen neomejen potencial nam omogo\u010da, da vsem u\u010dencem ponudimo raznolike, zabavne in \u010dustveno nabite dejavnosti ter jim tako povrnemo \u017eeljo po u\u010denju v ... <a title=\"Projekt\" class=\"read-more\" href=\"https:\/\/strengthwomen.eu\/sl\/project\/\" aria-label=\"Preberite ve\u010d o projektu\">Preberi ve\u010d<\/a><\/p>","protected":false},"author":3,"featured_media":0,"parent":0,"menu_order":0,"comment_status":"closed","ping_status":"closed","template":"","meta":{"footnotes":""},"class_list":["post-95","page","type-page","status-publish"],"_links":{"self":[{"href":"https:\/\/strengthwomen.eu\/sl\/wp-json\/wp\/v2\/pages\/95","targetHints":{"allow":["GET"]}}],"collection":[{"href":"https:\/\/strengthwomen.eu\/sl\/wp-json\/wp\/v2\/pages"}],"about":[{"href":"https:\/\/strengthwomen.eu\/sl\/wp-json\/wp\/v2\/types\/page"}],"author":[{"embeddable":true,"href":"https:\/\/strengthwomen.eu\/sl\/wp-json\/wp\/v2\/users\/3"}],"replies":[{"embeddable":true,"href":"https:\/\/strengthwomen.eu\/sl\/wp-json\/wp\/v2\/comments?post=95"}],"version-history":[{"count":13,"href":"https:\/\/strengthwomen.eu\/sl\/wp-json\/wp\/v2\/pages\/95\/revisions"}],"predecessor-version":[{"id":3397,"href":"https:\/\/strengthwomen.eu\/sl\/wp-json\/wp\/v2\/pages\/95\/revisions\/3397"}],"wp:attachment":[{"href":"https:\/\/strengthwomen.eu\/sl\/wp-json\/wp\/v2\/media?parent=95"}],"curies":[{"name":"wp","href":"https:\/\/api.w.org\/{rel}","templated":true}]}}