{"id":98,"date":"2022-01-06T12:19:23","date_gmt":"2022-01-06T12:19:23","guid":{"rendered":"http:\/\/strength.lernen-technik.de\/?page_id=98"},"modified":"2024-02-15T12:33:25","modified_gmt":"2024-02-15T12:33:25","slug":"contact","status":"publish","type":"page","link":"https:\/\/strengthwomen.eu\/sl\/contact\/","title":{"rendered":"Kontakt"},"content":{"rendered":"<p>\u010ce imate vpra\u0161anja o vsebini, se obrnite na:<\/p>\n<p><strong>NEM\u010cIJA<br \/><\/strong>Bildungszentrum Lernen+Technik gGmbH Dresden<br \/>Telefon: +49 351 417 530-40<br \/>E-po\u0161ta: <a href=\"mailto:bz@lernen-technik.de\">bz@lernen-technik.de<\/a><br \/><a href=\"https:\/\/lernen-technik.de\/\">https:\/\/lernen-technik.de\/<\/a><\/p>\n<p><strong>SLOVENIJA<br \/><\/strong>Ljudska univerza Celje<br \/>Telefon: +386 3428 67 50<br \/>E-po\u0161ta: <a href=\"mailto:info@lu-celje.si\">info@lu-celje.si<\/a><br \/><a href=\"http:\/\/www.lu-celje.si\">http:\/\/www.lu-celje.si<\/a><\/p>\n<p><strong>FRANCIJA<br \/><\/strong>CAP' ULYSSE<br \/>Telefon: +33 662874432<br \/>E-po\u0161ta: <a href=\"mailto:contact@capulysse.fr\">contact@capulysse.fr<\/a><br \/><a href=\"http:\/\/www.capulysse.fr\/en\/\">http:\/\/www.capulysse.fr\/en\/<\/a><\/p>\n<p><strong>AVSTRIJA<br \/><\/strong>ORIENT EXPRESS<br \/>Telefon: +43 01 728 97 25<br \/>E-po\u0161ta: <a href=\"mailto:office@orientexpress-wien.com\">office@orientexpress-wien.com<\/a><br \/><a href=\"http:\/\/www.orientexpress-wien.com\">http:\/\/www.orientexpress-wien.com<\/a><\/p>\n<p><strong>NEM\u010cIJA<br \/><\/strong>TUD Dresden University of Technology<br \/>CIDS \u2013 Center for Interdisciplinary Digital Sciences<br \/>Department CODIP \u2013 Center for Open Digital Innovation and Participation<br \/>Telefon: +49 351 463-35301<br \/>E-po\u0161ta: <a href=\"mailto:Thomas.Koehler@tu-dresden.de\">Thomas.Koehler@tu-dresden.de<\/a><br \/><a href=\"https:\/\/tu-dresden.de\/codip\" data-type=\"URL\" data-id=\"https:\/\/tu-dresden.de\/codip\">https:\/\/tu-dresden.de\/codip<\/a><\/p>","protected":false},"excerpt":{"rendered":"<p>\u010ce imate vpra\u0161anja v zvezi z vsebino, se obrnite na: Nem\u010dijaBildungszentrum Lernen+Technik gGmbH DresdenTel: +49 351 417 530-40Email: bz@lernen-technik.dehttps:\/\/lernen-technik.de\/ SLOVENIJudska univerza CeljeTelefon: +49 351 417 530-40Telefon: +49 351 417 530-40Email: bz@lernen-technik.dehttps:\/\/lernen-technik.de\/ SLOVENIJudska univerza CeljeTelefon: +49 351 417 530-40Email: bz@lernen-technik.dehttps:\/\/lernen-technik.de\/ SLOVENIJA 3428 67 50Email: info@lu-celje.sihttp:\/\/www.lu-celje.si FRANCECAP' ULYSSEPhone: +386 3428 67 50Email: info@lu-celje.sihttp:\/\/www.lu-celje.si FRANCECAP' ULYSSEPhone: +386 3428 67 50Email: info@lu-celje.sihttp:\/\/www.lu-celje.si +33 662874432Email: contact@capulysse.frhttp:\/\/www.capulysse.fr\/en\/ AUSTRIAORIENT EXPRESSPhone: +33 662874432Email: contact@capulysse.frhttp:\/\/www.capulysse.fr\/en\/ AUSTRIAORIENT EXPRESSPhone: +01 728 97 25Email: office@orientexpress-wien.comhttp:\/\/www.orientexpress-wien.com NEM\u010cIJATUD Dresden University of TechnologyCIDS - Center za interdisciplinarne digitalne znanostiOddelek CODIP - Center za odprto ... <a title=\"Kontakt\" class=\"read-more\" href=\"https:\/\/strengthwomen.eu\/sl\/contact\/\" aria-label=\"Preberite ve\u010d o Kontakt\">Preberi ve\u010d<\/a><\/p>","protected":false},"author":3,"featured_media":0,"parent":0,"menu_order":0,"comment_status":"closed","ping_status":"closed","template":"","meta":{"footnotes":""},"class_list":["post-98","page","type-page","status-publish"],"_links":{"self":[{"href":"https:\/\/strengthwomen.eu\/sl\/wp-json\/wp\/v2\/pages\/98","targetHints":{"allow":["GET"]}}],"collection":[{"href":"https:\/\/strengthwomen.eu\/sl\/wp-json\/wp\/v2\/pages"}],"about":[{"href":"https:\/\/strengthwomen.eu\/sl\/wp-json\/wp\/v2\/types\/page"}],"author":[{"embeddable":true,"href":"https:\/\/strengthwomen.eu\/sl\/wp-json\/wp\/v2\/users\/3"}],"replies":[{"embeddable":true,"href":"https:\/\/strengthwomen.eu\/sl\/wp-json\/wp\/v2\/comments?post=98"}],"version-history":[{"count":27,"href":"https:\/\/strengthwomen.eu\/sl\/wp-json\/wp\/v2\/pages\/98\/revisions"}],"predecessor-version":[{"id":2238,"href":"https:\/\/strengthwomen.eu\/sl\/wp-json\/wp\/v2\/pages\/98\/revisions\/2238"}],"wp:attachment":[{"href":"https:\/\/strengthwomen.eu\/sl\/wp-json\/wp\/v2\/media?parent=98"}],"curies":[{"name":"wp","href":"https:\/\/api.w.org\/{rel}","templated":true}]}}